{"id":2274,"date":"2026-02-22T13:30:49","date_gmt":"2026-02-22T12:30:49","guid":{"rendered":"https:\/\/rhinocsport.com\/detersivo-sportivo-5-l"},"modified":"2026-03-11T12:15:50","modified_gmt":"2026-03-11T11:15:50","slug":"detergente-sportivo-5-l","status":"publish","type":"product","link":"https:\/\/rhinocsport.com\/it\/prodotto\/detergente-sportivo-5-l","title":{"rendered":"DETERGENTE SPORTIVO 5 l"},"content":{"rendered":"<h3>Meno \u00e8 meglio<\/h3>\n<p>Questa formula ad alte prestazioni \u00e8 cos\u00ec concentrata che un flacone da 500 ml dura fino a 17 lavaggi e un flacone da 750 ml fino a 25 lavaggi. \u00c8 necessaria solo una piccola quantit\u00e0 per risultati eccezionali: controlla la tabella dei dosaggi prima dell&#8217;uso.<\/p>\n<h3>Vantaggi<\/h3>\n<ul>\n<li>A base di probiotici (i microrganismi rimangono attivi per 3\u20135 giorni dopo l&#8217;uso)<\/li>\n<li>Pulizia estremamente efficace: contiene almeno 50 milioni di microrganismi probiotici per ml<\/li>\n<li>Biodegradabile ed ecologico<\/li>\n<li>Efficace eliminazione degli odori, non li maschera<\/li>\n<li>Profumo fresco e di lunga durata<\/li>\n<li>Prolunga la durata e le prestazioni dell&#8217;abbigliamento sportivo<\/li>\n<li>Lunga durata di conservazione (minimo 2 anni)<\/li>\n<li>I probiotici rimangono attivi anche a basse temperature (ideale tra 30 \u00b0C e 60 \u00b0C)<\/li>\n<li>Adatto sia per l&#8217;abbigliamento sportivo che per il bucato di tutti i giorni<\/li>\n<\/ul>\n<h3>Descrizione<\/h3>\n<p>RHINOC Sport\u00ae Detersivo sportivo probiotico offre una soluzione di pulizia avanzata e sostenibile per atleti e stili di vita attivi. I microrganismi attivi penetrano in profondit\u00e0 nelle fibre per scomporre sudore, grasso e residui organici. Questo elimina gli odori sgradevoli e ripristina la freschezza, anche nei tessuti sportivi tecnici e sintetici. L&#8217;azione microscopica della formula mantiene la tua attrezzatura igienicamente pulita e traspirante, ideale per corsa, ciclismo, fitness, sport di squadra e altro.<\/p>\n<h3>Ingredienti<\/h3>\n<p>Composizione secondo le linee guida CE: 5\u201315% tensioattivi anionici, &lt;5% tensioattivi non ionici, policarbossilati, fosfonati, enzimi, Bacillus Ferment, fenossietanolo, profumo.<\/p>\n<h3>Attenzione<\/h3>\n<p>Provoca irritazione cutanea e grave irritazione agli occhi. Lavare accuratamente le mani dopo l&#8217;uso. Indossare una protezione per gli occhi. IN CASO DI CONTATTO CON GLI OCCHI: sciacquare accuratamente con acqua per diversi minuti. Rimuovere le lenti a contatto se presenti. Continuare a risciacquare. Se l&#8217;irritazione persiste: consultare un medico. Togliere gli indumenti contaminati e lavarli prima di riutilizzarli. Contiene Subtilisina (9014-01-1) \u2013 pu\u00f2 provocare una reazione allergica. Tenere fuori dalla portata dei bambini. In caso di necessit\u00e0 di consultare un medico, tenere a disposizione il contenitore o l&#8217;etichetta.<\/p>\n<h3>Sostenibilit\u00e0<\/h3>\n<ul>\n<li>Formulazione biodegradabile<\/li>\n<li>Flacone realizzato in plastica riciclata<\/li>\n<li>Senza sostanze chimiche nocive o fosfati<\/li>\n<li>Sicuro per le persone, i tessuti tecnici e il pianeta<\/li>\n<\/ul>\n","protected":false},"excerpt":{"rendered":"<p>ELIMINA ODORI DALL&#8217;ABBIGLIAMENTO SPORTIVO \u2013 DETERGENTE PROBIOTICO ULTRA-CONCENTRATO RHINOC Sport\u00ae Detersivo sportivo \u00e8 un detergente di nuova generazione progettato specificamente per l&#8217;abbigliamento sportivo. La sua formula ultra-concentrata \u00e8 potenziata da probiotici, microrganismi benefici che puliscono in profondit\u00e0 le fibre, rimuovendo sudore, sporco e odori persistenti a livello microscopico. A differenza dei detergenti convenzionali, RHINOC Sport\u00ae non si limita a mascherare gli odori, li elimina alla fonte. La coltura probiotica continua a funzionare per giorni dopo il lavaggio, contribuendo a mantenere il tuo abbigliamento sportivo fresco e igienico pi\u00f9 a lungo. Sicuro per tutti i tessuti sintetici bianchi e colorati, compresi i tessuti tecnici ad alte prestazioni con membrane tecniche.<\/p>\n<p>La formula \u00e8 biodegradabile, ecologica e aiuta persino a pulire lo scarico mentre agisce. Adatto anche per il bucato di tutti i giorni. RHINOC Sport\u00ae Detersivo sportivo \u00e8 delicato ma altamente efficace, il che lo rende ideale non solo per l&#8217;abbigliamento sportivo ma anche per il tuo bucato normale, garantendo che tutti i tessuti rimangano freschi, morbidi e senza odori.<\/p>\n","protected":false},"featured_media":3199,"comment_status":"closed","ping_status":"closed","template":"","meta":{"_acf_changed":false},"product_brand":[],"product_cat":[148,205,134],"product_tag":[],"class_list":{"0":"post-2274","1":"product","2":"type-product","3":"status-publish","4":"has-post-thumbnail","6":"product_cat-abbigliamento","7":"product_cat-detersivo-sportivo","8":"product_cat-pulisci","10":"first","11":"instock","12":"shipping-taxable","13":"product-type-simple"},"acf":[],"_links":{"self":[{"href":"https:\/\/rhinocsport.com\/it\/wp-json\/wp\/v2\/product\/2274","targetHints":{"allow":["GET"]}}],"collection":[{"href":"https:\/\/rhinocsport.com\/it\/wp-json\/wp\/v2\/product"}],"about":[{"href":"https:\/\/rhinocsport.com\/it\/wp-json\/wp\/v2\/types\/product"}],"replies":[{"embeddable":true,"href":"https:\/\/rhinocsport.com\/it\/wp-json\/wp\/v2\/comments?post=2274"}],"wp:featuredmedia":[{"embeddable":true,"href":"https:\/\/rhinocsport.com\/it\/wp-json\/wp\/v2\/media\/3199"}],"wp:attachment":[{"href":"https:\/\/rhinocsport.com\/it\/wp-json\/wp\/v2\/media?parent=2274"}],"wp:term":[{"taxonomy":"product_brand","embeddable":true,"href":"https:\/\/rhinocsport.com\/it\/wp-json\/wp\/v2\/product_brand?post=2274"},{"taxonomy":"product_cat","embeddable":true,"href":"https:\/\/rhinocsport.com\/it\/wp-json\/wp\/v2\/product_cat?post=2274"},{"taxonomy":"product_tag","embeddable":true,"href":"https:\/\/rhinocsport.com\/it\/wp-json\/wp\/v2\/product_tag?post=2274"}],"curies":[{"name":"wp","href":"https:\/\/api.w.org\/{rel}","templated":true}]}}