{"id":2087,"date":"2026-03-10T13:33:57","date_gmt":"2026-03-10T12:33:57","guid":{"rendered":"https:\/\/rhinocsport.com\/detergente-per-visiere-30-ml"},"modified":"2026-03-11T13:55:19","modified_gmt":"2026-03-11T12:55:19","slug":"pulitore-visiera-30-ml","status":"publish","type":"product","link":"https:\/\/rhinocsport.com\/it\/prodotto\/pulitore-visiera-30-ml","title":{"rendered":"PULITORE VISIERA 30 ml"},"content":{"rendered":"<h3>Descrizione<\/h3>\n<p>Il detergente per visiere RHINOC Sport AllNatural offre una pulizia rapida, senza aloni e antistatica per tutti gli occhiali e le visiere sportive. Rimuove sudore, sporco, impronte digitali e macchie senza lasciare residui, garantendo una visione cristallina, anche in condizioni estreme. Sicuro per: Tutti i tipi di lenti rivestite e non rivestite Visiere in policarbonato e acrilico Occhiali, occhiali da sole, caschi e schermi protettivi Ecologico, biodegradabile e sicuro per l&#8217;uomo, gli animali e la natura.<\/p>\n<h3>Vantaggi principali<\/h3>\n<ul>\n<li>Ingredienti naturali al 100%: senza isopropanolo<\/li>\n<li>Non tossico e sicuro per tutte le superfici rivestite di alta qualit\u00e0<\/li>\n<li>Disponibile con o senza bioetanolo naturale (a base di cereali)<\/li>\n<li>Senza aloni e antistatico<\/li>\n<li>Antiriflesso e non abrasivo<\/li>\n<li>Testato e approvato da Colts Lab USA<\/li>\n<li>Innocuo per l&#8217;uomo, gli animali e l&#8217;ambiente<\/li>\n<li>Profumo fresco e naturale<\/li>\n<\/ul>\n<h3>Ingredienti<\/h3>\n<p>Acqua, acido citrico biologico, estratti vegetali biologici. Abbiamo prodotti con bioetanolo naturale (a base di cereali) e senza bioetanolo.<\/p>\n<h3>Informazioni sulla sicurezza<\/h3>\n<p>Tenere fuori dalla portata dei bambini. Evitare il contatto con occhi, pelle e indumenti. Non mangiare, bere o fumare durante l&#8217;uso di questo prodotto. In caso di contatto con gli occhi: sciacquare accuratamente con acqua per diversi minuti. Rimuovere le lenti a contatto, se presenti e facili da fare, quindi continuare a risciacquare.<\/p>\n","protected":false},"excerpt":{"rendered":"<p>RHINOC\u00ae SPORT ALLNATURAL DETERGENTE PER VISIERE PULIZIA AD ALTE PRESTAZIONI PER OCCHIALI E VISIERE SPORTIVE<\/p>\n<p>Potente. Sicuro. 100% Naturale. Il detergente per visiere RHINOC\u00ae Sport AllNatural \u00e8 stato sviluppato appositamente per la pulizia sicura ed efficace di occhiali sportivi, visiere e caschi utilizzati nel ciclismo, nello sci, nell&#8217;hockey su ghiaccio e in altri sport ad alte prestazioni. Che tu sia un atleta professionista, un servizio di noleggio o una societ\u00e0 sportiva, una visione chiara \u00e8 essenziale, cos\u00ec come la sicurezza.<\/p>\n<p>Formulato con ingredienti naturali al 100%, questo detergente non contiene isopropanolo ed \u00e8 completamente atossico, senza aloni e antistatico. Una piccola quantit\u00e0 di bioetanolo derivato da cereali naturali garantisce una pulizia potente ma delicata, senza danneggiare rivestimenti o materiali delicati. Testato e approvato da Colts Lab USA, uno dei principali laboratori indipendenti al mondo per i test di lenti e rivestimenti. I risultati confermano: eccellenti prestazioni di pulizia, assenza di residui, assenza di abrasioni e piena sicurezza dei materiali.<\/p>\n","protected":false},"featured_media":2090,"comment_status":"closed","ping_status":"closed","template":"","meta":{"_acf_changed":false},"product_brand":[],"product_cat":[135,136,134],"product_tag":[],"class_list":{"0":"post-2087","1":"product","2":"type-product","3":"status-publish","4":"has-post-thumbnail","6":"product_cat-attrezzatura","7":"product_cat-detergente-per-visiera","8":"product_cat-pulisci","10":"first","11":"instock","12":"shipping-taxable","13":"product-type-simple"},"acf":[],"_links":{"self":[{"href":"https:\/\/rhinocsport.com\/it\/wp-json\/wp\/v2\/product\/2087","targetHints":{"allow":["GET"]}}],"collection":[{"href":"https:\/\/rhinocsport.com\/it\/wp-json\/wp\/v2\/product"}],"about":[{"href":"https:\/\/rhinocsport.com\/it\/wp-json\/wp\/v2\/types\/product"}],"replies":[{"embeddable":true,"href":"https:\/\/rhinocsport.com\/it\/wp-json\/wp\/v2\/comments?post=2087"}],"wp:featuredmedia":[{"embeddable":true,"href":"https:\/\/rhinocsport.com\/it\/wp-json\/wp\/v2\/media\/2090"}],"wp:attachment":[{"href":"https:\/\/rhinocsport.com\/it\/wp-json\/wp\/v2\/media?parent=2087"}],"wp:term":[{"taxonomy":"product_brand","embeddable":true,"href":"https:\/\/rhinocsport.com\/it\/wp-json\/wp\/v2\/product_brand?post=2087"},{"taxonomy":"product_cat","embeddable":true,"href":"https:\/\/rhinocsport.com\/it\/wp-json\/wp\/v2\/product_cat?post=2087"},{"taxonomy":"product_tag","embeddable":true,"href":"https:\/\/rhinocsport.com\/it\/wp-json\/wp\/v2\/product_tag?post=2087"}],"curies":[{"name":"wp","href":"https:\/\/api.w.org\/{rel}","templated":true}]}}