{"id":2417,"date":"2026-03-07T16:19:47","date_gmt":"2026-03-07T15:19:47","guid":{"rendered":"https:\/\/rhinocsport.com\/sports-gear-fresh-150-ml"},"modified":"2026-03-11T11:52:17","modified_gmt":"2026-03-11T10:52:17","slug":"spray-rafraichissant-pour-equipement-sportif-150-ml","status":"publish","type":"product","link":"https:\/\/rhinocsport.com\/fr\/produit\/spray-rafraichissant-pour-equipement-sportif-150-ml","title":{"rendered":"SPRAY RAFRA\u00ceCHISSANT POUR \u00c9QUIPEMENT SPORTIF 150 ml"},"content":{"rendered":"<h3>Description<\/h3>\n<p>RHINOC Sport\u00ae Gear Fresh r\u00e9duit consid\u00e9rablement les odeurs ind\u00e9sirables et l\u2019accumulation de moisissures. Il est totalement s\u00fbr \u00e0 utiliser et convient \u00e0 tous les \u00e9quipements sportifs qui ne peuvent pas \u00eatre lav\u00e9s facilement. Le vaporisateur de 150 ml produit une brume ultrafine qui s\u00e8che rapidement et peut \u00eatre appliqu\u00e9e sous n\u2019importe quel angle (360\u00b0).<\/p>\n<p>Cette formule biod\u00e9gradable est \u00e9cologique et sans danger pour la peau, ce qui la rend id\u00e9ale pour une utilisation quotidienne. Aliment\u00e9 par la technologie ProBio (probiotiques), Gear Fresh fonctionne avec des micro-organismes b\u00e9n\u00e9fiques qui emp\u00eachent la croissance des bact\u00e9ries responsables des odeurs et des moisissures. Contrairement aux vaporisateurs traditionnels qui masquent les mauvaises odeurs, RHINOC Sport\u00ae Gear Fresh s\u2019attaque au probl\u00e8me \u00e0 la source. Les probiotiques actifs continuent d\u2019agir pendant 3 \u00e0 5 jours apr\u00e8s l\u2019application, contribuant ainsi \u00e0 prolonger la dur\u00e9e de vie et la fra\u00eecheur de votre \u00e9quipement sportif.<\/p>\n<h3>Convient pour<\/h3>\n<ul>\n<li>Chaussures<\/li>\n<li>Casques<\/li>\n<li>Gi de judo \/ karat\u00e9 \/ taekwondo<\/li>\n<li>Gants de boxe et de ski<\/li>\n<li>V\u00eatements de hockey sur glace<\/li>\n<li>Patins<\/li>\n<li>Chaussures de ski<\/li>\n<li>Prot\u00e8ge-tibias<\/li>\n<li>Sacs de sport<\/li>\n<li>\u2026et tout autre \u00e9quipement difficile \u00e0 laver<\/li>\n<\/ul>\n<h3>Avantages<\/h3>\n<ul>\n<li>\u00c0 base de probiotiques (les micro-organismes restent actifs 3 \u00e0 5 jours apr\u00e8s utilisation)<\/li>\n<li>Tr\u00e8s efficace \u2013 contient au moins 50 millions de micro-organismes probiotiques par ml<\/li>\n<li>Biod\u00e9gradable et respectueux de l\u2019environnement<\/li>\n<li>Conception utilisable \u00e0 360\u00b0<\/li>\n<li>Brume ultrafine pour un s\u00e9chage rapide<\/li>\n<li>Parfum frais et propre<\/li>\n<li>Prolonge la dur\u00e9e de vie de l\u2019\u00e9quipement sportif<\/li>\n<li>Longue dur\u00e9e de conservation (minimum 2 ans)<\/li>\n<\/ul>\n<h3>Ingr\u00e9dients<\/h3>\n<p>Composition selon les directives de la C.E.\u00a0: Bacillus ferment, ph\u00e9noxy\u00e9thanol, parfum. Prot\u00e9ger du soleil. Ne pas exposer \u00e0 des temp\u00e9ratures sup\u00e9rieures \u00e0 50\u00a0\u00b0C \/ 122\u00a0\u00b0F. Tenir hors de port\u00e9e des enfants. En cas de consultation d\u2019un m\u00e9decin, garder \u00e0 disposition le r\u00e9cipient ou l\u2019\u00e9tiquette.<\/p>\n","protected":false},"excerpt":{"rendered":"<p>SOLUTIONS DE FRA\u00ceCHEUR \u2013 D\u00c9SODORISANT PROBIOTIQUE \u2013 FACILE \u00c0 APPLIQUER<\/p>\n<ul>\n<li>\u00c9limine efficacement la transpiration et les odeurs corporelles des chaussures de sport, des bottes (de ski), des gants (de ski\/boxe), des casques, des protections, des prot\u00e8ge-tibias et autres \u00e9quipements de sport ou de club.<\/li>\n<li>Procure une fra\u00eecheur durable gr\u00e2ce \u00e0 de bonnes bact\u00e9ries appel\u00e9es probiotiques.<\/li>\n<li>Vaporisateur biod\u00e9gradable \u2013 sans danger pour les personnes et l\u2019environnement.<\/li>\n<\/ul>\n","protected":false},"featured_media":2420,"comment_status":"closed","ping_status":"closed","template":"","meta":{"_acf_changed":false},"product_brand":[],"product_cat":[167,215,225,169,145],"product_tag":[],"class_list":{"0":"post-2417","1":"product","2":"type-product","3":"status-publish","4":"has-post-thumbnail","6":"product_cat-chaussures","7":"product_cat-de-sodorisant-pour-equipement-de-sport-vetements","8":"product_cat-desodorisant-pour-equipement-de-sport","9":"product_cat-rafraichir","10":"product_cat-vetements","12":"first","13":"instock","14":"shipping-taxable","15":"product-type-simple"},"acf":[],"_links":{"self":[{"href":"https:\/\/rhinocsport.com\/fr\/wp-json\/wp\/v2\/product\/2417","targetHints":{"allow":["GET"]}}],"collection":[{"href":"https:\/\/rhinocsport.com\/fr\/wp-json\/wp\/v2\/product"}],"about":[{"href":"https:\/\/rhinocsport.com\/fr\/wp-json\/wp\/v2\/types\/product"}],"replies":[{"embeddable":true,"href":"https:\/\/rhinocsport.com\/fr\/wp-json\/wp\/v2\/comments?post=2417"}],"wp:featuredmedia":[{"embeddable":true,"href":"https:\/\/rhinocsport.com\/fr\/wp-json\/wp\/v2\/media\/2420"}],"wp:attachment":[{"href":"https:\/\/rhinocsport.com\/fr\/wp-json\/wp\/v2\/media?parent=2417"}],"wp:term":[{"taxonomy":"product_brand","embeddable":true,"href":"https:\/\/rhinocsport.com\/fr\/wp-json\/wp\/v2\/product_brand?post=2417"},{"taxonomy":"product_cat","embeddable":true,"href":"https:\/\/rhinocsport.com\/fr\/wp-json\/wp\/v2\/product_cat?post=2417"},{"taxonomy":"product_tag","embeddable":true,"href":"https:\/\/rhinocsport.com\/fr\/wp-json\/wp\/v2\/product_tag?post=2417"}],"curies":[{"name":"wp","href":"https:\/\/api.w.org\/{rel}","templated":true}]}}