{"id":2394,"date":"2026-02-19T13:33:15","date_gmt":"2026-02-19T12:33:15","guid":{"rendered":"https:\/\/rhinocsport.com\/protection-au-lavage"},"modified":"2025-11-19T13:33:15","modified_gmt":"2025-11-19T12:33:15","slug":"protection-au-lavage","status":"publish","type":"product","link":"https:\/\/rhinocsport.com\/fr\/produit\/protection-au-lavage","title":{"rendered":"Protection au lavage"},"content":{"rendered":"<h3>Principaux avantages<\/h3>\n<p>Imperm\u00e9abilisation avanc\u00e9e au lavage pour v\u00eatements et \u00e9quipements de plein air. Formule brevet\u00e9e sans PFC, sans danger pour vous et la plan\u00e8te. Restaure la d\u00e9perlance durable sans activation thermique. Maintient la respirabilit\u00e9 et la performance de la membrane. Convient \u00e0 tous les tissus synth\u00e9tiques performants. Bouteille fabriqu\u00e9e \u00e0 partir de mat\u00e9riaux 100 % recycl\u00e9s. Facile \u00e0 utiliser avec le bouchon doseur.<\/p>\n<h3>Mode d&#8217;emploi<\/h3>\n<p>Dosage&nbsp;: 120&nbsp;ml (3&nbsp;bouchons) par kg de linge sec. 1&nbsp;bouchon&nbsp;=&nbsp;40&nbsp;ml. <\/p>\n<p>Application&nbsp;: Suivez toujours les instructions d\u2019entretien du fabricant. N\u2019utilisez pas de d\u00e9tergent et d\u2019agent imperm\u00e9abilisant dans le m\u00eame cycle. Lavez vos v\u00eatements comme d\u2019habitude avec une petite quantit\u00e9 de d\u00e9tergent doux et laissez-les humides dans la machine. Retirez tous les r\u00e9sidus de d\u00e9tergent du compartiment principal avant d\u2019ajouter RHINOC Sport\u00ae. Versez la quantit\u00e9 requise d\u2019agent imperm\u00e9abilisant dans le compartiment \u00e0 d\u00e9tergent principal propre. Lavez \u00e0 30&nbsp;\u00b0C sur un cycle d\u00e9licat. Retirez les v\u00eatements, essorez-les l\u00e9g\u00e8rement et s\u00e9chez-les \u00e0 l\u2019air libre.      <\/p>\n<p>Lavage \u00e0 la main&nbsp;: M\u00e9langez RHINOC Sport\u00ae avec 10&nbsp;litres d\u2019eau (voir dosage). Faites tremper les v\u00eatements pendant environ 20&nbsp;minutes. Essorez l\u00e9g\u00e8rement et s\u00e9chez \u00e0 l\u2019air libre.  <\/p>\n<p>Application \u00e0 l\u2019\u00e9ponge&nbsp;: Appliquez RHINOC Sport\u00ae uniform\u00e9ment avec une \u00e9ponge imbib\u00e9e. Testez d\u2019abord sur une zone discr\u00e8te. Convient \u00e9galement pour les tentes, les sacs \u00e0 dos et les auvents.  <\/p>\n<h3>Formule &amp; Durabilit\u00e9<\/h3>\n<ul>\n<li>\u00c0 base d\u2019eau et ininflammable<\/li>\n<li>Sans PFC\/PFAS<\/li>\n<li>Aucune activation thermique requise<\/li>\n<li>Sans danger pour l\u2019environnement et doux pour la peau<\/li>\n<li>Bouteille fabriqu\u00e9e \u00e0 partir de plastique recycl\u00e9<\/li>\n<li>Prot\u00e8ge la performance \u2013 et la plan\u00e8te<\/li>\n<\/ul>\n<h3>Ingr\u00e9dients<\/h3>\n<p>Aqua, Polysiloxanes organo-modifi\u00e9s, Butoxydiglycol, Hexyloxy\u00e9thanol, Copolym\u00e8re styr\u00e8ne acrylates, Chitosan, Acide formique.<\/p>\n<h3>Informations de s\u00e9curit\u00e9<\/h3>\n<p>Utilisez uniquement le flacon d\u2019origine. Ne pas remplir dans un r\u00e9cipient avec un embout de pulv\u00e9risation&nbsp;: la brume qui en r\u00e9sulterait pourrait provoquer des difficult\u00e9s respiratoires et pr\u00e9senter un risque pour la sant\u00e9. Tenir hors de port\u00e9e des enfants. \u00c9liminer le contenu\/r\u00e9cipient dans une installation d\u2019\u00e9limination des d\u00e9chets agr\u00e9\u00e9e.   <\/p>\n","protected":false},"excerpt":{"rendered":"<p>Imperm\u00e9abilisation avanc\u00e9e au lavage pour les textiles d\u2019ext\u00e9rieur, de sport et fonctionnels. Les v\u00eatements d\u2019ext\u00e9rieur et de performance doivent rester respirants tout en prot\u00e9geant contre le vent, la pluie et la neige. Au fil du temps, la finition hydrofuge d\u2019origine s\u2019use, ce qui r\u00e9duit les performances et le confort.  <\/p>\n<p>RHINOC Sport\u00ae WASH IMPREG restaure cette protection gr\u00e2ce \u00e0 une technologie brevet\u00e9e sans PFC qui renouvelle la d\u00e9perlance \u00e0 l\u2019eau et \u00e0 la salet\u00e9 sans affecter la respirabilit\u00e9 ni la performance de la membrane. Cette formule avanc\u00e9e est con\u00e7ue pour les tissus fonctionnels et techniques, y compris le GORE-TEX\u00ae et les membranes similaires. Elle est id\u00e9ale pour les vestes, les v\u00eatements en duvet, les chaussures, les sacs \u00e0 dos, les tentes et les parasols, mais n\u2019est pas recommand\u00e9e pour la laine m\u00e9rinos ou d\u2019autres tissus en fibres naturelles.  <\/p>\n<p>Aucune activation thermique requise. La formule se lie directement aux fibres, formant une couche hydrophobe durable qui garde votre \u00e9quipement au sec, flexible et performant par tous les temps. <\/p>\n","protected":false},"featured_media":2395,"comment_status":"closed","ping_status":"closed","template":"","meta":{"_acf_changed":false},"product_brand":[],"product_cat":[166,164,145],"product_tag":[],"class_list":{"0":"post-2394","1":"product","2":"type-product","3":"status-publish","4":"has-post-thumbnail","6":"product_cat-equipement","7":"product_cat-proteger","8":"product_cat-vetements","10":"first","11":"instock","12":"shipping-taxable","13":"product-type-simple"},"acf":[],"_links":{"self":[{"href":"https:\/\/rhinocsport.com\/fr\/wp-json\/wp\/v2\/product\/2394","targetHints":{"allow":["GET"]}}],"collection":[{"href":"https:\/\/rhinocsport.com\/fr\/wp-json\/wp\/v2\/product"}],"about":[{"href":"https:\/\/rhinocsport.com\/fr\/wp-json\/wp\/v2\/types\/product"}],"replies":[{"embeddable":true,"href":"https:\/\/rhinocsport.com\/fr\/wp-json\/wp\/v2\/comments?post=2394"}],"wp:featuredmedia":[{"embeddable":true,"href":"https:\/\/rhinocsport.com\/fr\/wp-json\/wp\/v2\/media\/2395"}],"wp:attachment":[{"href":"https:\/\/rhinocsport.com\/fr\/wp-json\/wp\/v2\/media?parent=2394"}],"wp:term":[{"taxonomy":"product_brand","embeddable":true,"href":"https:\/\/rhinocsport.com\/fr\/wp-json\/wp\/v2\/product_brand?post=2394"},{"taxonomy":"product_cat","embeddable":true,"href":"https:\/\/rhinocsport.com\/fr\/wp-json\/wp\/v2\/product_cat?post=2394"},{"taxonomy":"product_tag","embeddable":true,"href":"https:\/\/rhinocsport.com\/fr\/wp-json\/wp\/v2\/product_tag?post=2394"}],"curies":[{"name":"wp","href":"https:\/\/api.w.org\/{rel}","templated":true}]}}