{"id":2382,"date":"2026-03-05T16:05:52","date_gmt":"2026-03-05T15:05:52","guid":{"rendered":"https:\/\/rhinocsport.com\/nettoyant-universel-rfu-500-ml"},"modified":"2025-11-04T16:05:52","modified_gmt":"2025-11-04T15:05:52","slug":"nettoyant-universel-rfu-500-ml","status":"publish","type":"product","link":"https:\/\/rhinocsport.com\/fr\/produit\/nettoyant-universel-rfu-500-ml","title":{"rendered":"Nettoyant universel RFU 500 ml"},"content":{"rendered":"<h3>Description<\/h3>\n<p>Le nettoyant universel RHINOC Sport\u00ae (pr\u00eat \u00e0 l&#8217;emploi) est formul\u00e9 pour un nettoyage intensif mais s\u00fbr de tous les types de sols sportifs, tapis, \u00e9quipements et murs. Sa formule \u00e0 triple action offre une hygi\u00e8ne durable&nbsp;: <\/p>\n<ol>\n<li>Nettoyage microscopique en profondeur&nbsp;: \u00e9limine m\u00eame les r\u00e9sidus invisibles de salet\u00e9 et de sueur.<\/li>\n<li>\u00c9limination et pr\u00e9vention des odeurs&nbsp;: neutralise et pr\u00e9vient les mauvaises odeurs.<\/li>\n<li>Cr\u00e9ation d&rsquo;une microflore de surface saine&nbsp;: favorise la fra\u00eecheur et l&rsquo;\u00e9quilibre \u00e0 long terme.<\/li>\n<\/ol>\n<p>Avec plus de 50&nbsp;millions de micro-organismes probiotiques actifs par ml, ce nettoyant est l&rsquo;un des plus puissants de sa cat\u00e9gorie. Il r\u00e9duit efficacement le risque de mauvaises odeurs, de moisissures et d&rsquo;accumulation de bact\u00e9ries, gardant les espaces d&rsquo;entra\u00eenement propres et s\u00fbrs. <\/p>\n<h3>Convient pour<\/h3>\n<ul>\n<li>\u00c9quipement de fitness et de gym<\/li>\n<li>V\u00eatements et \u00e9quipements de sport<\/li>\n<li>Tables et bancs<\/li>\n<li>Tapis (judo, puzzle, gym, yoga, etc.)<\/li>\n<li>Rev\u00eatements de sol sportifs et de gym<\/li>\n<li>Murs et cloisons<\/li>\n<li>Sacs de frappe et coussinets d&rsquo;entra\u00eenement<\/li>\n<li>Toute surface ou \u00e9quipement lavable<\/li>\n<\/ul>\n<h3>Avantages<\/h3>\n<ul>\n<li>\u00c0 base de probiotiques&nbsp;: continue \u00e0 agir pendant 3 \u00e0 5&nbsp;jours apr\u00e8s utilisation<\/li>\n<li>Tr\u00e8s efficace&nbsp;: plus de 50&nbsp;millions de micro-organismes probiotiques par ml<\/li>\n<li>Nettoyage en profondeur et fra\u00eecheur longue dur\u00e9e<\/li>\n<li>Biod\u00e9gradable et sans danger pour l&rsquo;environnement<\/li>\n<li>Parfum frais et propre<\/li>\n<li>Prolonge la dur\u00e9e de vie des \u00e9quipements et des tapis<\/li>\n<li>Fine brume pour une couverture uniforme et efficace<\/li>\n<li>Pr\u00eat \u00e0 l&#8217;emploi&nbsp;: application facile et directe<\/li>\n<li>Longue dur\u00e9e de conservation (minimum 2 ans)<\/li>\n<\/ul>\n<h3>Ingr\u00e9dients<\/h3>\n<p>Composition selon les directives de la C.E.&nbsp;: &lt;5&nbsp;% de tensioactifs anioniques, Bacillus Ferment, Ph\u00e9noxy\u00e9thanol, Parfum.<\/p>\n<h3>Informations de s\u00e9curit\u00e9<\/h3>\n<p>Tenir hors de port\u00e9e des enfants. En cas de consultation d&rsquo;un m\u00e9decin, garder \u00e0 disposition le r\u00e9cipient ou l&rsquo;\u00e9tiquette. <\/p>\n<h3>Performance \u00e9cologique<\/h3>\n<ul>\n<li>Formule 100&nbsp;% biod\u00e9gradable<\/li>\n<li>Ne contient aucun produit chimique nocif ni phosphate<\/li>\n<li>B\u00e9n\u00e9fique pour l&rsquo;environnement&nbsp;: favorise l&rsquo;\u00e9quilibre microbien<\/li>\n<li>Bouteille fabriqu\u00e9e \u00e0 partir de mat\u00e9riaux recycl\u00e9s<\/li>\n<\/ul>\n","protected":false},"excerpt":{"rendered":"<p><strong>Pour tous les \u00e9quipements sportifs de votre salle de sport, club, salle de sport \u00e0 domicile ou autres<\/strong><\/p>\n<p>Le spray nettoyant universel pr\u00eat \u00e0 l&#8217;emploi RHINOC\u00ae Sport est un nettoyant \u00e9cologique (biod\u00e9gradable) pour les \u00e9quipements sportifs. Il nettoie en profondeur et a une action prolong\u00e9e gr\u00e2ce \u00e0 l&rsquo;enrichissement unique et aux effets des probiotiques. La pollution est d\u00e9grad\u00e9e par les micro-organismes. Cela \u00e9limine \u00e9galement efficacement la salet\u00e9, les taches de sueur, les odeurs de sueur et procure un parfum frais. Le nettoyant universel RHINOC\u00ae Sport est s\u00fbr \u00e0 utiliser, b\u00e9n\u00e9fique pour l&rsquo;environnement et biod\u00e9gradable.    <\/p>\n","protected":false},"featured_media":2385,"comment_status":"closed","ping_status":"closed","template":"","meta":{"_acf_changed":false},"product_brand":[],"product_cat":[166,236,144],"product_tag":[],"class_list":{"0":"post-2382","1":"product","2":"type-product","3":"status-publish","4":"has-post-thumbnail","6":"product_cat-equipement","7":"product_cat-nettoyant-universel-rfu","8":"product_cat-nettoyer","10":"first","11":"instock","12":"shipping-taxable","13":"product-type-simple"},"acf":[],"_links":{"self":[{"href":"https:\/\/rhinocsport.com\/fr\/wp-json\/wp\/v2\/product\/2382","targetHints":{"allow":["GET"]}}],"collection":[{"href":"https:\/\/rhinocsport.com\/fr\/wp-json\/wp\/v2\/product"}],"about":[{"href":"https:\/\/rhinocsport.com\/fr\/wp-json\/wp\/v2\/types\/product"}],"replies":[{"embeddable":true,"href":"https:\/\/rhinocsport.com\/fr\/wp-json\/wp\/v2\/comments?post=2382"}],"wp:featuredmedia":[{"embeddable":true,"href":"https:\/\/rhinocsport.com\/fr\/wp-json\/wp\/v2\/media\/2385"}],"wp:attachment":[{"href":"https:\/\/rhinocsport.com\/fr\/wp-json\/wp\/v2\/media?parent=2382"}],"wp:term":[{"taxonomy":"product_brand","embeddable":true,"href":"https:\/\/rhinocsport.com\/fr\/wp-json\/wp\/v2\/product_brand?post=2382"},{"taxonomy":"product_cat","embeddable":true,"href":"https:\/\/rhinocsport.com\/fr\/wp-json\/wp\/v2\/product_cat?post=2382"},{"taxonomy":"product_tag","embeddable":true,"href":"https:\/\/rhinocsport.com\/fr\/wp-json\/wp\/v2\/product_tag?post=2382"}],"curies":[{"name":"wp","href":"https:\/\/api.w.org\/{rel}","templated":true}]}}