{"id":2347,"date":"2026-02-24T14:49:15","date_gmt":"2026-02-24T13:49:15","guid":{"rendered":"https:\/\/rhinocsport.com\/lessive-duvet-et-laine-merinos-5-l"},"modified":"2025-12-22T14:49:15","modified_gmt":"2025-12-22T13:49:15","slug":"lessive-duvet-et-laine-merinos-5-l","status":"publish","type":"product","link":"https:\/\/rhinocsport.com\/fr\/produit\/lessive-duvet-et-laine-merinos-5-l","title":{"rendered":"Lessive duvet et laine m\u00e9rinos 5 L"},"content":{"rendered":"<h3>Principaux avantages<\/h3>\n<ul>\n<li>Nettoyage hygi\u00e9nique et doux pour les mati\u00e8res d\u00e9licates<\/li>\n<li>Emp\u00eache le duvet et les fibres de s&rsquo;agglutiner et de coller<\/li>\n<li>Maintient l&rsquo;isolation, la douceur et la respirabilit\u00e9<\/li>\n<li>Restaure le gonflant et les performances des v\u00eatements d&rsquo;ext\u00e9rieur<\/li>\n<li>Convient pour le lavage \u00e0 la main et en machine<\/li>\n<li>Bouteille fabriqu\u00e9e \u00e0 partir de mat\u00e9riaux 100 % recycl\u00e9s<\/li>\n<li>Facile \u00e0 utiliser gr\u00e2ce au bouchon doseur int\u00e9gr\u00e9<\/li>\n<li>Fabriqu\u00e9 en Europe \u2013 500 ml<\/li>\n<\/ul>\n<h3>Mode d&#8217;emploi<\/h3>\n<p>Dosage&nbsp;: 20\u201340 ml (\u00bd\u20131 bouchon) par 2,5 kg de linge sec 1 bouchon = 40 ml<\/p>\n<p>Lavage en machine&nbsp;:<\/p>\n<ol>\n<li>Suivez toujours les instructions d&rsquo;entretien du v\u00eatement.<\/li>\n<li>Retournez les articles \u00e0 l&rsquo;envers avant de les laver.<\/li>\n<li>Chargez la machine \u00e0 laver avec un maximum de 2,5 kg.<\/li>\n<li>S\u00e9lectionnez un cycle d\u00e9licat ou pour textiles d\u00e9licats.<\/li>\n<li>Essorez \u00e0 400 tr\/min max. <\/li>\n<li>S\u00e9chez au s\u00e8che-linge avec des balles de s\u00e9chage pour de meilleurs r\u00e9sultats.<\/li>\n<\/ol>\n<p>Conseil&nbsp;: apr\u00e8s le s\u00e9chage, frottez le daim avec une brosse et polissez le cuir lisse pour am\u00e9liorer la d\u00e9perlance.<\/p>\n<h3>Formule &amp; Durabilit\u00e9<\/h3>\n<ul>\n<li>\u00c0 base d&rsquo;eau, ininflammable, sans gaz propulseur<\/li>\n<li>100&nbsp;% sans PFC\/PFAS<\/li>\n<li>Respectueux de l&rsquo;environnement et sans danger pour la peau<\/li>\n<li>Bouteille fabriqu\u00e9e \u00e0 partir de plastique recycl\u00e9<\/li>\n<li>Prot\u00e8ge les performances \u2014 et la plan\u00e8te<\/li>\n<\/ul>\n<h3>Ingr\u00e9dients<\/h3>\n<p>Aqua, Laureth-7, Alcohol, Sodium Laureth Sulfate, PEG-4 Rapeseedamide, Sodium Olivate, Tetrasodium Glutamate Diacetate, Monosodium Citrate, Sodium Chloride, Parfum, Coco-Glucoside, Glycol Distearate, Vegetable Oil, Prunus Amygdalus Dulcis Oil, Amylase, Cellulase. Contient 5\u201315&nbsp;% de tensioactifs anioniques, de tensioactifs non ioniques, &lt;5&nbsp;% de savon, des enzymes, du parfum, de l&rsquo;amylase, de la cellulase. <\/p>\n<p>Pour des informations d\u00e9taill\u00e9es sur les ingr\u00e9dients, veuillez consulter les fiches de donn\u00e9es de s\u00e9curit\u00e9 sur notre site Web.<\/p>\n<h3>Informations de s\u00e9curit\u00e9<\/h3>\n<p>Provoque une s\u00e9v\u00e8re irritation des yeux. Tenir hors de port\u00e9e des enfants. EN CAS DE CONTACT AVEC LES YEUX&nbsp;: rincer avec pr\u00e9caution \u00e0 l&rsquo;eau pendant plusieurs minutes. Retirer les lentilles de contact si la victime en porte et si elles peuvent \u00eatre facilement enlev\u00e9es. Continuer \u00e0 rincer. Si l&rsquo;irritation persiste, consulter un m\u00e9decin. \u00c9liminer le contenu\/r\u00e9cipient dans une installation d&rsquo;\u00e9limination des d\u00e9chets agr\u00e9\u00e9e.     <\/p>\n<p>Des r\u00e9sultats de nettoyage professionnels, directement chez vous. La formule RHINOC Sport\u00ae \u00e0 base de plantes se rince facilement, emp\u00eachant l&rsquo;agglutination et l&rsquo;accumulation dans le duvet ou les fibres. Les balles de s\u00e9chage incluses, fabriqu\u00e9es \u00e0 partir de laine feutr\u00e9e naturelle, s\u00e9parent d\u00e9licatement le rembourrage pendant le s\u00e9chage, restaurant le volume, la douceur et l&rsquo;isolation. Bien s\u00fbr, vous pouvez \u00e9galement utiliser les balles de s\u00e9chage que vous poss\u00e9dez d\u00e9j\u00e0&nbsp;! R\u00e9sultat&nbsp;: des performances fra\u00eeches et l\u00e9g\u00e8res pour vos \u00e9quipements en duvet, synth\u00e9tiques ou en m\u00e9rinos \u2014 afin que vos v\u00eatements fonctionnels restent tels qu&rsquo;ils ont \u00e9t\u00e9 con\u00e7us&nbsp;: l\u00e9gers, chauds et performants.    <\/p>\n","protected":false},"excerpt":{"rendered":"<p>Un soin performant pour le duvet, le m\u00e9rinos et les tissus de haute technologie. Les textiles d&rsquo;ext\u00e9rieur et fonctionnels comme le duvet, la laine m\u00e9rinos et les membranes performantes exigent un soin particulier. La transpiration, la salet\u00e9 et les odeurs peuvent affecter la respirabilit\u00e9 et l&rsquo;isolation au fil du temps \u2014 et les d\u00e9tergents agressifs peuvent endommager les fibres d\u00e9licates.  <\/p>\n<p>C&rsquo;est pourquoi RHINOC Sport\u00ae a d\u00e9velopp\u00e9 DOWN &amp; MERINO WASH&nbsp;: une lessive sp\u00e9cialis\u00e9e haute performance, sans PFC, con\u00e7ue pour un nettoyage hygi\u00e9nique mais doux des mati\u00e8res sensibles. La formule de nettoyage avanc\u00e9e \u00e9limine efficacement la transpiration, la salet\u00e9 et les odeurs tout en emp\u00eachant l&rsquo;agglutination ou le collage du duvet et de l&rsquo;isolation synth\u00e9tique. Elle restaure le gonflant naturel, la chaleur et la respirabilit\u00e9 de vos \u00e9quipements de sport et d&rsquo;ext\u00e9rieur \u2014 les gardant frais, l\u00e9gers et performants au mieux de leurs capacit\u00e9s. Parfait pour les vestes en duvet, les sacs de couchage, les sous-couches en m\u00e9rinos et tous les v\u00eatements de haute technologie avec des membranes fonctionnelles.   <\/p>\n","protected":false},"featured_media":3191,"comment_status":"closed","ping_status":"closed","template":"","meta":{"_acf_changed":false},"product_brand":[],"product_cat":[166,199,224,144,145],"product_tag":[],"class_list":{"0":"post-2347","1":"product","2":"type-product","3":"status-publish","4":"has-post-thumbnail","6":"product_cat-equipement","7":"product_cat-lessive-laine-et-duvet-merinos-vetements","8":"product_cat-lessive-laine-et-duvet-merinos","9":"product_cat-nettoyer","10":"product_cat-vetements","12":"first","13":"instock","14":"shipping-taxable","15":"product-type-simple"},"acf":[],"_links":{"self":[{"href":"https:\/\/rhinocsport.com\/fr\/wp-json\/wp\/v2\/product\/2347","targetHints":{"allow":["GET"]}}],"collection":[{"href":"https:\/\/rhinocsport.com\/fr\/wp-json\/wp\/v2\/product"}],"about":[{"href":"https:\/\/rhinocsport.com\/fr\/wp-json\/wp\/v2\/types\/product"}],"replies":[{"embeddable":true,"href":"https:\/\/rhinocsport.com\/fr\/wp-json\/wp\/v2\/comments?post=2347"}],"wp:featuredmedia":[{"embeddable":true,"href":"https:\/\/rhinocsport.com\/fr\/wp-json\/wp\/v2\/media\/3191"}],"wp:attachment":[{"href":"https:\/\/rhinocsport.com\/fr\/wp-json\/wp\/v2\/media?parent=2347"}],"wp:term":[{"taxonomy":"product_brand","embeddable":true,"href":"https:\/\/rhinocsport.com\/fr\/wp-json\/wp\/v2\/product_brand?post=2347"},{"taxonomy":"product_cat","embeddable":true,"href":"https:\/\/rhinocsport.com\/fr\/wp-json\/wp\/v2\/product_cat?post=2347"},{"taxonomy":"product_tag","embeddable":true,"href":"https:\/\/rhinocsport.com\/fr\/wp-json\/wp\/v2\/product_tag?post=2347"}],"curies":[{"name":"wp","href":"https:\/\/api.w.org\/{rel}","templated":true}]}}