{"id":2320,"date":"2026-03-09T13:33:44","date_gmt":"2026-03-09T12:33:44","guid":{"rendered":"https:\/\/rhinocsport.com\/nettoyant-visiere-30-ml-marque-privee"},"modified":"2026-03-11T13:59:59","modified_gmt":"2026-03-11T12:59:59","slug":"nettoyant-visiere-30-ml-marque-de-distributeur","status":"publish","type":"product","link":"https:\/\/rhinocsport.com\/fr\/produit\/nettoyant-visiere-30-ml-marque-de-distributeur","title":{"rendered":"Nettoyant Visi\u00e8re 30 ml Marque de distributeur"},"content":{"rendered":"<p>Le nettoyant pour visi\u00e8res RHINOC Sport AllNatural offre un nettoyage rapide, antistatique et sans traces pour toutes les lunettes et visi\u00e8res de sport. Il \u00e9limine la sueur, la salet\u00e9, les empreintes digitales et les taches sans laisser de r\u00e9sidus, assurant une vision parfaitement claire, m\u00eame dans des conditions extr\u00eames. S\u00fbr pour\u00a0: Tous les types de lentilles trait\u00e9es et non trait\u00e9es Visi\u00e8res en polycarbonate et en acrylique Lunettes, lunettes de soleil, casques et \u00e9crans de protection Respectueux de l\u2019environnement, biod\u00e9gradable et sans danger pour les humains, les animaux et la nature.<\/p>\n<h3>Principaux avantages<\/h3>\n<ul>\n<li>Ingr\u00e9dients 100\u00a0% naturels \u2013 sans isopropanol<\/li>\n<li>Non toxique et sans danger pour toutes les surfaces trait\u00e9es de qualit\u00e9 sup\u00e9rieure<\/li>\n<li>Disponible avec ou sans bio\u00e9thanol naturel (\u00e0 base de c\u00e9r\u00e9ales)<\/li>\n<li>Sans traces et antistatique<\/li>\n<li>Antireflet et non abrasif<\/li>\n<li>Test\u00e9 et approuv\u00e9 par Colts Lab USA<\/li>\n<li>Inoffensif pour les humains, les animaux et l\u2019environnement<\/li>\n<li>Parfum frais et naturel<\/li>\n<\/ul>\n<h3>Ingr\u00e9dients<\/h3>\n<p>Eau, acide citrique organique, extraits de plantes organiques. Nous avons des produits avec du bio\u00e9thanol naturel (\u00e0 base de c\u00e9r\u00e9ales) et sans bio\u00e9thanol.<\/p>\n<h3>Informations de s\u00e9curit\u00e9<\/h3>\n<p>Tenir hors de port\u00e9e des enfants. \u00c9viter tout contact avec les yeux, la peau et les v\u00eatements. Ne pas manger, boire ou fumer pendant l\u2019utilisation de ce produit. En cas de contact avec les yeux\u00a0: rincer soigneusement \u00e0 l\u2019eau pendant plusieurs minutes. Retirer les lentilles de contact si la personne en porte et si elles peuvent \u00eatre facilement enlev\u00e9es, puis continuer \u00e0 rincer.<\/p>\n","protected":false},"excerpt":{"rendered":"<p>NETTOYANT POUR VISI\u00c8RES RHINOC\u00ae SPORT ALLNATURAL NETTOYAGE HAUTE PERFORMANCE POUR LUNETTES ET VISI\u00c8RES DE SPORT<\/p>\n<p>Puissant. S\u00fbr. 100\u00a0% naturel. Le nettoyant pour visi\u00e8res RHINOC\u00ae Sport AllNatural est sp\u00e9cialement con\u00e7u pour le nettoyage s\u00fbr et efficace des lunettes de sport, des visi\u00e8res et des casques utilis\u00e9s dans le cyclisme, le ski, le hockey sur glace et d\u2019autres sports de haute performance. Que vous soyez un athl\u00e8te professionnel, un service de location ou un club de sport, une vision claire est essentielle, tout comme la s\u00e9curit\u00e9.<\/p>\n<p>Formul\u00e9 avec des ingr\u00e9dients 100\u00a0% naturels, ce nettoyant ne contient pas d\u2019isopropanol et est totalement non toxique, sans traces et antistatique. Une petite quantit\u00e9 de bio\u00e9thanol d\u00e9riv\u00e9 de c\u00e9r\u00e9ales naturelles assure un nettoyage puissant mais doux, sans endommager les rev\u00eatements ou les mat\u00e9riaux d\u00e9licats. Test\u00e9 et approuv\u00e9 par Colts Lab USA, l\u2019un des plus grands laboratoires ind\u00e9pendants au monde pour les tests de lentilles et de rev\u00eatements. Les r\u00e9sultats confirment\u00a0: excellente performance de nettoyage, pas de r\u00e9sidus, pas d\u2019abrasion et s\u00e9curit\u00e9 totale des mat\u00e9riaux.<\/p>\n","protected":false},"featured_media":2321,"comment_status":"closed","ping_status":"closed","template":"","meta":{"_acf_changed":false},"product_brand":[],"product_cat":[166,220,144],"product_tag":[],"class_list":{"0":"post-2320","1":"product","2":"type-product","3":"status-publish","4":"has-post-thumbnail","6":"product_cat-equipement","7":"product_cat-nettoyant-visiere","8":"product_cat-nettoyer","10":"first","11":"instock","12":"shipping-taxable","13":"product-type-simple"},"acf":[],"_links":{"self":[{"href":"https:\/\/rhinocsport.com\/fr\/wp-json\/wp\/v2\/product\/2320","targetHints":{"allow":["GET"]}}],"collection":[{"href":"https:\/\/rhinocsport.com\/fr\/wp-json\/wp\/v2\/product"}],"about":[{"href":"https:\/\/rhinocsport.com\/fr\/wp-json\/wp\/v2\/types\/product"}],"replies":[{"embeddable":true,"href":"https:\/\/rhinocsport.com\/fr\/wp-json\/wp\/v2\/comments?post=2320"}],"wp:featuredmedia":[{"embeddable":true,"href":"https:\/\/rhinocsport.com\/fr\/wp-json\/wp\/v2\/media\/2321"}],"wp:attachment":[{"href":"https:\/\/rhinocsport.com\/fr\/wp-json\/wp\/v2\/media?parent=2320"}],"wp:term":[{"taxonomy":"product_brand","embeddable":true,"href":"https:\/\/rhinocsport.com\/fr\/wp-json\/wp\/v2\/product_brand?post=2320"},{"taxonomy":"product_cat","embeddable":true,"href":"https:\/\/rhinocsport.com\/fr\/wp-json\/wp\/v2\/product_cat?post=2320"},{"taxonomy":"product_tag","embeddable":true,"href":"https:\/\/rhinocsport.com\/fr\/wp-json\/wp\/v2\/product_tag?post=2320"}],"curies":[{"name":"wp","href":"https:\/\/api.w.org\/{rel}","templated":true}]}}