{"id":2166,"date":"2026-02-27T14:52:53","date_gmt":"2026-02-27T13:52:53","guid":{"rendered":"https:\/\/rhinocsport.com\/nettoyant-universel-concentre-1-l"},"modified":"2025-10-29T14:52:53","modified_gmt":"2025-10-29T13:52:53","slug":"nettoyant-universel-concentre-1-l","status":"publish","type":"product","link":"https:\/\/rhinocsport.com\/fr\/produit\/nettoyant-universel-concentre-1-l","title":{"rendered":"Nettoyant universel concentr\u00e9 1 L"},"content":{"rendered":"<p><strong>Le nettoyant universel concentr\u00e9 RHINOC Sport\u00ae<\/strong> assure un nettoyage puissant et durable pour&nbsp;:<\/p>\n<ul>\n<li>Les sols et tapis de sport (par exemple, les tapis de judo, puzzle, de gym et de yoga)<\/li>\n<li>Les sacs et coussins de frappe<\/li>\n<li>Les tables, les bancs et l\u2019\u00e9quipement de fitness<\/li>\n<li>Les murs et autres surfaces lavables<\/li>\n<\/ul>\n<p>Sa <strong>performance \u00e0 triple action<\/strong> assure une hygi\u00e8ne optimale&nbsp;:<\/p>\n<ol>\n<li><strong>Nettoyage microscopique en profondeur<\/strong>&nbsp;: \u00e9limine m\u00eame la salet\u00e9 et l\u2019accumulation invisibles.<\/li>\n<li><strong>\u00c9limination et pr\u00e9vention des odeurs<\/strong>&nbsp;: neutralise les odeurs de transpiration au lieu de les masquer.<\/li>\n<li><strong>Protection de la microflore<\/strong>&nbsp;: \u00e9tablit un \u00e9quilibre de surface s\u00fbr et sain.<\/li>\n<\/ol>\n<p>Sans danger pour les humains, les surfaces et l\u2019environnement.<\/p>\n<h3>Comment \u00e7a marche<\/h3>\n<p>Contrairement aux nettoyants chimiques classiques qui ne font que masquer les odeurs, RHINOC Sport\u00ae exploite le pouvoir nettoyant des bact\u00e9ries b\u00e9n\u00e9fiques.<br \/>\nAvec plus de 50&nbsp;millions de micro-organismes probiotiques actifs par millilitre, le nettoyant p\u00e9n\u00e8tre profond\u00e9ment dans les pores microscopiques des surfaces o\u00f9 la sueur et la salet\u00e9 s\u2019accumulent.<br \/>\nCes cultures actives d\u00e9composent la mati\u00e8re organique et restaurent une microflore \u00e9quilibr\u00e9e qui emp\u00eache naturellement les odeurs et la croissance bact\u00e9rienne, m\u00eame des jours apr\u00e8s l\u2019utilisation.<br \/>\nLe r\u00e9sultat&nbsp;: un environnement plus propre, plus frais et plus sain, sans r\u00e9sidus nocifs.<\/p>\n<h3>Convient pour<\/h3>\n<p>\u2022 L\u2019\u00e9quipement et les appareils d\u2019entra\u00eenement<br \/>\n\u2022 Les v\u00eatements et accessoires de sport<br \/>\n\u2022 Les tapis et rev\u00eatements de sol (judo, yoga, fitness, tapis puzzle, etc.)<br \/>\n\u2022 Les sacs et boucliers de frappe<br \/>\n\u2022 Les murs, les bancs, les tables et les vestiaires<br \/>\n\u2022 Tous les environnements sportifs lavables<\/p>\n<h3>Avantages<\/h3>\n<p>\u2022 \u00c0 base de probiotiques (continue \u00e0 agir 3 \u00e0 5&nbsp;jours apr\u00e8s utilisation)<br \/>\n\u2022 Plus de 50&nbsp;millions de micro-organismes actifs par ml<br \/>\n\u2022 Tr\u00e8s concentr\u00e9 et longue dur\u00e9e<br \/>\n\u2022 Biod\u00e9gradable et \u00e9cologique<br \/>\n\u2022 Parfum frais et propre<br \/>\n\u2022 Prolonge la dur\u00e9e de vie des surfaces et de l\u2019\u00e9quipement<br \/>\n\u2022 Longue dur\u00e9e de conservation (minimum 2&nbsp;ans)<\/p>\n<h3>Utilisation et dilution<\/h3>\n<p>M\u00e9thodes d\u2019application&nbsp;: pulv\u00e9risation, seau ou lingettes pr\u00e9-humidifi\u00e9es<\/p>\n<h3>Application par pulv\u00e9risation<\/h3>\n<p>Dilution&nbsp;: 40&nbsp;ml (environ 4&nbsp;bouchons) par 500&nbsp;ml d\u2019eau ti\u00e8de<\/p>\n<ul>\n<li>Remplissez un flacon pulv\u00e9risateur avec la solution<\/li>\n<li>Appliquez uniform\u00e9ment sur les surfaces avec une fine brume<\/li>\n<li>Essuyez avec un chiffon absorbant ou en microfibre<\/li>\n<li>1&nbsp;L de concentr\u00e9 = environ 25&nbsp;recharges de flacons pulv\u00e9risateurs (500&nbsp;ml chacun) <\/li>\n<\/ul>\n<h3>Application au seau<\/h3>\n<ul>\n<li>Dilution&nbsp;:\n<ul>\n<li>Nettoyage normal&nbsp;: 100&nbsp;ml par 10&nbsp;L d\u2019eau<\/li>\n<li>Nettoyage intensif&nbsp;: 300&nbsp;ml par 10&nbsp;L d\u2019eau<\/li>\n<\/ul>\n<\/li>\n<li>M\u00e9langez dans de l\u2019eau ti\u00e8de et appliquez avec une vadrouille ou un chiffon<\/li>\n<li>Laissez s\u00e9cher \u00e0 l\u2019air libre<\/li>\n<\/ul>\n<h3>Lingettes pr\u00e9-humidifi\u00e9es<\/h3>\n<ul>\n<li>Dilution&nbsp;: identique \u00e0 l\u2019utilisation au seau (100 \u00e0 300&nbsp;ml par 10&nbsp;L d\u2019eau)<\/li>\n<li>Faites tremper jusqu\u2019\u00e0 15&nbsp;chiffons<\/li>\n<li>Utilisez comme des lingettes de nettoyage ordinaires<\/li>\n<\/ul>\n<p><strong>Remarque<\/strong>&nbsp;: utilisez le produit dilu\u00e9 dans les 3&nbsp;jours. Jetez la solution r\u00e9siduelle dans le drain&nbsp;: elle continue de nettoyer vos canalisations naturellement. <\/p>\n<h3>Stockage et manipulation<\/h3>\n<ul>\n<li>Conservez entre 5&nbsp;\u00b0C et 40&nbsp;\u00b0C, \u00e0 l\u2019abri de la lumi\u00e8re directe du soleil<\/li>\n<li>Gardez le r\u00e9cipient bien ferm\u00e9<\/li>\n<li>Sans danger pour toutes les surfaces lavables et les mat\u00e9riaux non corrosifs<\/li>\n<\/ul>\n<h3>Ingr\u00e9dients<\/h3>\n<p>Conform\u00e9ment aux directives de l\u2019UE&nbsp;:<br \/>\n&lt;5&nbsp;% de tensioactifs anioniques, Bacillus Ferment, ph\u00e9noxy\u00e9thanol, parfum.<br \/>\nContient (1,8-cin\u00e9ole). Peut produire une r\u00e9action allergique.<br \/>\nPour obtenir des informations d\u00e9taill\u00e9es sur les ingr\u00e9dients, consultez le site&nbsp;: www.rhinocsport.com <\/p>\n<h3>Informations de s\u00e9curit\u00e9<\/h3>\n<p><strong>P101<\/strong>&nbsp;: En cas de consultation d\u2019un m\u00e9decin, garder \u00e0 disposition le r\u00e9cipient ou l\u2019\u00e9tiquette.<br \/>\n<strong>P102<\/strong>&nbsp;: Tenir hors de port\u00e9e des enfants.<br \/>\nCompl\u00e8tement non toxique et biod\u00e9gradable.<\/p>\n","protected":false},"excerpt":{"rendered":"<p>NETTOYAGE PROBIOTIQUE PERFORMANT POUR LES SALLES DE SPORT, LES CLUBS ET LES INSTALLATIONS SPORTIVES<\/p>\n<p>Hygi\u00e8ne haute performance, aliment\u00e9e par des probiotiques&nbsp;: s\u00fbre, efficace et durable. Le <strong>nettoyant universel concentr\u00e9 RHINOC Sport\u00ae<\/strong> est une solution de nettoyage probiotique de qualit\u00e9 professionnelle con\u00e7ue pour les <strong>salles de sport, les clubs et les environnements d\u2019entra\u00eenement<\/strong>. Sa formule ultra-concentr\u00e9e offre une propret\u00e9 profonde et durable sur tous les types d\u2019\u00e9quipements sportifs, de rev\u00eatements de sol, de tapis et de surfaces.  <\/p>\n<p>Gr\u00e2ce au pouvoir naturel des probiotiques, il \u00e9limine la sueur, la salet\u00e9 et les odeurs \u00e0 un <strong>niveau microscopique<\/strong>, cr\u00e9ant ainsi un environnement sain et s\u00fbr pour les athl\u00e8tes. Les micro-organismes continuent d\u2019agir <strong>3 \u00e0 5&nbsp;jours apr\u00e8s l\u2019application<\/strong>, emp\u00eachant l\u2019accumulation d\u2019odeurs et maintenant la fra\u00eecheur au fil du temps. <\/p>\n<p>Enti\u00e8rement <strong>biod\u00e9gradable<\/strong>, <strong>non toxique<\/strong> et <strong>sans danger pour les utilisateurs et les mat\u00e9riaux<\/strong>, ce nettoyant est le choix intelligent pour l\u2019hygi\u00e8ne sportive moderne.<\/p>\n","protected":false},"featured_media":2171,"comment_status":"open","ping_status":"closed","template":"","meta":{"_acf_changed":false},"product_brand":[],"product_cat":[166,184,144],"product_tag":[],"class_list":{"0":"post-2166","1":"product","2":"type-product","3":"status-publish","4":"has-post-thumbnail","6":"product_cat-equipement","7":"product_cat-nettoyant-universel-concentre","8":"product_cat-nettoyer","10":"first","11":"instock","12":"shipping-taxable","13":"product-type-simple"},"acf":[],"_links":{"self":[{"href":"https:\/\/rhinocsport.com\/fr\/wp-json\/wp\/v2\/product\/2166","targetHints":{"allow":["GET"]}}],"collection":[{"href":"https:\/\/rhinocsport.com\/fr\/wp-json\/wp\/v2\/product"}],"about":[{"href":"https:\/\/rhinocsport.com\/fr\/wp-json\/wp\/v2\/types\/product"}],"replies":[{"embeddable":true,"href":"https:\/\/rhinocsport.com\/fr\/wp-json\/wp\/v2\/comments?post=2166"}],"wp:featuredmedia":[{"embeddable":true,"href":"https:\/\/rhinocsport.com\/fr\/wp-json\/wp\/v2\/media\/2171"}],"wp:attachment":[{"href":"https:\/\/rhinocsport.com\/fr\/wp-json\/wp\/v2\/media?parent=2166"}],"wp:term":[{"taxonomy":"product_brand","embeddable":true,"href":"https:\/\/rhinocsport.com\/fr\/wp-json\/wp\/v2\/product_brand?post=2166"},{"taxonomy":"product_cat","embeddable":true,"href":"https:\/\/rhinocsport.com\/fr\/wp-json\/wp\/v2\/product_cat?post=2166"},{"taxonomy":"product_tag","embeddable":true,"href":"https:\/\/rhinocsport.com\/fr\/wp-json\/wp\/v2\/product_tag?post=2166"}],"curies":[{"name":"wp","href":"https:\/\/api.w.org\/{rel}","templated":true}]}}