{"id":2154,"date":"2026-02-20T13:29:47","date_gmt":"2026-02-20T12:29:47","guid":{"rendered":"https:\/\/rhinocsport.com\/?post_type=product&#038;p=2154"},"modified":"2026-03-11T14:36:44","modified_gmt":"2026-03-11T13:36:44","slug":"impermeabilisant-professionel-5-l","status":"publish","type":"product","link":"https:\/\/rhinocsport.com\/fr\/produit\/impermeabilisant-professionel-5-l","title":{"rendered":"IMPERM\u00c9ABILISANT PROFESSIONEL 5 L"},"content":{"rendered":"<h3>Principaux avantages<\/h3>\n<ul>\n<li>Protection hydrofuge avanc\u00e9e pour chaussures, textiles et \u00e9quipements<\/li>\n<li>Convient pour GORE-TEX\u00ae et autres membranes climatiques<\/li>\n<li>Id\u00e9al pour le cuir, le daim, le nubuck et les mat\u00e9riaux synth\u00e9tiques<\/li>\n<li>Maintient la respirabilit\u00e9 et la souplesse des tissus<\/li>\n<li>Sans PFC\/PFAS, ininflammable et \u00e0 base d&rsquo;eau<\/li>\n<li>Bouteille fabriqu\u00e9e \u00e0 partir de mat\u00e9riaux 100 % recycl\u00e9s<\/li>\n<li>Fabriqu\u00e9 en Europe \u2013 5 L<\/li>\n<\/ul>\n<h3>Mode d&#8217;emploi<\/h3>\n<ol>\n<li>Nettoyez l&rsquo;article avant d&rsquo;appliquer RHINOC Sport\u00ae WATER REPELL.<\/li>\n<li>Tenez le flacon droit et vaporisez uniform\u00e9ment \u00e0 une distance de 15 \u00e0 20 cm.<\/li>\n<li>Laissez s\u00e9cher pendant 2 minutes, puis retirez tout exc\u00e8s de liquide avec un chiffon humide.<\/li>\n<li>Assurez-vous d&rsquo;une couverture compl\u00e8te ; pour de meilleurs r\u00e9sultats, laissez s\u00e9cher pendant 24 heures.<\/li>\n<li>Pour le daim, brossez l\u00e9g\u00e8rement apr\u00e8s le s\u00e9chage. Lustrez le cuir lisse pour des r\u00e9sultats optimaux.<\/li>\n<\/ol>\n<h3>Formule &amp; Durabilit\u00e9<\/h3>\n<ul>\n<li>\u00c0 base d&rsquo;eau, ininflammable, sans gaz propulseur<\/li>\n<li>100 % sans PFC ni fluorocarbures nocifs<\/li>\n<li>Sans danger pour les tissus, la peau et l&rsquo;environnement<\/li>\n<li>Fabriqu\u00e9 en Allemagne \u00e0 partir de mat\u00e9riaux d&#8217;emballage recycl\u00e9s<\/li>\n<\/ul>\n<h3>Ingr\u00e9dients<\/h3>\n<p>Formule \u00e0 base d&rsquo;eau, sans PFC\/PFAS, propulseurs ni a\u00e9rosols. Des informations d\u00e9taill\u00e9es sont disponibles sur la fiche de donn\u00e9es de s\u00e9curit\u00e9 du produit.<\/p>\n<h3>Informations de s\u00e9curit\u00e9<\/h3>\n<p>Provoque une s\u00e9v\u00e8re irritation des yeux. Tenir hors de port\u00e9e des enfants. EN CAS DE CONTACT AVEC LES YEUX : Rincer avec pr\u00e9caution \u00e0 l&rsquo;eau pendant plusieurs minutes. Retirer les lentilles de contact si la victime en porte et si elles peuvent \u00eatre facilement enlev\u00e9es. Continuer \u00e0 rincer. Si l&rsquo;irritation persiste, consulter un m\u00e9decin. \u00c9liminer le contenu\/r\u00e9cipient conform\u00e9ment \u00e0 la r\u00e9glementation locale.<\/p>\n<h3>CONSEIL DE PRO<\/h3>\n<p>Id\u00e9al pour r\u00e9imperm\u00e9abiliser les \u00e9quipements de plein air, les chaussures et les v\u00eatements de performance apr\u00e8s le lavage. Fournit des r\u00e9sultats optimaux lorsqu&rsquo;il est utilis\u00e9 en combinaison avec RHINOC Sport\u00ae Textile Wash ou Shoe Cleaner.<\/p>\n","protected":false},"excerpt":{"rendered":"<p>Protection hydrofuge haute performance pour chaussures, v\u00eatements et \u00e9quipements. RHINOC Sport\u00ae WATER REPELL offre une protection durable et haute performance contre l&rsquo;humidit\u00e9 et la salet\u00e9. Con\u00e7u pour tous les textiles fonctionnels et d&rsquo;ext\u00e9rieur, il restaure la couche hydrofuge durable (DWR) qui s&rsquo;estompe avec le temps et l&rsquo;utilisation. Cette formule \u00e0 base d&rsquo;eau et sans PFC prot\u00e8ge efficacement les v\u00eatements fonctionnels, les chaussures et les \u00e9quipements tout en maintenant la respirabilit\u00e9 et le confort.<\/p>\n","protected":false},"featured_media":3432,"comment_status":"closed","ping_status":"closed","template":"","meta":{"_acf_changed":false},"product_brand":[],"product_cat":[167,166,173,206,168,164,145],"product_tag":[],"class_list":{"0":"post-2154","1":"product","2":"type-product","3":"status-publish","4":"has-post-thumbnail","6":"product_cat-chaussures","7":"product_cat-equipement","8":"product_cat-impermeabilisant-vetements","9":"product_cat-impermeabilisant-equipement","10":"product_cat-impermeabilisant","11":"product_cat-proteger","12":"product_cat-vetements","14":"first","15":"instock","16":"shipping-taxable","17":"product-type-simple"},"acf":[],"_links":{"self":[{"href":"https:\/\/rhinocsport.com\/fr\/wp-json\/wp\/v2\/product\/2154","targetHints":{"allow":["GET"]}}],"collection":[{"href":"https:\/\/rhinocsport.com\/fr\/wp-json\/wp\/v2\/product"}],"about":[{"href":"https:\/\/rhinocsport.com\/fr\/wp-json\/wp\/v2\/types\/product"}],"replies":[{"embeddable":true,"href":"https:\/\/rhinocsport.com\/fr\/wp-json\/wp\/v2\/comments?post=2154"}],"wp:featuredmedia":[{"embeddable":true,"href":"https:\/\/rhinocsport.com\/fr\/wp-json\/wp\/v2\/media\/3432"}],"wp:attachment":[{"href":"https:\/\/rhinocsport.com\/fr\/wp-json\/wp\/v2\/media?parent=2154"}],"wp:term":[{"taxonomy":"product_brand","embeddable":true,"href":"https:\/\/rhinocsport.com\/fr\/wp-json\/wp\/v2\/product_brand?post=2154"},{"taxonomy":"product_cat","embeddable":true,"href":"https:\/\/rhinocsport.com\/fr\/wp-json\/wp\/v2\/product_cat?post=2154"},{"taxonomy":"product_tag","embeddable":true,"href":"https:\/\/rhinocsport.com\/fr\/wp-json\/wp\/v2\/product_tag?post=2154"}],"curies":[{"name":"wp","href":"https:\/\/api.w.org\/{rel}","templated":true}]}}