{"id":2122,"date":"2026-03-01T13:30:32","date_gmt":"2026-03-01T12:30:32","guid":{"rendered":"https:\/\/rhinocsport.com\/lessive-sport-750-ml"},"modified":"2025-11-19T13:30:32","modified_gmt":"2025-11-19T12:30:32","slug":"lessive-sport-750-ml","status":"publish","type":"product","link":"https:\/\/rhinocsport.com\/fr\/produit\/lessive-sport-750-ml","title":{"rendered":"Lessive Sport 750 ml"},"content":{"rendered":"<h3>Moins, c&rsquo;est mieux<\/h3>\n<p>Cette formule haute performance est tellement concentr\u00e9e qu&rsquo;un flacon de 500 ml dure jusqu&rsquo;\u00e0 17 lavages, et un flacon de 750 ml jusqu&rsquo;\u00e0 25 lavages. Vous n&rsquo;avez besoin que d&rsquo;une petite quantit\u00e9 pour des r\u00e9sultats exceptionnels&nbsp;: consultez le tableau de dosage avant utilisation. <\/p>\n<h3>Avantages<\/h3>\n<ul>\n<li>\u00c0 base de probiotiques (les micro-organismes restent actifs 3 \u00e0 5 jours apr\u00e8s utilisation)<\/li>\n<li>Nettoyage extr\u00eamement puissant \u2013 contient au moins 50 millions de micro-organismes probiotiques par ml<\/li>\n<li>Biod\u00e9gradable et \u00e9cologique<\/li>\n<li>\u00c9limination efficace des odeurs \u2013 ne se contente pas de masquer<\/li>\n<li>Parfum frais et longue dur\u00e9e<\/li>\n<li>Prolonge la dur\u00e9e de vie et les performances des v\u00eatements de sport<\/li>\n<li>Longue dur\u00e9e de conservation (minimum 2 ans)<\/li>\n<li>Les probiotiques restent actifs m\u00eame \u00e0 basse temp\u00e9rature (id\u00e9al entre 30&nbsp;\u00b0C et 60&nbsp;\u00b0C)<\/li>\n<li>Convient aussi bien aux v\u00eatements de sport qu&rsquo;au linge de tous les jours<\/li>\n<\/ul>\n<h3>Description<\/h3>\n<p>La lessive probiotique pour v\u00eatements de sport RHINOC Sport\u00ae offre une solution de nettoyage avanc\u00e9e et durable pour les athl\u00e8tes et les modes de vie actifs. Les micro-organismes actifs p\u00e9n\u00e8trent profond\u00e9ment dans les fibres pour d\u00e9composer la sueur, la graisse et les r\u00e9sidus organiques. Cela \u00e9limine les odeurs d\u00e9sagr\u00e9ables et restaure la fra\u00eecheur, m\u00eame dans les tissus techniques et synth\u00e9tiques pour le sport. L&rsquo;action microscopique de la formule maintient votre \u00e9quipement propre et respirant, id\u00e9al pour la course, le cyclisme, le fitness, les sports d&rsquo;\u00e9quipe, etc.   <\/p>\n<h3>Ingr\u00e9dients<\/h3>\n<p>Composition selon les directives de la C.E.&nbsp;: 5\u201315&nbsp;% d&rsquo;agents de surface anioniques,  &lt;5&nbsp;% d&rsquo;agents de surface non ioniques, polycarboxylates, phosphonates, enzymes, Bacillus Ferment, ph\u00e9noxy\u00e9thanol, parfum.<\/p>\n<h3>Avertissement<\/h3>\n<p>Provoque une irritation cutan\u00e9e et de graves l\u00e9sions oculaires. Se laver les mains soigneusement apr\u00e8s manipulation. Porter une protection oculaire. EN CAS DE CONTACT AVEC LES YEUX&nbsp;: rincer avec pr\u00e9caution \u00e0 l&rsquo;eau pendant plusieurs minutes. Retirer les lentilles de contact si la victime en porte et si elles peuvent \u00eatre facilement enlev\u00e9es. Continuer \u00e0 rincer. Si l&rsquo;irritation persiste&nbsp;: consulter un m\u00e9decin. Retirer les v\u00eatements contamin\u00e9s et les laver avant r\u00e9utilisation. Contient de la Subtilisine (9014-01-1) \u2013 peut provoquer une r\u00e9action allergique. Tenir hors de port\u00e9e des enfants. En cas de consultation d&rsquo;un m\u00e9decin, garder \u00e0 disposition le r\u00e9cipient ou l&rsquo;\u00e9tiquette.          <\/p>\n<h3>Durabilit\u00e9<\/h3>\n<ul>\n<li>Formule biod\u00e9gradable<\/li>\n<li>Bouteille fabriqu\u00e9e \u00e0 partir de plastique recycl\u00e9<\/li>\n<li>Sans produits chimiques nocifs ni phosphates<\/li>\n<li>Sans danger pour les personnes, les tissus performants et la plan\u00e8te<\/li>\n<\/ul>\n","protected":false},"excerpt":{"rendered":"<p>D\u00c9TERGENT PROBIOTIQUE ULTRA-CONCENTR\u00c9 POUR V\u00caTEMENTS DE SPORT \u2013 \u00c9LIMINATEUR D&rsquo;ODEURS RHINOC Sport\u00ae Sports Wash est un d\u00e9tergent de nouvelle g\u00e9n\u00e9ration con\u00e7u sp\u00e9cifiquement pour les v\u00eatements de sport. Sa formule ultra-concentr\u00e9e est aliment\u00e9e par des probiotiques, des micro-organismes b\u00e9n\u00e9fiques qui nettoient en profondeur les fibres, \u00e9liminant la sueur, la salet\u00e9 et les odeurs persistantes au niveau microscopique. Contrairement aux d\u00e9tergents conventionnels, RHINOC Sport\u00ae ne se contente pas de masquer les odeurs, il les \u00e9limine \u00e0 la source. La culture probiotique continue d&rsquo;agir pendant des jours apr\u00e8s le lavage, aidant \u00e0 garder vos v\u00eatements de sport frais et hygi\u00e9niques plus longtemps. Sans danger pour tous les tissus synth\u00e9tiques blancs et color\u00e9s, y compris les textiles haute performance avec membranes techniques.    <\/p>\n<p>La formule est biod\u00e9gradable, \u00e9cologique et aide m\u00eame \u00e0 nettoyer votre drain pendant qu&rsquo;elle fonctionne. Convient \u00e9galement pour le linge de tous les jours. RHINOC Sport\u00ae Sports Wash est doux mais tr\u00e8s efficace, ce qui le rend id\u00e9al non seulement pour les v\u00eatements de sport, mais aussi pour votre linge courant, garantissant que tous les tissus restent frais, doux et sans odeur.  <\/p>\n","protected":false},"featured_media":2123,"comment_status":"closed","ping_status":"closed","template":"","meta":{"_acf_changed":false},"product_brand":[],"product_cat":[146,144,145],"product_tag":[],"class_list":{"0":"post-2122","1":"product","2":"type-product","3":"status-publish","4":"has-post-thumbnail","6":"product_cat-lessive-sport","7":"product_cat-nettoyer","8":"product_cat-vetements","10":"first","11":"instock","12":"shipping-taxable","13":"product-type-simple"},"acf":[],"_links":{"self":[{"href":"https:\/\/rhinocsport.com\/fr\/wp-json\/wp\/v2\/product\/2122","targetHints":{"allow":["GET"]}}],"collection":[{"href":"https:\/\/rhinocsport.com\/fr\/wp-json\/wp\/v2\/product"}],"about":[{"href":"https:\/\/rhinocsport.com\/fr\/wp-json\/wp\/v2\/types\/product"}],"replies":[{"embeddable":true,"href":"https:\/\/rhinocsport.com\/fr\/wp-json\/wp\/v2\/comments?post=2122"}],"wp:featuredmedia":[{"embeddable":true,"href":"https:\/\/rhinocsport.com\/fr\/wp-json\/wp\/v2\/media\/2123"}],"wp:attachment":[{"href":"https:\/\/rhinocsport.com\/fr\/wp-json\/wp\/v2\/media?parent=2122"}],"wp:term":[{"taxonomy":"product_brand","embeddable":true,"href":"https:\/\/rhinocsport.com\/fr\/wp-json\/wp\/v2\/product_brand?post=2122"},{"taxonomy":"product_cat","embeddable":true,"href":"https:\/\/rhinocsport.com\/fr\/wp-json\/wp\/v2\/product_cat?post=2122"},{"taxonomy":"product_tag","embeddable":true,"href":"https:\/\/rhinocsport.com\/fr\/wp-json\/wp\/v2\/product_tag?post=2122"}],"curies":[{"name":"wp","href":"https:\/\/api.w.org\/{rel}","templated":true}]}}