{"id":1820,"date":"2025-11-07T13:15:33","date_gmt":"2025-11-07T12:15:33","guid":{"rendered":"https:\/\/rhinocsport.com\/athletes"},"modified":"2026-03-13T11:57:44","modified_gmt":"2026-03-13T10:57:44","slug":"athletes","status":"publish","type":"page","link":"https:\/\/rhinocsport.com\/fr\/athletes","title":{"rendered":"Athl\u00e8tes"},"content":{"rendered":"\t\t<div data-elementor-type=\"wp-page\" data-elementor-id=\"1820\" class=\"elementor elementor-1820 elementor-680\" data-elementor-post-type=\"page\">\n\t\t\t\t<div class=\"elementor-element elementor-element-541ded5 e-flex e-con-boxed elementor-invisible e-con e-parent\" data-id=\"541ded5\" data-element_type=\"container\" data-settings=\"{&quot;background_background&quot;:&quot;classic&quot;,&quot;animation&quot;:&quot;fadeIn&quot;}\">\n\t\t\t\t\t<div class=\"e-con-inner\">\n\t\t\t\t<div class=\"elementor-element elementor-element-ac86765 elementor-widget__width-initial elementor-widget elementor-widget-heading\" data-id=\"ac86765\" data-element_type=\"widget\" data-widget_type=\"heading.default\">\n\t\t\t\t\t<h1 class=\"elementor-heading-title elementor-size-default\">Soutien aux athl\u00e8tes<\/h1>\t\t\t\t<\/div>\n\t\t\t\t<div class=\"elementor-element elementor-element-241bdfd elementor-widget__width-initial elementor-widget elementor-widget-text-editor\" data-id=\"241bdfd\" data-element_type=\"widget\" data-widget_type=\"text-editor.default\">\n\t\t\t\t\t\t\t\t\tEnsemble, sur la voie du succ\u00e8s&#8230;\t\t\t\t\t\t\t\t<\/div>\n\t\t\t\t\t<\/div>\n\t\t\t\t<\/div>\n\t\t<div class=\"elementor-element elementor-element-518b1c5 e-flex e-con-boxed elementor-invisible e-con e-parent\" data-id=\"518b1c5\" data-element_type=\"container\" data-settings=\"{&quot;background_background&quot;:&quot;classic&quot;,&quot;animation&quot;:&quot;fadeIn&quot;}\">\n\t\t\t\t\t<div class=\"e-con-inner\">\n\t\t<div class=\"elementor-element elementor-element-9367eed e-con-full e-flex e-con e-child\" data-id=\"9367eed\" data-element_type=\"container\">\n\t\t\t\t<div class=\"elementor-element elementor-element-7a94517 elementor-widget__width-initial elementor-widget elementor-widget-heading\" data-id=\"7a94517\" data-element_type=\"widget\" data-widget_type=\"heading.default\">\n\t\t\t\t\t<h2 class=\"elementor-heading-title elementor-size-default\">Ensemble sur la voie du succ\u00e8s<\/h2>\t\t\t\t<\/div>\n\t\t\t\t<div class=\"elementor-element elementor-element-181699e elementor-widget elementor-widget-text-editor\" data-id=\"181699e\" data-element_type=\"widget\" data-widget_type=\"text-editor.default\">\n\t\t\t\t\t\t\t\t\t<p>Comme nous le partageons sur notre page \u00ab \u00c0 propos \u00bb, RHINOC SPORT est anim\u00e9 par un profond d\u00e9sir de rendre le sport plus accessible aux jeunes. Parall\u00e8lement, nous visons \u00e0 soutenir et \u00e0 encadrer les athl\u00e8tes dans leur parcours vers le succ\u00e8s, \u00e0 l&rsquo;image d&rsquo;un Jerry Maguire des temps modernes, avec l&rsquo;objectif ultime d&rsquo;atteindre ce moment o\u00f9 vous pouvez dire : \u00ab Tu me compl\u00e8tes. \u00bb<\/p><p>Nous avons d\u00e9j\u00e0 engag\u00e9 5\u00a0% de notre chiffre d&rsquo;affaires total dans deux piliers cl\u00e9s\u00a0: soutenir l&rsquo;acc\u00e8s des jeunes au sport et favoriser l&rsquo;\u00e9panouissement personnel et professionnel des athl\u00e8tes.<\/p><p>En coulisses, nous travaillons sur de nouvelles initiatives passionnantes dans ce domaine. Bien que nous ne puissions pas encore partager tous les d\u00e9tails, nous sommes impatients de vous en r\u00e9v\u00e9ler davantage d\u00e9but\u00a02026.<\/p><p>Dans un avenir proche, nous pr\u00e9senterons \u00e9galement plusieurs athl\u00e8tes qui adh\u00e8rent \u00e0 notre mission et jouent un r\u00f4le actif dans l&rsquo;encadrement, l&rsquo;entra\u00eenement, les stages et d&rsquo;autres activit\u00e9s inspirantes. Certains d&rsquo;entre eux sont encore en comp\u00e9tition au plus haut niveau, tandis que d&rsquo;autres ont d\u00e9j\u00e0 connu un grand succ\u00e8s et redonnent maintenant \u00e0 la prochaine g\u00e9n\u00e9ration. Nous sommes impatients de vous en dire plus, d\u00e9but\u00a02026.<\/p>\t\t\t\t\t\t\t\t<\/div>\n\t\t\t\t<\/div>\n\t\t<div class=\"elementor-element elementor-element-9b10cff e-con-full e-flex e-con e-child\" data-id=\"9b10cff\" data-element_type=\"container\">\n\t\t\t\t<div class=\"elementor-element elementor-element-44d7478 elementor-widget elementor-widget-image\" data-id=\"44d7478\" data-element_type=\"widget\" data-widget_type=\"image.default\">\n\t\t\t\t\t\t\t\t\t\t\t\t\t\t\t<img fetchpriority=\"high\" decoding=\"async\" width=\"1000\" height=\"1000\" src=\"https:\/\/rhinocsport.com\/wp-content\/uploads\/rhinoc-about-us.webp\" class=\"attachment-large size-large wp-image-1822\" alt=\"RHINOC \u00c0 propos de nous\" srcset=\"https:\/\/rhinocsport.com\/wp-content\/uploads\/rhinoc-about-us.webp 1000w, https:\/\/rhinocsport.com\/wp-content\/uploads\/rhinoc-about-us-300x300.webp 300w, https:\/\/rhinocsport.com\/wp-content\/uploads\/rhinoc-about-us-100x100.webp 100w, https:\/\/rhinocsport.com\/wp-content\/uploads\/rhinoc-about-us-600x600.webp 600w, https:\/\/rhinocsport.com\/wp-content\/uploads\/rhinoc-about-us-150x150.webp 150w, https:\/\/rhinocsport.com\/wp-content\/uploads\/rhinoc-about-us-768x768.webp 768w\" sizes=\"(max-width: 1000px) 100vw, 1000px\" \/>\t\t\t\t\t\t\t\t\t\t\t\t\t\t\t<\/div>\n\t\t\t\t<\/div>\n\t\t\t\t\t<\/div>\n\t\t\t\t<\/div>\n\t\t\t\t<\/div>\n\t\t","protected":false},"excerpt":{"rendered":"<p>Soutien aux athl\u00e8tes Ensemble, sur la voie du succ\u00e8s&#8230; Ensemble sur la voie du succ\u00e8s Comme nous le partageons sur notre page \u00ab \u00c0 propos \u00bb, RHINOC SPORT est anim\u00e9 par un profond d\u00e9sir de rendre le sport plus accessible aux jeunes. Parall\u00e8lement, nous visons \u00e0 soutenir et \u00e0 encadrer les athl\u00e8tes dans leur parcours [&hellip;]<\/p>\n","protected":false},"author":1,"featured_media":0,"parent":0,"menu_order":0,"comment_status":"closed","ping_status":"closed","template":"","meta":{"_acf_changed":false,"footnotes":""},"class_list":["post-1820","page","type-page","status-publish","hentry"],"acf":[],"_links":{"self":[{"href":"https:\/\/rhinocsport.com\/fr\/wp-json\/wp\/v2\/pages\/1820","targetHints":{"allow":["GET"]}}],"collection":[{"href":"https:\/\/rhinocsport.com\/fr\/wp-json\/wp\/v2\/pages"}],"about":[{"href":"https:\/\/rhinocsport.com\/fr\/wp-json\/wp\/v2\/types\/page"}],"author":[{"embeddable":true,"href":"https:\/\/rhinocsport.com\/fr\/wp-json\/wp\/v2\/users\/1"}],"replies":[{"embeddable":true,"href":"https:\/\/rhinocsport.com\/fr\/wp-json\/wp\/v2\/comments?post=1820"}],"version-history":[{"count":4,"href":"https:\/\/rhinocsport.com\/fr\/wp-json\/wp\/v2\/pages\/1820\/revisions"}],"predecessor-version":[{"id":3610,"href":"https:\/\/rhinocsport.com\/fr\/wp-json\/wp\/v2\/pages\/1820\/revisions\/3610"}],"wp:attachment":[{"href":"https:\/\/rhinocsport.com\/fr\/wp-json\/wp\/v2\/media?parent=1820"}],"curies":[{"name":"wp","href":"https:\/\/api.w.org\/{rel}","templated":true}]}}