{"id":2358,"date":"2026-03-09T13:33:44","date_gmt":"2026-03-09T12:33:44","guid":{"rendered":"https:\/\/rhinocsport.com\/limpiador-de-visores-30-ml-marca-privada"},"modified":"2026-03-11T14:01:02","modified_gmt":"2026-03-11T13:01:02","slug":"visor-cleaner-30-ml-marca-blanca","status":"publish","type":"product","link":"https:\/\/rhinocsport.com\/es\/producto\/visor-cleaner-30-ml-marca-blanca","title":{"rendered":"VISOR CLEANER 30 ml Marca blanca"},"content":{"rendered":"<h3>Descripci\u00f3n<\/h3>\n<p>El limpiador de viseras RHINOC Sport AllNatural ofrece una limpieza r\u00e1pida, sin rayas y antiest\u00e1tica para todo tipo de gafas y viseras deportivas. Elimina el sudor, la suciedad, las huellas dactilares y las manchas sin dejar residuos, lo que garantiza una visi\u00f3n n\u00edtida, incluso en condiciones extremas. Seguro para: Todo tipo de lentes con y sin recubrimiento Visores de policarbonato y acr\u00edlico Gafas, gafas de sol, cascos y protectores Respetuoso con el medio ambiente, biodegradable e inocuo para las personas, los animales y la naturaleza.<\/p>\n<h3>Ventajas clave<\/h3>\n<ul>\n<li>Ingredientes 100 % naturales, sin isopropanol<\/li>\n<li>No t\u00f3xico y seguro para todas las superficies con recubrimiento de alta calidad<\/li>\n<li>Disponible con o sin bioetanol natural (a base de cereales)<\/li>\n<li>Sin rayas y antiest\u00e1tico<\/li>\n<li>Antirreflectante y no abrasivo<\/li>\n<li>Probado y aprobado por Colts Lab USA<\/li>\n<li>Inocuo para las personas, los animales y el medio ambiente<\/li>\n<li>Aroma fresco y natural<\/li>\n<\/ul>\n<h3>Ingredientes<\/h3>\n<p>Agua, \u00e1cido c\u00edtrico org\u00e1nico, extractos de plantas org\u00e1nicas. Tenemos productos con bioetanol natural (a base de cereales) y sin bioetanol.<\/p>\n<h3>Informaci\u00f3n de seguridad<\/h3>\n<p>Mantener fuera del alcance de los ni\u00f1os. Evitar el contacto con los ojos, la piel y la ropa. No comer, beber ni fumar mientras se utiliza este producto. En caso de contacto con los ojos: aclarar cuidadosamente con agua durante varios minutos. Quitar las lentes de contacto, si lleva y resulta f\u00e1cil. Seguir aclarando.<\/p>\n","protected":false},"excerpt":{"rendered":"<p>RHINOC\u00ae SPORT ALLNATURAL LIMPIADOR DE VISERAS LIMPIEZA DE ALTO RENDIMIENTO PARA GAFAS Y VISERAS DEPORTIVAS<\/p>\n<p>Potente. Seguro. 100 % natural. El limpiador de viseras RHINOC\u00ae Sport AllNatural est\u00e1 especialmente desarrollado para la limpieza segura y eficaz de gafas, viseras y cascos deportivos utilizados en ciclismo, esqu\u00ed, hockey sobre hielo y otros deportes de alto rendimiento. Tanto si es un atleta profesional, un servicio de alquiler o un club deportivo, una visi\u00f3n clara es esencial, y tambi\u00e9n lo es la seguridad.<\/p>\n<p>Formulado con ingredientes 100 % naturales, este limpiador no contiene isopropanol y es completamente no t\u00f3xico, no deja rayas y es antiest\u00e1tico. Una peque\u00f1a cantidad de bioetanol derivado de cereales naturales garantiza una limpieza potente pero suave, sin da\u00f1ar los revestimientos ni los materiales delicados. Probado y aprobado por Colts Lab USA, uno de los laboratorios independientes l\u00edderes en el mundo para pruebas de lentes y revestimientos. Los resultados confirman: excelente rendimiento de limpieza, sin residuos, sin abrasi\u00f3n y total seguridad del material.<\/p>\n","protected":false},"featured_media":2359,"comment_status":"closed","ping_status":"closed","template":"","meta":{"_acf_changed":false},"product_brand":[],"product_cat":[141,226,137],"product_tag":[],"class_list":{"0":"post-2358","1":"product","2":"type-product","3":"status-publish","4":"has-post-thumbnail","6":"product_cat-equipamiento","7":"product_cat-limpiador-de-visor","8":"product_cat-limpiar","10":"first","11":"instock","12":"shipping-taxable","13":"product-type-simple"},"acf":[],"_links":{"self":[{"href":"https:\/\/rhinocsport.com\/es\/wp-json\/wp\/v2\/product\/2358","targetHints":{"allow":["GET"]}}],"collection":[{"href":"https:\/\/rhinocsport.com\/es\/wp-json\/wp\/v2\/product"}],"about":[{"href":"https:\/\/rhinocsport.com\/es\/wp-json\/wp\/v2\/types\/product"}],"replies":[{"embeddable":true,"href":"https:\/\/rhinocsport.com\/es\/wp-json\/wp\/v2\/comments?post=2358"}],"wp:featuredmedia":[{"embeddable":true,"href":"https:\/\/rhinocsport.com\/es\/wp-json\/wp\/v2\/media\/2359"}],"wp:attachment":[{"href":"https:\/\/rhinocsport.com\/es\/wp-json\/wp\/v2\/media?parent=2358"}],"wp:term":[{"taxonomy":"product_brand","embeddable":true,"href":"https:\/\/rhinocsport.com\/es\/wp-json\/wp\/v2\/product_brand?post=2358"},{"taxonomy":"product_cat","embeddable":true,"href":"https:\/\/rhinocsport.com\/es\/wp-json\/wp\/v2\/product_cat?post=2358"},{"taxonomy":"product_tag","embeddable":true,"href":"https:\/\/rhinocsport.com\/es\/wp-json\/wp\/v2\/product_tag?post=2358"}],"curies":[{"name":"wp","href":"https:\/\/api.w.org\/{rel}","templated":true}]}}