{"id":2309,"date":"2026-03-05T16:05:52","date_gmt":"2026-03-05T15:05:52","guid":{"rendered":"https:\/\/rhinocsport.com\/limpiador-multiusos-listo-para-usar-500-ml"},"modified":"2026-03-11T14:47:35","modified_gmt":"2026-03-11T13:47:35","slug":"limpiador-universal-listo-para-usar-500-ml","status":"publish","type":"product","link":"https:\/\/rhinocsport.com\/es\/producto\/limpiador-universal-listo-para-usar-500-ml","title":{"rendered":"LIMPIADOR UNIVERSAL LISTO PARA USAR 500 ml"},"content":{"rendered":"<h3>Descripci\u00f3n<\/h3>\n<p>RHINOC Sport\u00ae Limpiador multiusos (listo para usar) est\u00e1 formulado para la limpieza intensiva pero segura de todo tipo de suelos deportivos, colchonetas, equipos y paredes. Su f\u00f3rmula de triple acci\u00f3n proporciona una higiene duradera:<\/p>\n<ol>\n<li>Limpieza microsc\u00f3pica profunda: elimina incluso la suciedad invisible y los residuos de sudor.<\/li>\n<li>Eliminaci\u00f3n y prevenci\u00f3n de olores: neutraliza y previene los malos olores.<\/li>\n<li>Creaci\u00f3n de una microflora superficial saludable: favorece la frescura y el equilibrio a largo plazo.<\/li>\n<\/ol>\n<p>Con m\u00e1s de 50 millones de microorganismos probi\u00f3ticos activos por ml, este limpiador es uno de los m\u00e1s potentes de su clase. Reduce eficazmente el riesgo de olores desagradables, moho y acumulaci\u00f3n de bacterias, manteniendo los espacios de entrenamiento limpios y seguros.<\/p>\n<h3>Adecuado para<\/h3>\n<ul>\n<li>Equipamiento de gimnasios y fitness<\/li>\n<li>Ropa y equipamiento deportivo<\/li>\n<li>Mesas y bancos<\/li>\n<li>Colchonetas (judo, puzle, gimnasio, yoga, etc.)<\/li>\n<li>Suelos deportivos y de gimnasio<\/li>\n<li>Paredes y separadores<\/li>\n<li>Sacos de boxeo y almohadillas de entrenamiento<\/li>\n<li>Cualquier superficie o equipo lavable<\/li>\n<\/ul>\n<h3>Ventajas<\/h3>\n<ul>\n<li>A base de probi\u00f3ticos: sigue actuando durante 3\u20135 d\u00edas despu\u00e9s de su uso<\/li>\n<li>Altamente eficaz: m\u00e1s de 50 millones de microorganismos probi\u00f3ticos por ml<\/li>\n<li>Limpieza profunda y frescura duradera<\/li>\n<li>Biodegradable y seguro para el medio ambiente<\/li>\n<li>Aroma fresco y limpio<\/li>\n<li>Prolonga la vida \u00fatil de los equipos y las colchonetas<\/li>\n<li>Neblina fina para una cobertura eficiente y uniforme<\/li>\n<li>Listo para usar: aplicaci\u00f3n f\u00e1cil y directa<\/li>\n<li>Larga vida \u00fatil (m\u00ednimo 2 a\u00f1os)<\/li>\n<\/ul>\n<h3>Ingredientes<\/h3>\n<p>Composici\u00f3n seg\u00fan las directrices de la C.E.: &lt;5 % de tensioactivos ani\u00f3nicos, fermento de Bacillus, fenoxietanol, fragancia.<\/p>\n<h3>Informaci\u00f3n de seguridad<\/h3>\n<p>Mantener fuera del alcance de los ni\u00f1os. Si necesita consejo m\u00e9dico, tenga a mano el envase o la etiqueta del producto.<\/p>\n<h3>Rendimiento ecol\u00f3gico<\/h3>\n<ul>\n<li>F\u00f3rmula 100 % biodegradable<\/li>\n<li>No contiene productos qu\u00edmicos nocivos ni fosfatos<\/li>\n<li>Beneficioso para el medio ambiente: favorece el equilibrio microbiano<\/li>\n<li>Botella fabricada con material reciclado<\/li>\n<\/ul>\n","protected":false},"excerpt":{"rendered":"<p><strong>Para todo el equipamiento deportivo de su gimnasio, club, gimnasio en casa u otros usos<\/strong><\/p>\n<p>El spray RHINOC\u00ae Sport All Purpose Cleaner listo para usar es un limpiador ecol\u00f3gico (biodegradable) para equipamiento deportivo. Limpia en profundidad, tiene una acci\u00f3n prolongada gracias al enriquecimiento \u00fanico y a los efectos de los probi\u00f3ticos. La contaminaci\u00f3n es degradada por microorganismos. Esto tambi\u00e9n elimina eficazmente la suciedad, las manchas de sudor, el olor a sudor y proporciona un aroma fresco. RHINOC\u00ae Sport All Purpose Cleaner es seguro de usar, beneficioso para el medio ambiente y biodegradable.<\/p>\n","protected":false},"featured_media":2312,"comment_status":"closed","ping_status":"closed","template":"","meta":{"_acf_changed":false},"product_brand":[],"product_cat":[141,214,137],"product_tag":[],"class_list":{"0":"post-2309","1":"product","2":"type-product","3":"status-publish","4":"has-post-thumbnail","6":"product_cat-equipamiento","7":"product_cat-limpiador-multiusos-listo-para-usar","8":"product_cat-limpiar","10":"first","11":"instock","12":"shipping-taxable","13":"product-type-simple"},"acf":[],"_links":{"self":[{"href":"https:\/\/rhinocsport.com\/es\/wp-json\/wp\/v2\/product\/2309","targetHints":{"allow":["GET"]}}],"collection":[{"href":"https:\/\/rhinocsport.com\/es\/wp-json\/wp\/v2\/product"}],"about":[{"href":"https:\/\/rhinocsport.com\/es\/wp-json\/wp\/v2\/types\/product"}],"replies":[{"embeddable":true,"href":"https:\/\/rhinocsport.com\/es\/wp-json\/wp\/v2\/comments?post=2309"}],"wp:featuredmedia":[{"embeddable":true,"href":"https:\/\/rhinocsport.com\/es\/wp-json\/wp\/v2\/media\/2312"}],"wp:attachment":[{"href":"https:\/\/rhinocsport.com\/es\/wp-json\/wp\/v2\/media?parent=2309"}],"wp:term":[{"taxonomy":"product_brand","embeddable":true,"href":"https:\/\/rhinocsport.com\/es\/wp-json\/wp\/v2\/product_brand?post=2309"},{"taxonomy":"product_cat","embeddable":true,"href":"https:\/\/rhinocsport.com\/es\/wp-json\/wp\/v2\/product_cat?post=2309"},{"taxonomy":"product_tag","embeddable":true,"href":"https:\/\/rhinocsport.com\/es\/wp-json\/wp\/v2\/product_tag?post=2309"}],"curies":[{"name":"wp","href":"https:\/\/api.w.org\/{rel}","templated":true}]}}