{"id":2287,"date":"2026-03-07T16:19:47","date_gmt":"2026-03-07T15:19:47","guid":{"rendered":"https:\/\/rhinocsport.com\/sports-gear-fresh-150-ml"},"modified":"2026-03-11T11:55:34","modified_gmt":"2026-03-11T10:55:34","slug":"sports-gear-fresh-150-ml","status":"publish","type":"product","link":"https:\/\/rhinocsport.com\/es\/producto\/sports-gear-fresh-150-ml","title":{"rendered":"SPORTS GEAR FRESH 150 ml"},"content":{"rendered":"<h3>Descripci\u00f3n<\/h3>\n<p>RHINOC Sport\u00ae Gear Fresh reduce significativamente los olores no deseados y la acumulaci\u00f3n de moho. Es completamente seguro de usar y adecuado para todo el equipo deportivo que no se puede lavar f\u00e1cilmente. El aerosol de 150 ml produce una niebla ultrafina que se seca r\u00e1pidamente y se puede aplicar desde cualquier \u00e1ngulo (360\u00b0).<\/p>\n<p>Esta f\u00f3rmula biodegradable es ecol\u00f3gica y segura para la piel, lo que la hace ideal para el uso diario. Impulsado por la tecnolog\u00eda ProBio (probi\u00f3ticos), Gear Fresh trabaja con microorganismos beneficiosos que evitan el crecimiento de bacterias que causan el mal olor y el moho. A diferencia de los aerosoles tradicionales que enmascaran los olores desagradables, RHINOC Sport\u00ae Gear Fresh aborda el problema de ra\u00edz. Los probi\u00f3ticos activos contin\u00faan funcionando durante 3\u20135 d\u00edas despu\u00e9s de la aplicaci\u00f3n, lo que ayuda a prolongar la vida \u00fatil y la frescura de su equipo deportivo.<\/p>\n<h3>Adecuado para<\/h3>\n<ul>\n<li>Zapatos<\/li>\n<li>Cascos<\/li>\n<li>Gi de judo\/k\u00e1rate\/taekwondo<\/li>\n<li>Guantes de boxeo y esqu\u00ed<\/li>\n<li>Ropa de hockey sobre hielo<\/li>\n<li>Patines<\/li>\n<li>Botas de esqu\u00ed<\/li>\n<li>Espinilleras<\/li>\n<li>Bolsas de deporte<\/li>\n<li>\u2026y todo otro equipo que sea dif\u00edcil de lavar<\/li>\n<\/ul>\n<h3>Ventajas<\/h3>\n<ul>\n<li>A base de probi\u00f3ticos (los microorganismos permanecen activos de 3 a 5 d\u00edas despu\u00e9s de su uso)<\/li>\n<li>Altamente eficaz: contiene al menos 50 millones de microorganismos probi\u00f3ticos por ml<\/li>\n<li>Biodegradable y respetuoso con el medio ambiente<\/li>\n<li>Dise\u00f1o utilizable a 360\u00b0<\/li>\n<li>Niebla ultrafina para un secado r\u00e1pido<\/li>\n<li>Aroma fresco y limpio<\/li>\n<li>Prolonga la vida \u00fatil del equipo deportivo<\/li>\n<li>Larga vida \u00fatil (m\u00ednimo 2 a\u00f1os)<\/li>\n<\/ul>\n<h3>Ingredientes<\/h3>\n<p>Composici\u00f3n seg\u00fan las directrices de la C.E.: Bacillus ferment, Phenoxyethanol, Fragrance. Proteger de la luz solar. No exponer a temperaturas superiores a 50 \u00b0C \/ 122 \u00b0F. Mantener fuera del alcance de los ni\u00f1os. Si necesita consejo m\u00e9dico, tenga a mano el envase o la etiqueta del producto.<\/p>\n","protected":false},"excerpt":{"rendered":"<p>SOLUCIONES PARA MANTENER LA FRESCURA \u2013 ELIMINADOR DE OLORES PROBI\u00d3TICO \u2013 F\u00c1CIL DE APLICAR<\/p>\n<ul>\n<li>Elimina eficazmente el sudor y los olores corporales del calzado deportivo, botas (de esqu\u00ed), guantes (de esqu\u00ed\/boxeo), cascos, protectores, espinilleras y otros equipos deportivos o de club.<\/li>\n<li>Proporciona una frescura duradera gracias a las bacterias buenas llamadas probi\u00f3ticos.<\/li>\n<li>Aerosol biodegradable: seguro tanto para las personas como para el medio ambiente.<\/li>\n<\/ul>\n","protected":false},"featured_media":2290,"comment_status":"closed","ping_status":"closed","template":"","meta":{"_acf_changed":false},"product_brand":[],"product_cat":[138,155,209,154,142],"product_tag":[],"class_list":{"0":"post-2287","1":"product","2":"type-product","3":"status-publish","4":"has-post-thumbnail","6":"product_cat-calzado","7":"product_cat-desodorante-para-equipamiento-deportivo-ropa","8":"product_cat-desodorante-para-equipamiento-deportivo","9":"product_cat-refrescar","10":"product_cat-ropa","12":"first","13":"instock","14":"shipping-taxable","15":"product-type-simple"},"acf":[],"_links":{"self":[{"href":"https:\/\/rhinocsport.com\/es\/wp-json\/wp\/v2\/product\/2287","targetHints":{"allow":["GET"]}}],"collection":[{"href":"https:\/\/rhinocsport.com\/es\/wp-json\/wp\/v2\/product"}],"about":[{"href":"https:\/\/rhinocsport.com\/es\/wp-json\/wp\/v2\/types\/product"}],"replies":[{"embeddable":true,"href":"https:\/\/rhinocsport.com\/es\/wp-json\/wp\/v2\/comments?post=2287"}],"wp:featuredmedia":[{"embeddable":true,"href":"https:\/\/rhinocsport.com\/es\/wp-json\/wp\/v2\/media\/2290"}],"wp:attachment":[{"href":"https:\/\/rhinocsport.com\/es\/wp-json\/wp\/v2\/media?parent=2287"}],"wp:term":[{"taxonomy":"product_brand","embeddable":true,"href":"https:\/\/rhinocsport.com\/es\/wp-json\/wp\/v2\/product_brand?post=2287"},{"taxonomy":"product_cat","embeddable":true,"href":"https:\/\/rhinocsport.com\/es\/wp-json\/wp\/v2\/product_cat?post=2287"},{"taxonomy":"product_tag","embeddable":true,"href":"https:\/\/rhinocsport.com\/es\/wp-json\/wp\/v2\/product_tag?post=2287"}],"curies":[{"name":"wp","href":"https:\/\/api.w.org\/{rel}","templated":true}]}}