{"id":2270,"date":"2026-02-22T13:30:49","date_gmt":"2026-02-22T12:30:49","guid":{"rendered":"https:\/\/rhinocsport.com\/detergente-para-ropa-deportiva-5-l"},"modified":"2026-03-11T12:17:05","modified_gmt":"2026-03-11T11:17:05","slug":"detergente-deportivo-5-l","status":"publish","type":"product","link":"https:\/\/rhinocsport.com\/es\/producto\/detergente-deportivo-5-l","title":{"rendered":"DETERGENTE DEPORTIVO 5 L"},"content":{"rendered":"<h3>Menos es m\u00e1s<\/h3>\n<p>Esta f\u00f3rmula de alto rendimiento es tan concentrada que una botella de 500 ml dura hasta 17 lavados, y una botella de 750 ml hasta 25 lavados. Solo necesita una peque\u00f1a cantidad para obtener resultados sobresalientes; consulte la tabla de dosificaci\u00f3n antes de usar.<\/p>\n<h3>Ventajas<\/h3>\n<ul>\n<li>A base de probi\u00f3ticos (los microorganismos permanecen activos de 3 a 5 d\u00edas despu\u00e9s de su uso)<\/li>\n<li>Limpieza extremadamente potente: contiene al menos 50 millones de microorganismos probi\u00f3ticos por ml<\/li>\n<li>Biodegradable y ecol\u00f3gico<\/li>\n<li>Eliminaci\u00f3n eficaz del olor, no lo enmascara<\/li>\n<li>Aroma fresco y duradero<\/li>\n<li>Prolonga la vida \u00fatil y el rendimiento de la ropa deportiva<\/li>\n<li>Larga vida \u00fatil (m\u00ednimo 2 a\u00f1os)<\/li>\n<li>Los probi\u00f3ticos permanecen activos incluso a bajas temperaturas (ideal entre 30 \u00b0C y 60 \u00b0C)<\/li>\n<li>Adecuado tanto para ropa deportiva como para la colada diaria<\/li>\n<\/ul>\n<h3>Descripci\u00f3n<\/h3>\n<p>El detergente probi\u00f3tico para ropa deportiva RHINOC Sport\u00ae ofrece una soluci\u00f3n de limpieza avanzada y sostenible para atletas y estilos de vida activos. Los microorganismos activos penetran profundamente en las fibras para descomponer el sudor, la grasa y los residuos org\u00e1nicos. Esto elimina los olores desagradables y restaura la frescura, incluso en tejidos deportivos t\u00e9cnicos y sint\u00e9ticos. La acci\u00f3n microsc\u00f3pica de la f\u00f3rmula mantiene su equipo higi\u00e9nicamente limpio y transpirable, ideal para correr, andar en bicicleta, hacer ejercicio, deportes de equipo y m\u00e1s.<\/p>\n<h3>Ingredientes<\/h3>\n<p>Composici\u00f3n seg\u00fan las directrices de la C.E.: 5\u201315 % de tensioactivos ani\u00f3nicos, &lt;5 % de tensioactivos no i\u00f3nicos, policarboxilatos, fosfonatos, enzimas, Bacillus Ferment, fenoxietanol, fragancia.<\/p>\n<h3>Advertencia<\/h3>\n<p>Provoca irritaci\u00f3n cut\u00e1nea y ocular grave. L\u00e1vese bien las manos despu\u00e9s de la manipulaci\u00f3n. Use protecci\u00f3n para los ojos. EN CASO DE CONTACTO CON LOS OJOS: Enjuague cuidadosamente con agua durante varios minutos. Retire los lentes de contacto si est\u00e1n presentes. Contin\u00fae enjuagando. Si la irritaci\u00f3n persiste: busque atenci\u00f3n m\u00e9dica. Qu\u00edtese la ropa contaminada y l\u00e1vela antes de volver a usarla. Contiene subtilisina (9014-01-1): puede provocar una reacci\u00f3n al\u00e9rgica. Mantener fuera del alcance de los ni\u00f1os. Si necesita asesoramiento m\u00e9dico, tenga a mano el recipiente o la etiqueta.<\/p>\n<h3>Sostenibilidad<\/h3>\n<ul>\n<li>Formulaci\u00f3n biodegradable<\/li>\n<li>Botella fabricada con pl\u00e1stico reciclado<\/li>\n<li>Sin productos qu\u00edmicos nocivos ni fosfatos<\/li>\n<li>Seguro para las personas, los tejidos de alto rendimiento y el planeta<\/li>\n<\/ul>\n","protected":false},"excerpt":{"rendered":"<p>ELIMINADOR DE OLORES DE ROPA DEPORTIVA: DETERGENTE PROBI\u00d3TICO ULTRACONCENTRADO RHINOC Sport\u00ae Sports Wash es un detergente de nueva generaci\u00f3n dise\u00f1ado espec\u00edficamente para ropa deportiva. Su f\u00f3rmula ultraconcentrada est\u00e1 impulsada por probi\u00f3ticos: microorganismos beneficiosos que limpian profundamente las fibras, eliminando el sudor, la suciedad y los olores persistentes a nivel microsc\u00f3pico. A diferencia de los detergentes convencionales, RHINOC Sport\u00ae no solo enmascara los olores, sino que los elimina de ra\u00edz. El cultivo probi\u00f3tico contin\u00faa funcionando durante d\u00edas despu\u00e9s del lavado, lo que ayuda a mantener su ropa deportiva fresca e higi\u00e9nica durante m\u00e1s tiempo. Seguro para todos los tejidos sint\u00e9ticos blancos y de color, incluidos los textiles de alto rendimiento con membranas t\u00e9cnicas.<\/p>\n<p>La f\u00f3rmula es biodegradable, ecol\u00f3gica e incluso ayuda a limpiar el desag\u00fce mientras funciona. Tambi\u00e9n es adecuado para la colada diaria. RHINOC Sport\u00ae Sports Wash es suave pero muy eficaz, por lo que es ideal no solo para la ropa deportiva, sino tambi\u00e9n para la colada normal, lo que garantiza que todos los tejidos se mantengan frescos, suaves y sin olores.<\/p>\n","protected":false},"featured_media":3200,"comment_status":"closed","ping_status":"closed","template":"","meta":{"_acf_changed":false},"product_brand":[],"product_cat":[203,137,142],"product_tag":[],"class_list":{"0":"post-2270","1":"product","2":"type-product","3":"status-publish","4":"has-post-thumbnail","6":"product_cat-detergente-para-ropa-deportiva","7":"product_cat-limpiar","8":"product_cat-ropa","10":"first","11":"instock","12":"shipping-taxable","13":"product-type-simple"},"acf":[],"_links":{"self":[{"href":"https:\/\/rhinocsport.com\/es\/wp-json\/wp\/v2\/product\/2270","targetHints":{"allow":["GET"]}}],"collection":[{"href":"https:\/\/rhinocsport.com\/es\/wp-json\/wp\/v2\/product"}],"about":[{"href":"https:\/\/rhinocsport.com\/es\/wp-json\/wp\/v2\/types\/product"}],"replies":[{"embeddable":true,"href":"https:\/\/rhinocsport.com\/es\/wp-json\/wp\/v2\/comments?post=2270"}],"wp:featuredmedia":[{"embeddable":true,"href":"https:\/\/rhinocsport.com\/es\/wp-json\/wp\/v2\/media\/3200"}],"wp:attachment":[{"href":"https:\/\/rhinocsport.com\/es\/wp-json\/wp\/v2\/media?parent=2270"}],"wp:term":[{"taxonomy":"product_brand","embeddable":true,"href":"https:\/\/rhinocsport.com\/es\/wp-json\/wp\/v2\/product_brand?post=2270"},{"taxonomy":"product_cat","embeddable":true,"href":"https:\/\/rhinocsport.com\/es\/wp-json\/wp\/v2\/product_cat?post=2270"},{"taxonomy":"product_tag","embeddable":true,"href":"https:\/\/rhinocsport.com\/es\/wp-json\/wp\/v2\/product_tag?post=2270"}],"curies":[{"name":"wp","href":"https:\/\/api.w.org\/{rel}","templated":true}]}}