{"id":2250,"date":"2026-03-04T13:31:24","date_gmt":"2026-03-04T12:31:24","guid":{"rendered":"https:\/\/rhinocsport.com\/detergente-para-plumon-y-merino-500-ml"},"modified":"2026-03-11T12:25:28","modified_gmt":"2026-03-11T11:25:28","slug":"lavado-plumon-merino-500-ml","status":"publish","type":"product","link":"https:\/\/rhinocsport.com\/es\/producto\/lavado-plumon-merino-500-ml","title":{"rendered":"LAVADO PLUM\u00d3N &#038; MERINO 500 ml"},"content":{"rendered":"<h3>Ventajas clave<\/h3>\n<ul>\n<li>Limpieza higi\u00e9nica y suave para materiales delicados<\/li>\n<li>Evita que el plum\u00f3n y las fibras se apelmacen y se peguen<\/li>\n<li>Mantiene el aislamiento, la suavidad y la transpirabilidad<\/li>\n<li>Restaura el volumen y el rendimiento de la ropa de exterior<\/li>\n<li>Apto para lavar a mano y a m\u00e1quina<\/li>\n<li>Botella fabricada con material 100 % reciclado<\/li>\n<li>F\u00e1cil de usar con tap\u00f3n dosificador integrado<\/li>\n<li>Fabricado en Europa \u2013 500 ml<\/li>\n<\/ul>\n<h3>Instrucciones de uso<\/h3>\n<p>Dosificaci\u00f3n: 20\u201340 ml (\u00bd\u20131 tap\u00f3n) por cada 2,5 kg de ropa seca. 1 tap\u00f3n = 40 ml<\/p>\n<p>Lavado a m\u00e1quina:<\/p>\n<ol>\n<li>Siga siempre las instrucciones de cuidado de la prenda.<\/li>\n<li>Dele la vuelta a las prendas antes de lavarlas.<\/li>\n<li>Cargue la lavadora con un m\u00e1ximo de 2,5 kg.<\/li>\n<li>Seleccione un programa para prendas delicadas o de lana.<\/li>\n<li>Centrifugue a un m\u00e1ximo de 400 rpm.<\/li>\n<li>Seque en secadora con bolas de secado para obtener mejores resultados.<\/li>\n<\/ol>\n<p>Consejo: Carde la gamuza con un cepillo despu\u00e9s del secado y pula el cuero liso para mejorar la repelencia al agua.<\/p>\n<h3>F\u00f3rmula y sostenibilidad<\/h3>\n<ul>\n<li>A base de agua, no inflamable, sin propelente<\/li>\n<li>100 % libre de PFC\/PFAS<\/li>\n<li>Respetuoso con el medio ambiente y seguro para la piel<\/li>\n<li>Botella fabricada con pl\u00e1stico reciclado<\/li>\n<li>Protege el rendimiento y el planeta<\/li>\n<\/ul>\n<h3>Ingredientes<\/h3>\n<p>Aqua, Laureth-7, Alcohol, Sodium Laureth Sulfate, PEG-4 Rapeseedamide, Sodium Olivate, Tetrasodium Glutamate Diacetate, Monosodium Citrate, Sodium Chloride, Parfum, Coco-Glucoside, Glycol Distearate, Vegetable Oil, Prunus Amygdalus Dulcis Oil, Amylase, Cellulase. Contiene 5\u201315 % de tensioactivos ani\u00f3nicos, tensioactivos no i\u00f3nicos, &lt;5 % de jab\u00f3n, enzimas, perfume, amilasa, celulasa.<\/p>\n<p>Para obtener informaci\u00f3n detallada sobre los ingredientes, consulte las fichas de datos de seguridad en nuestro sitio web.<\/p>\n<h3>Informaci\u00f3n de seguridad<\/h3>\n<p>Provoca irritaci\u00f3n ocular grave. Mantener fuera del alcance de los ni\u00f1os. EN CASO DE CONTACTO CON LOS OJOS: Aclarar cuidadosamente con agua durante varios minutos. Quitar las lentes de contacto, si lleva y resulta f\u00e1cil. Seguir aclarando. Si persiste la irritaci\u00f3n ocular: Consultar a un m\u00e9dico. Eliminar el contenido\/el recipiente en una instalaci\u00f3n de eliminaci\u00f3n de residuos autorizada.<\/p>\n<p>Resultados de limpieza profesionales, directamente en su hogar. La f\u00f3rmula RHINOC Sport\u00ae de origen vegetal se aclara f\u00e1cilmente, evitando que el plum\u00f3n o las fibras se apelmacen y se acumulen. Las bolas de secado incluidas, hechas de lana natural afieltrada, separan suavemente el relleno durante el secado, restaurando el volumen, la suavidad y el aislamiento. Por supuesto, \u00a1tambi\u00e9n puede utilizar las bolas de secado que ya tenga! Resultado: un rendimiento fresco y ligero para su equipo de plum\u00f3n, sint\u00e9tico o de merino, para que su ropa funcional siga siendo como debe ser: ligera, c\u00e1lida y potente.<\/p>\n","protected":false},"excerpt":{"rendered":"<p>Cuidado de alto rendimiento para plum\u00f3n, merino y tejidos de alta tecnolog\u00eda. Los tejidos t\u00e9cnicos y de exterior como el plum\u00f3n, la lana merino y las membranas de alto rendimiento exigen un cuidado especial. El sudor, la suciedad y los olores pueden afectar a la transpirabilidad y el aislamiento con el tiempo, y los detergentes agresivos pueden da\u00f1ar las fibras delicadas.<\/p>\n<p>Por eso RHINOC Sport\u00ae ha desarrollado DOWN &amp; MERINO WASH: un detergente especializado de alto rendimiento y sin PFC, dise\u00f1ado para la limpieza higi\u00e9nica pero suave de materiales sensibles. La f\u00f3rmula de limpieza avanzada elimina eficazmente el sudor, la suciedad y los olores, al tiempo que evita que el plum\u00f3n y el aislamiento sint\u00e9tico se apelmacen o se peguen. Restaura el volumen, la calidez y la transpirabilidad naturales de su equipo deportivo y de exterior, manteni\u00e9ndolo fresco, ligero y rindiendo al m\u00e1ximo. Perfecto para chaquetas de plum\u00f3n, sacos de dormir, capas base de merino y todas las prendas de alta tecnolog\u00eda con membranas funcionales.<\/p>\n","protected":false},"featured_media":2252,"comment_status":"closed","ping_status":"closed","template":"","meta":{"_acf_changed":false},"product_brand":[],"product_cat":[198,221,141,137,142],"product_tag":[],"class_list":{"0":"post-2250","1":"product","2":"type-product","3":"status-publish","4":"has-post-thumbnail","6":"product_cat-detergente-para-plumon-y-merino","7":"product_cat-detergente-para-plumon-y-merino-equipamiento","8":"product_cat-equipamiento","9":"product_cat-limpiar","10":"product_cat-ropa","12":"first","13":"instock","14":"shipping-taxable","15":"product-type-simple"},"acf":[],"_links":{"self":[{"href":"https:\/\/rhinocsport.com\/es\/wp-json\/wp\/v2\/product\/2250","targetHints":{"allow":["GET"]}}],"collection":[{"href":"https:\/\/rhinocsport.com\/es\/wp-json\/wp\/v2\/product"}],"about":[{"href":"https:\/\/rhinocsport.com\/es\/wp-json\/wp\/v2\/types\/product"}],"replies":[{"embeddable":true,"href":"https:\/\/rhinocsport.com\/es\/wp-json\/wp\/v2\/comments?post=2250"}],"wp:featuredmedia":[{"embeddable":true,"href":"https:\/\/rhinocsport.com\/es\/wp-json\/wp\/v2\/media\/2252"}],"wp:attachment":[{"href":"https:\/\/rhinocsport.com\/es\/wp-json\/wp\/v2\/media?parent=2250"}],"wp:term":[{"taxonomy":"product_brand","embeddable":true,"href":"https:\/\/rhinocsport.com\/es\/wp-json\/wp\/v2\/product_brand?post=2250"},{"taxonomy":"product_cat","embeddable":true,"href":"https:\/\/rhinocsport.com\/es\/wp-json\/wp\/v2\/product_cat?post=2250"},{"taxonomy":"product_tag","embeddable":true,"href":"https:\/\/rhinocsport.com\/es\/wp-json\/wp\/v2\/product_tag?post=2250"}],"curies":[{"name":"wp","href":"https:\/\/api.w.org\/{rel}","templated":true}]}}