{"id":2172,"date":"2026-02-27T14:52:53","date_gmt":"2026-02-27T13:52:53","guid":{"rendered":"https:\/\/rhinocsport.com\/limpiador-multiusos-concentrado-1-l"},"modified":"2026-03-11T14:53:20","modified_gmt":"2026-03-11T13:53:20","slug":"limpiador-universal-concentrado-1l","status":"publish","type":"product","link":"https:\/\/rhinocsport.com\/es\/producto\/limpiador-universal-concentrado-1l","title":{"rendered":"LIMPIADOR UNIVERSAL CONCENTRADO 1L"},"content":{"rendered":"<p><strong>El limpiador multiusos concentrado RHINOC Sport\u00ae<\/strong> proporciona una limpieza potente y duradera para:<\/p>\n<ul>\n<li>Suelos y colchonetas deportivas (p. ej., colchonetas de judo, puzle, gimnasio y yoga)<\/li>\n<li>Sacos y almohadillas de boxeo<\/li>\n<li>Mesas, bancos y equipos de fitness<\/li>\n<li>Paredes y otras superficies lavables<\/li>\n<\/ul>\n<p>Su <strong>rendimiento de triple acci\u00f3n<\/strong> garantiza una higiene \u00f3ptima:<\/p>\n<ol>\n<li><strong>Limpieza microsc\u00f3pica profunda<\/strong>: elimina incluso la suciedad y la acumulaci\u00f3n invisibles.<\/li>\n<li><strong>Eliminaci\u00f3n y prevenci\u00f3n de olores<\/strong>: neutraliza los olores del sudor en lugar de enmascararlos.<\/li>\n<li><strong>Protecci\u00f3n de la microflora<\/strong>: establece un equilibrio superficial seguro y saludable.<\/li>\n<\/ol>\n<p>Seguro para las personas, las superficies y el medio ambiente.<\/p>\n<h3>C\u00f3mo funciona<\/h3>\n<p>A diferencia de los limpiadores qu\u00edmicos convencionales que solo enmascaran los olores, RHINOC Sport\u00ae aprovecha el poder limpiador de las bacterias beneficiosas.<br \/>\nCon m\u00e1s de 50 millones de microorganismos probi\u00f3ticos activos por mililitro, el limpiador penetra profundamente en los poros microsc\u00f3picos de las superficies donde se acumulan el sudor y la suciedad.<br \/>\nEstos cultivos activos descomponen la materia org\u00e1nica y restauran una microflora equilibrada que previene de forma natural el olor y el crecimiento bacteriano, incluso d\u00edas despu\u00e9s de su uso.<br \/>\nEl resultado: un entorno m\u00e1s limpio, fresco y saludable, sin residuos nocivos.<\/p>\n<h3>Adecuado para<\/h3>\n<p>\u2022 Equipos y m\u00e1quinas de entrenamiento<br \/>\n\u2022 Ropa y accesorios deportivos<br \/>\n\u2022 Colchonetas y suelos (judo, yoga, fitness, colchonetas de puzle, etc.)<br \/>\n\u2022 Sacos y escudos de boxeo<br \/>\n\u2022 Paredes, bancos, mesas y vestuarios<br \/>\n\u2022 Todos los entornos deportivos lavables<\/p>\n<h3>Ventajas<\/h3>\n<p>\u2022 A base de probi\u00f3ticos (sigue funcionando de 3 a 5 d\u00edas despu\u00e9s de su uso)<br \/>\n\u2022 M\u00e1s de 50 millones de microorganismos activos por ml<br \/>\n\u2022 Altamente concentrado y de larga duraci\u00f3n<br \/>\n\u2022 Biodegradable y ecol\u00f3gico<br \/>\n\u2022 Aroma fresco y limpio<br \/>\n\u2022 Prolonga la vida \u00fatil de las superficies y los equipos<br \/>\n\u2022 Larga vida \u00fatil (m\u00ednimo 2 a\u00f1os)<\/p>\n<h3>Uso y diluci\u00f3n<\/h3>\n<p>M\u00e9todos de aplicaci\u00f3n: pulverizaci\u00f3n, cubo o toallitas prehumedecidas<\/p>\n<h3>Aplicaci\u00f3n en spray<\/h3>\n<p>Diluci\u00f3n: 40 ml (aprox. 4 tapones) por 500 ml de agua tibia<\/p>\n<ul>\n<li>Llene un frasco rociador con la soluci\u00f3n<\/li>\n<li>Aplique uniformemente sobre las superficies con una fina niebla<\/li>\n<li>Limpie con un pa\u00f1o absorbente o de microfibra<\/li>\n<li>1 L de concentrado = aprox. 25 recargas de frascos rociadores (500 ml cada uno)<\/li>\n<\/ul>\n<h3>Aplicaci\u00f3n con cubo<\/h3>\n<ul>\n<li>Diluci\u00f3n:\n<ul>\n<li>Limpieza normal: 100 ml por 10 L de agua<\/li>\n<li>Limpieza profunda: 300 ml por 10 L de agua<\/li>\n<\/ul>\n<\/li>\n<li>Mezcle en agua tibia y aplique con una fregona o un pa\u00f1o<\/li>\n<li>Deje secar al aire<\/li>\n<\/ul>\n<h3>Toallitas prehumedecidas<\/h3>\n<ul>\n<li>Diluci\u00f3n: igual que para el uso con cubo (100\u2013300 ml por 10 L de agua)<\/li>\n<li>Remoje hasta 15 pa\u00f1os<\/li>\n<li>Utilice como toallitas de limpieza normales<\/li>\n<\/ul>\n<p><strong>Nota<\/strong>: utilice el producto diluido en un plazo de 3 d\u00edas. Deseche la soluci\u00f3n residual por el desag\u00fce: sigue limpiando sus tuber\u00edas de forma natural.<\/p>\n<h3>Almacenamiento y manipulaci\u00f3n<\/h3>\n<ul>\n<li>Almacene entre 5 \u00b0C y 40 \u00b0C, lejos de la luz solar directa<\/li>\n<li>Mantenga el recipiente bien cerrado<\/li>\n<li>Seguro para todas las superficies lavables y materiales no corrosivos<\/li>\n<\/ul>\n<h3>Ingredientes<\/h3>\n<p>Seg\u00fan las directrices de la UE:<br \/>\n&lt;5 % de tensioactivos ani\u00f3nicos, Bacillus Ferment, fenoxietanol, perfume.<br \/>\nContiene (1,8-cineol). Puede provocar una reacci\u00f3n al\u00e9rgica.<br \/>\nPara obtener informaci\u00f3n detallada sobre los ingredientes, visite: www.rhinocsport.com<\/p>\n<h3>Informaci\u00f3n de seguridad<\/h3>\n<p><strong>P101<\/strong>: Si necesita consejo m\u00e9dico, tenga a mano el envase o la etiqueta del producto.<br \/>\n<strong>P102<\/strong>: Mantener fuera del alcance de los ni\u00f1os.<br \/>\nCompletamente no t\u00f3xico y biodegradable.<\/p>\n","protected":false},"excerpt":{"rendered":"<p>LIMPIEZA PROBI\u00d3TICA DE ALTO RENDIMIENTO PARA GIMNASIOS, CLUBES E INSTALACIONES DEPORTIVAS<\/p>\n<p>Higiene de alto rendimiento, impulsada por probi\u00f3ticos: segura, eficaz y sostenible. El <strong>limpiador multiusos concentrado RHINOC Sport\u00ae<\/strong> es una soluci\u00f3n de limpieza probi\u00f3tica de calidad profesional dise\u00f1ada para <strong>gimnasios, clubes y entornos de entrenamiento<\/strong>. Su f\u00f3rmula ultraconcentrada ofrece una limpieza profunda y duradera en todo tipo de equipos deportivos, suelos, colchonetas y superficies.<\/p>\n<p>Gracias al poder natural de los probi\u00f3ticos, elimina el sudor, la suciedad y los olores a <strong>nivel microsc\u00f3pico<\/strong>, creando un entorno saludable y seguro para los atletas. Los microorganismos siguen actuando <strong>de 3 a 5 d\u00edas despu\u00e9s de la aplicaci\u00f3n<\/strong>, evitando la acumulaci\u00f3n de olores y manteniendo la frescura con el tiempo.<\/p>\n<p>Completamente <strong>biodegradable<\/strong>, <strong>no t\u00f3xico<\/strong> y <strong>seguro tanto para los usuarios como para los materiales<\/strong>, este limpiador es la opci\u00f3n inteligente para la higiene deportiva moderna.<\/p>\n","protected":false},"featured_media":2177,"comment_status":"open","ping_status":"closed","template":"","meta":{"_acf_changed":false},"product_brand":[],"product_cat":[141,189,137],"product_tag":[],"class_list":{"0":"post-2172","1":"product","2":"type-product","3":"status-publish","4":"has-post-thumbnail","6":"product_cat-equipamiento","7":"product_cat-limpiador-multiusos-concentrado","8":"product_cat-limpiar","10":"first","11":"instock","12":"shipping-taxable","13":"product-type-simple"},"acf":[],"_links":{"self":[{"href":"https:\/\/rhinocsport.com\/es\/wp-json\/wp\/v2\/product\/2172","targetHints":{"allow":["GET"]}}],"collection":[{"href":"https:\/\/rhinocsport.com\/es\/wp-json\/wp\/v2\/product"}],"about":[{"href":"https:\/\/rhinocsport.com\/es\/wp-json\/wp\/v2\/types\/product"}],"replies":[{"embeddable":true,"href":"https:\/\/rhinocsport.com\/es\/wp-json\/wp\/v2\/comments?post=2172"}],"wp:featuredmedia":[{"embeddable":true,"href":"https:\/\/rhinocsport.com\/es\/wp-json\/wp\/v2\/media\/2177"}],"wp:attachment":[{"href":"https:\/\/rhinocsport.com\/es\/wp-json\/wp\/v2\/media?parent=2172"}],"wp:term":[{"taxonomy":"product_brand","embeddable":true,"href":"https:\/\/rhinocsport.com\/es\/wp-json\/wp\/v2\/product_brand?post=2172"},{"taxonomy":"product_cat","embeddable":true,"href":"https:\/\/rhinocsport.com\/es\/wp-json\/wp\/v2\/product_cat?post=2172"},{"taxonomy":"product_tag","embeddable":true,"href":"https:\/\/rhinocsport.com\/es\/wp-json\/wp\/v2\/product_tag?post=2172"}],"curies":[{"name":"wp","href":"https:\/\/api.w.org\/{rel}","templated":true}]}}