{"id":2121,"date":"2026-02-20T13:29:47","date_gmt":"2026-02-20T12:29:47","guid":{"rendered":"https:\/\/rhinocsport.com\/?post_type=product&#038;p=2121"},"modified":"2026-03-11T14:37:48","modified_gmt":"2026-03-11T13:37:48","slug":"impermeabilizante-5-l","status":"publish","type":"product","link":"https:\/\/rhinocsport.com\/es\/producto\/impermeabilizante-5-l","title":{"rendered":"IMPERMEABILIZANTE 5 L"},"content":{"rendered":"<h3>Ventajas clave<\/h3>\n<ul>\n<li>Protecci\u00f3n avanzada repelente al agua para calzado, textiles y equipamiento<\/li>\n<li>Apto para GORE-TEX\u00ae y otras membranas clim\u00e1ticas<\/li>\n<li>Ideal para cuero, ante, nobuk y materiales sint\u00e9ticos<\/li>\n<li>Mantiene la transpirabilidad y la flexibilidad de los tejidos<\/li>\n<li>Sin PFC\/PFAS, no inflamable y a base de agua<\/li>\n<li>Botella fabricada con material 100 % reciclado<\/li>\n<li>Fabricado en Europa \u2013 5 L<\/li>\n<\/ul>\n<h3>Instrucciones de uso<\/h3>\n<ol>\n<li>Limpie el art\u00edculo antes de aplicar RHINOC Sport\u00ae WATER REPELL.<\/li>\n<li>Sostenga la botella en posici\u00f3n vertical y pulverice uniformemente desde una distancia de 15\u201320 cm.<\/li>\n<li>Deje secar durante 2 minutos y, a continuaci\u00f3n, retire el exceso de l\u00edquido con un pa\u00f1o h\u00famedo.<\/li>\n<li>Aseg\u00farese de que quede totalmente cubierto; para obtener mejores resultados, deje secar durante 24 horas.<\/li>\n<li>Para el ante, cepille ligeramente despu\u00e9s del secado. Pula el cuero liso para obtener resultados \u00f3ptimos.<\/li>\n<\/ol>\n<h3>F\u00f3rmula y sostenibilidad<\/h3>\n<ul>\n<li>A base de agua, no inflamable, sin propelente<\/li>\n<li>100 % libre de PFC y fluorocarbonos nocivos<\/li>\n<li>Seguro para tejidos, la piel y el medio ambiente<\/li>\n<li>Fabricado en Alemania con materiales de embalaje reciclados<\/li>\n<\/ul>\n<h3>Ingredientes<\/h3>\n<p>Formulaci\u00f3n a base de agua, sin PFC\/PFAS, propelentes ni aerosoles. Encontrar\u00e1 informaci\u00f3n detallada en la ficha de datos de seguridad del producto.<\/p>\n<h3>Informaci\u00f3n de seguridad<\/h3>\n<p>Provoca irritaci\u00f3n ocular grave. Mantener fuera del alcance de los ni\u00f1os. EN CASO DE CONTACTO CON LOS OJOS: Aclarar cuidadosamente con agua durante varios minutos. Quitar las lentes de contacto, si lleva y resulta f\u00e1cil. Seguir aclarando. Si persiste la irritaci\u00f3n ocular: Consultar a un m\u00e9dico. Eliminar el contenido\/el recipiente de acuerdo con la normativa local.<\/p>\n<h3>CONSEJO PROFESIONAL<\/h3>\n<p>Ideal para reimpermeabilizar equipamiento de exterior, calzado y ropa t\u00e9cnica despu\u00e9s del lavado. Proporciona resultados \u00f3ptimos cuando se utiliza en combinaci\u00f3n con RHINOC Sport\u00ae Textile Wash o Shoe Cleaner.<\/p>\n","protected":false},"excerpt":{"rendered":"<p>Protecci\u00f3n h\u00eddrica de alto rendimiento para calzado, ropa y equipamiento. RHINOC Sport\u00ae WATER REPELL proporciona una protecci\u00f3n duradera y de alto rendimiento contra la humedad y la suciedad. Dise\u00f1ado para todos los textiles funcionales y de exterior, restaura la capa duradera repelente al agua (DWR) que se desvanece con el tiempo y el uso. Esta f\u00f3rmula a base de agua y sin PFC protege eficazmente la ropa funcional, el calzado y el equipamiento, manteniendo la transpirabilidad y la comodidad.<\/p>\n","protected":false},"featured_media":3434,"comment_status":"closed","ping_status":"closed","template":"","meta":{"_acf_changed":false},"product_brand":[],"product_cat":[138,141,200,143,161,140,142],"product_tag":[],"class_list":{"0":"post-2121","1":"product","2":"type-product","3":"status-publish","4":"has-post-thumbnail","6":"product_cat-calzado","7":"product_cat-equipamiento","8":"product_cat-impermeabilizante-equipamiento","9":"product_cat-impermeabilizante","10":"product_cat-impermeabilizante-material","11":"product_cat-proteger","12":"product_cat-ropa","14":"first","15":"instock","16":"shipping-taxable","17":"product-type-simple"},"acf":[],"_links":{"self":[{"href":"https:\/\/rhinocsport.com\/es\/wp-json\/wp\/v2\/product\/2121","targetHints":{"allow":["GET"]}}],"collection":[{"href":"https:\/\/rhinocsport.com\/es\/wp-json\/wp\/v2\/product"}],"about":[{"href":"https:\/\/rhinocsport.com\/es\/wp-json\/wp\/v2\/types\/product"}],"replies":[{"embeddable":true,"href":"https:\/\/rhinocsport.com\/es\/wp-json\/wp\/v2\/comments?post=2121"}],"wp:featuredmedia":[{"embeddable":true,"href":"https:\/\/rhinocsport.com\/es\/wp-json\/wp\/v2\/media\/3434"}],"wp:attachment":[{"href":"https:\/\/rhinocsport.com\/es\/wp-json\/wp\/v2\/media?parent=2121"}],"wp:term":[{"taxonomy":"product_brand","embeddable":true,"href":"https:\/\/rhinocsport.com\/es\/wp-json\/wp\/v2\/product_brand?post=2121"},{"taxonomy":"product_cat","embeddable":true,"href":"https:\/\/rhinocsport.com\/es\/wp-json\/wp\/v2\/product_cat?post=2121"},{"taxonomy":"product_tag","embeddable":true,"href":"https:\/\/rhinocsport.com\/es\/wp-json\/wp\/v2\/product_tag?post=2121"}],"curies":[{"name":"wp","href":"https:\/\/api.w.org\/{rel}","templated":true}]}}