{"id":1598,"date":"2026-03-11T13:26:36","date_gmt":"2026-03-11T12:26:36","guid":{"rendered":"https:\/\/rhinocsport.com\/sports-gear-fresh-30ml"},"modified":"2026-03-11T11:39:03","modified_gmt":"2026-03-11T10:39:03","slug":"sports-gear-fresh-30ml","status":"publish","type":"product","link":"https:\/\/rhinocsport.com\/de\/produkt\/sports-gear-fresh-30ml","title":{"rendered":"Sports gear fresh 30ml"},"content":{"rendered":"<h3>Beschreibung<\/h3>\n<p>RHINOC Sport\u00ae Gear Fresh reduziert unerw\u00fcnschte Ger\u00fcche und Schimmelbildung erheblich. Es ist absolut sicher in der Anwendung und f\u00fcr alle Sportger\u00e4te geeignet, die nicht leicht gewaschen werden k\u00f6nnen. Das 30-ml-Spray erzeugt einen ultrafeinen Nebel, der schnell trocknet und aus jedem Winkel (360\u00b0) aufgetragen werden kann.<\/p>\n<p>Diese biologisch abbaubare Formel ist umweltfreundlich und hautsicher, wodurch sie ideal f\u00fcr den t\u00e4glichen Gebrauch ist. Angetrieben durch die ProBio-Technologie (Probiotika) wirkt Gear Fresh mit n\u00fctzlichen Mikroorganismen, die das Wachstum geruchsverursachender Bakterien und Schimmel verhindern. Im Gegensatz zu herk\u00f6mmlichen Sprays, die unangenehme Ger\u00fcche nur \u00fcberdecken, bek\u00e4mpft RHINOC Sport\u00ae Gear Fresh das Problem an der Wurzel. Die aktiven Probiotika wirken nach der Anwendung 3\u20135 Tage lang weiter und tragen dazu bei, die Lebensdauer und Frische Ihrer Sportausr\u00fcstung zu verl\u00e4ngern.<\/p>\n<h3>Geeignet f\u00fcr<\/h3>\n<ul>\n<li>Schuhe<\/li>\n<li>Helme<\/li>\n<li>Judo \/ Karate \/ Taekwondo Gi<\/li>\n<li>Box- &amp; Skihandschuhe<\/li>\n<li>Eishockeybekleidung<\/li>\n<li>Schlittschuhe<\/li>\n<li>Skischuhe<\/li>\n<li>Schienbeinschoner<\/li>\n<li>Sporttaschen<\/li>\n<li>\u2026und alle anderen schwer zu waschenden Ausr\u00fcstungsgegenst\u00e4nde<\/li>\n<\/ul>\n<h3>Vorteile<\/h3>\n<ul>\n<li>Auf Probiotika-Basis (Mikroorganismen bleiben 3\u20135 Tage nach Gebrauch aktiv)<\/li>\n<li>Hochwirksam \u2013 enth\u00e4lt mindestens 50 Millionen probiotische Mikroorganismen pro ml<\/li>\n<li>Biologisch abbaubar und umweltfreundlich<\/li>\n<li>360\u00b0 anwendbares Design<\/li>\n<li>Ultrafeiner Nebel f\u00fcr schnelles Trocknen<\/li>\n<li>Frischer, sauberer Duft<\/li>\n<li>Verl\u00e4ngert die Lebensdauer von Sportger\u00e4ten<\/li>\n<li>Lange Haltbarkeit (mindestens 2 Jahre)<\/li>\n<\/ul>\n<h3>Inhaltsstoffe<\/h3>\n<p>Zusammensetzung gem\u00e4\u00df E.C.-Richtlinien: Bacillus-Ferment, Phenoxyethanol, Duftstoff. Vor Sonnenlicht sch\u00fctzen. Nicht Temperaturen \u00fcber 50 \u00b0C \/ 122 \u00b0F aussetzen. Au\u00dferhalb der Reichweite von Kindern aufbewahren. Falls \u00e4rztlicher Rat erforderlich ist, Verpackung oder Etikett bereithalten.<\/p>\n","protected":false},"excerpt":{"rendered":"<p>FRISCHE L\u00d6SUNGEN \u2013 PROBIOTISCHER GERUCHSENTFERNER \u2013 EINFACH ANZUWENDEN<\/p>\n<ul>\n<li>Entfernt effektiv Schwei\u00df- und K\u00f6rperger\u00fcche von Sportschuhen, (Ski-)Stiefeln, (Ski-\/Box-)Handschuhen, Helmen, Protektoren, Schienbeinschonern und anderer Sport- oder Vereinsausr\u00fcstung.<\/li>\n<li>Sorgt f\u00fcr langanhaltende Frische dank guter Bakterien, den Probiotika.<\/li>\n<li>Biologisch abbaubares Spray \u2013 sicher f\u00fcr Mensch und Umwelt.<\/li>\n<\/ul>\n","protected":false},"featured_media":1604,"comment_status":"closed","ping_status":"closed","template":"","meta":{"_acf_changed":false},"product_brand":[],"product_cat":[93,98,99,100,101],"product_tag":[],"class_list":{"0":"post-1598","1":"product","2":"type-product","3":"status-publish","4":"has-post-thumbnail","6":"product_cat-auffrischen","7":"product_cat-bekleidung","8":"product_cat-schuhe","9":"product_cat-sportausrustung-erfrischer","10":"product_cat-sportausrustung-erfrischer-schuhe","12":"first","13":"instock","14":"shipping-taxable","15":"product-type-simple"},"acf":[],"_links":{"self":[{"href":"https:\/\/rhinocsport.com\/de\/wp-json\/wp\/v2\/product\/1598","targetHints":{"allow":["GET"]}}],"collection":[{"href":"https:\/\/rhinocsport.com\/de\/wp-json\/wp\/v2\/product"}],"about":[{"href":"https:\/\/rhinocsport.com\/de\/wp-json\/wp\/v2\/types\/product"}],"replies":[{"embeddable":true,"href":"https:\/\/rhinocsport.com\/de\/wp-json\/wp\/v2\/comments?post=1598"}],"wp:featuredmedia":[{"embeddable":true,"href":"https:\/\/rhinocsport.com\/de\/wp-json\/wp\/v2\/media\/1604"}],"wp:attachment":[{"href":"https:\/\/rhinocsport.com\/de\/wp-json\/wp\/v2\/media?parent=1598"}],"wp:term":[{"taxonomy":"product_brand","embeddable":true,"href":"https:\/\/rhinocsport.com\/de\/wp-json\/wp\/v2\/product_brand?post=1598"},{"taxonomy":"product_cat","embeddable":true,"href":"https:\/\/rhinocsport.com\/de\/wp-json\/wp\/v2\/product_cat?post=1598"},{"taxonomy":"product_tag","embeddable":true,"href":"https:\/\/rhinocsport.com\/de\/wp-json\/wp\/v2\/product_tag?post=1598"}],"curies":[{"name":"wp","href":"https:\/\/api.w.org\/{rel}","templated":true}]}}