{"id":1595,"date":"2026-02-20T13:29:47","date_gmt":"2026-02-20T12:29:47","guid":{"rendered":"https:\/\/rhinocsport.com\/water-repell-5l"},"modified":"2026-03-11T13:45:09","modified_gmt":"2026-03-11T12:45:09","slug":"impraegnierung-spray-5-l","status":"publish","type":"product","link":"https:\/\/rhinocsport.com\/de\/produkt\/impraegnierung-spray-5-l","title":{"rendered":"IMPR\u00c4GNIERUNG SPRAY 5 l"},"content":{"rendered":"<h3>Hauptvorteile<\/h3>\n<ul>\n<li>Fortschrittlicher, wasserabweisender Schutz f\u00fcr Schuhe, Textilien und Ausr\u00fcstung<\/li>\n<li>Geeignet f\u00fcr GORE-TEX\u00ae und andere Klimamembrane<\/li>\n<li>Ideal f\u00fcr Leder, Wildleder, Nubuk und synthetische Materialien<\/li>\n<li>Erh\u00e4lt die Atmungsaktivit\u00e4t und Flexibilit\u00e4t von Stoffen<\/li>\n<li>PFC\/PFAS-frei, nicht entflammbar und auf Wasserbasis<\/li>\n<li>Flasche aus 100 % recyceltem Material<\/li>\n<li>Hergestellt in Europa \u2013 5 l<\/li>\n<\/ul>\n<h3>Gebrauchsanweisung<\/h3>\n<ol>\n<li>Reinigen Sie den Artikel, bevor Sie RHINOC Sport\u00ae WATER REPELL auftragen.<\/li>\n<li>Halten Sie die Flasche aufrecht und spr\u00fchen Sie gleichm\u00e4\u00dfig aus einer Entfernung von 15\u201320 cm.<\/li>\n<li>2 Minuten trocknen lassen und anschlie\u00dfend \u00fcbersch\u00fcssige Fl\u00fcssigkeit mit einem feuchten Tuch entfernen.<\/li>\n<li>Stellen Sie eine vollst\u00e4ndige Abdeckung sicher; f\u00fcr beste Ergebnisse 24 Stunden trocknen lassen.<\/li>\n<li>Bei Wildleder nach dem Trocknen leicht aufb\u00fcrsten. Glattleder f\u00fcr optimale Ergebnisse polieren.<\/li>\n<\/ol>\n<h3>Formel &amp; Nachhaltigkeit<\/h3>\n<ul>\n<li>Auf Wasserbasis, nicht entflammbar, treibmittelfrei<\/li>\n<li>100 % frei von PFCs und sch\u00e4dlichen Fluorkarbonen<\/li>\n<li>Sicher f\u00fcr Stoffe, Haut und die Umwelt<\/li>\n<li>Hergestellt in Deutschland aus recycelten Verpackungsmaterialien<\/li>\n<\/ul>\n<h3>Ingredients<\/h3>\n<p>Formulierung auf Wasserbasis, frei von PFC\/PFAS, Treibmitteln und Aerosolen. Detaillierte Informationen finden Sie im Produktsicherheitsdatenblatt.<\/p>\n<h3>Sicherheitshinweise<\/h3>\n<p>Verursacht schwere Augenreizung. Darf nicht in die H\u00e4nde von Kindern gelangen. BEI KONTAKT MIT DEN AUGEN: Einige Minuten lang behutsam mit Wasser sp\u00fclen. Eventuell vorhandene Kontaktlinsen nach M\u00f6glichkeit entfernen. Weiter sp\u00fclen. Bei anhaltender Reizung \u00e4rztlichen Rat einholen. Inhalt\/Beh\u00e4lter gem\u00e4\u00df den lokalen Vorschriften entsorgen.<\/p>\n<h3>PROFI-TIPP<\/h3>\n<p>Ideal zur Nachimpr\u00e4gnierung von Outdoor-Ausr\u00fcstung, Schuhen und Funktionsbekleidung nach dem Waschen. Bietet optimale Ergebnisse in Kombination mit RHINOC Sport\u00ae Textilwaschmittel oder Schuhreiniger.<\/p>\n","protected":false},"excerpt":{"rendered":"<p>Hochleistungs-Wasserschutz f\u00fcr Schuhe, Kleidung und Ausr\u00fcstung. RHINOC Sport\u00ae WATER REPELL bietet einen lang anhaltenden, hochwirksamen Schutz vor Feuchtigkeit und Schmutz. Es wurde f\u00fcr alle Outdoor- und Funktionstextilien entwickelt und stellt die dauerhaft wasserabweisende (DWR) Schicht wieder her, die mit der Zeit und dem Gebrauch verblasst. Diese wasserbasierte, PFC-freie Formel sch\u00fctzt Funktionstextilien, Schuhe und Ausr\u00fcstung effektiv und erh\u00e4lt gleichzeitig Atmungsaktivit\u00e4t und Komfort.<\/p>\n","protected":false},"featured_media":3430,"comment_status":"closed","ping_status":"closed","template":"","meta":{"_acf_changed":false},"product_brand":[],"product_cat":[90,98,107,113,106,99,92],"product_tag":[],"class_list":{"0":"post-1595","1":"product","2":"type-product","3":"status-publish","4":"has-post-thumbnail","6":"product_cat-ausrustung","7":"product_cat-bekleidung","8":"product_cat-impragnierspray","9":"product_cat-impragnierspray-bekleidung","10":"product_cat-impragnierspray-schuhe","11":"product_cat-schuhe","12":"product_cat-schuetzen","14":"first","15":"instock","16":"shipping-taxable","17":"product-type-simple"},"acf":[],"_links":{"self":[{"href":"https:\/\/rhinocsport.com\/de\/wp-json\/wp\/v2\/product\/1595","targetHints":{"allow":["GET"]}}],"collection":[{"href":"https:\/\/rhinocsport.com\/de\/wp-json\/wp\/v2\/product"}],"about":[{"href":"https:\/\/rhinocsport.com\/de\/wp-json\/wp\/v2\/types\/product"}],"replies":[{"embeddable":true,"href":"https:\/\/rhinocsport.com\/de\/wp-json\/wp\/v2\/comments?post=1595"}],"wp:featuredmedia":[{"embeddable":true,"href":"https:\/\/rhinocsport.com\/de\/wp-json\/wp\/v2\/media\/3430"}],"wp:attachment":[{"href":"https:\/\/rhinocsport.com\/de\/wp-json\/wp\/v2\/media?parent=1595"}],"wp:term":[{"taxonomy":"product_brand","embeddable":true,"href":"https:\/\/rhinocsport.com\/de\/wp-json\/wp\/v2\/product_brand?post=1595"},{"taxonomy":"product_cat","embeddable":true,"href":"https:\/\/rhinocsport.com\/de\/wp-json\/wp\/v2\/product_cat?post=1595"},{"taxonomy":"product_tag","embeddable":true,"href":"https:\/\/rhinocsport.com\/de\/wp-json\/wp\/v2\/product_tag?post=1595"}],"curies":[{"name":"wp","href":"https:\/\/api.w.org\/{rel}","templated":true}]}}