{"id":1592,"date":"2026-02-22T13:30:49","date_gmt":"2026-02-22T12:30:49","guid":{"rendered":"https:\/\/rhinocsport.com\/sports-wash-5l"},"modified":"2026-02-12T11:57:01","modified_gmt":"2026-02-12T10:57:01","slug":"sportwaschmittel-5-l","status":"publish","type":"product","link":"https:\/\/rhinocsport.com\/de\/produkt\/sportwaschmittel-5-l","title":{"rendered":"Sportwaschmittel 5 l"},"content":{"rendered":"<h3>Weniger ist mehr<\/h3>\n<p>Diese Hochleistungsformel ist so konzentriert, dass eine 500-ml-Flasche f\u00fcr bis zu 17 W\u00e4schen und eine 750-ml-Flasche f\u00fcr bis zu 25 W\u00e4schen reicht. Sie ben\u00f6tigen nur eine kleine Menge f\u00fcr hervorragende Ergebnisse \u2013 \u00fcberpr\u00fcfen Sie vor Gebrauch die Dosierungstabelle.<\/p>\n<h3>Benefits<\/h3>\n<ul>\n<li>Auf Probiotika-Basis (Mikroorganismen bleiben 3\u20135 Tage nach Gebrauch aktiv)<\/li>\n<li>Extrem starke Reinigung \u2013 enth\u00e4lt mindestens 50 Millionen probiotische Mikroorganismen pro ml<\/li>\n<li>Biologisch abbaubar und umweltfreundlich<\/li>\n<li>Wirksame Geruchsbeseitigung \u2013 keine \u00dcberdeckung<\/li>\n<li>Frischer, langanhaltender Duft<\/li>\n<li>Verl\u00e4ngert die Lebensdauer und Leistung von Sportbekleidung<\/li>\n<li>Lange Haltbarkeit (mindestens 2 Jahre)<\/li>\n<li>Probiotika bleiben auch bei niedrigen Temperaturen aktiv (ideal zwischen 30 \u00b0C und 60 \u00b0C)<\/li>\n<li>Geeignet f\u00fcr Sportbekleidung und Alltagsw\u00e4sche<\/li>\n<\/ul>\n<h3>Beschreibung<\/h3>\n<p>RHINOC Sport\u00ae Probiotic Sports Wash bietet eine fortschrittliche, nachhaltige Reinigungsl\u00f6sung f\u00fcr Sportler und einen aktiven Lebensstil. Die aktiven Mikroorganismen dringen tief in die Fasern ein, um Schwei\u00df, Fett und organische R\u00fcckst\u00e4nde abzubauen. Dies beseitigt unangenehme Ger\u00fcche und stellt die Frische wieder her, selbst in technischen und synthetischen Sportstoffen. Die mikroskopische Wirkung der Formel h\u00e4lt Ihre Ausr\u00fcstung hygienisch sauber und atmungsaktiv \u2013 ideal zum Laufen, Radfahren, f\u00fcr Fitness, Mannschaftssport und mehr.<\/p>\n<h3>Ingredients<\/h3>\n<p>Zusammensetzung gem\u00e4\u00df EG-Richtlinien: 5\u201315 % anionische Tenside, &lt;5 % nichtionische Tenside, Polycarboxylate, Phosphonate, Enzyme, Bacillus Ferment, Phenoxyethanol, Duftstoffe.<\/p>\n<h3>Warnung<\/h3>\n<p>Verursacht Hautreizungen und schwere Augenreizung. Nach Handhabung H\u00e4nde gr\u00fcndlich waschen. Augenschutz tragen. BEI KONTAKT MIT DEN AUGEN: Einige Minuten lang vorsichtig mit Wasser sp\u00fclen. Kontaktlinsen entfernen, falls vorhanden. Weiter sp\u00fclen. Bei anhaltender Reizung: \u00c4rztlichen Rat einholen. Kontaminierte Kleidung ausziehen und vor erneutem Tragen waschen. Enth\u00e4lt Subtilisin (9014-01-1) \u2013 kann allergische Reaktionen hervorrufen. Darf nicht in die H\u00e4nde von Kindern gelangen. Ist \u00e4rztlicher Rat erforderlich, Verpackung oder Kennzeichnungsetikett bereithalten.<\/p>\n<h3>Nachhaltigkeit<\/h3>\n<ul>\n<li>Biologisch abbaubare Rezeptur<\/li>\n<li>Flasche aus recyceltem Kunststoff<\/li>\n<li>Keine sch\u00e4dlichen Chemikalien oder Phosphate<\/li>\n<li>Sicher f\u00fcr Menschen, Funktionsstoffe und den Planeten<\/li>\n<\/ul>\n","protected":false},"excerpt":{"rendered":"<p>SPORTBEKLEIDUNGS-GERUCHSENTFERNER \u2013 ULTRAKONZENTRIERTES PROBIOTISCHES WASCHMITTEL RHINOC Sport\u00ae Sports Wash ist ein Waschmittel der n\u00e4chsten Generation, das speziell f\u00fcr Sportbekleidung entwickelt wurde. Seine ultra-konzentrierte Formel wird durch Probiotika unterst\u00fctzt \u2013 n\u00fctzliche Mikroorganismen, die tief in die Fasern eindringen und Schwei\u00df, Schmutz und hartn\u00e4ckige Ger\u00fcche auf mikroskopischer Ebene entfernen. Im Gegensatz zu herk\u00f6mmlichen Waschmitteln \u00fcberdeckt RHINOC Sport\u00ae Ger\u00fcche nicht einfach \u2013 es beseitigt sie an der Quelle. Die probiotische Kultur wirkt noch Tage nach dem Waschen und tr\u00e4gt dazu bei, dass Ihre Sportbekleidung l\u00e4nger frisch und hygienisch bleibt. Sicher f\u00fcr alle wei\u00dfen und farbigen synthetischen Stoffe, einschlie\u00dflich Hochleistungstextilien mit technischen Membranen.<\/p>\n<p>Die Formel ist biologisch abbaubar, umweltfreundlich und hilft sogar, Ihren Abfluss zu reinigen, w\u00e4hrend sie wirkt. Auch f\u00fcr die t\u00e4gliche W\u00e4sche geeignet. RHINOC Sport\u00ae Sports Wash ist sanft und dennoch hochwirksam, wodurch es sich nicht nur f\u00fcr Sportbekleidung, sondern auch f\u00fcr Ihre normale W\u00e4sche eignet \u2013 und daf\u00fcr sorgt, dass alle Stoffe frisch, weich und geruchsfrei bleiben.<\/p>\n","protected":false},"featured_media":3196,"comment_status":"closed","ping_status":"closed","template":"","meta":{"_acf_changed":false},"product_brand":[],"product_cat":[89,98,110],"product_tag":[],"class_list":{"0":"post-1592","1":"product","2":"type-product","3":"status-publish","4":"has-post-thumbnail","6":"product_cat-reinigen","7":"product_cat-bekleidung","8":"product_cat-sportwaschmittel","10":"first","11":"instock","12":"shipping-taxable","13":"product-type-simple"},"acf":[],"_links":{"self":[{"href":"https:\/\/rhinocsport.com\/de\/wp-json\/wp\/v2\/product\/1592","targetHints":{"allow":["GET"]}}],"collection":[{"href":"https:\/\/rhinocsport.com\/de\/wp-json\/wp\/v2\/product"}],"about":[{"href":"https:\/\/rhinocsport.com\/de\/wp-json\/wp\/v2\/types\/product"}],"replies":[{"embeddable":true,"href":"https:\/\/rhinocsport.com\/de\/wp-json\/wp\/v2\/comments?post=1592"}],"wp:featuredmedia":[{"embeddable":true,"href":"https:\/\/rhinocsport.com\/de\/wp-json\/wp\/v2\/media\/3196"}],"wp:attachment":[{"href":"https:\/\/rhinocsport.com\/de\/wp-json\/wp\/v2\/media?parent=1592"}],"wp:term":[{"taxonomy":"product_brand","embeddable":true,"href":"https:\/\/rhinocsport.com\/de\/wp-json\/wp\/v2\/product_brand?post=1592"},{"taxonomy":"product_cat","embeddable":true,"href":"https:\/\/rhinocsport.com\/de\/wp-json\/wp\/v2\/product_cat?post=1592"},{"taxonomy":"product_tag","embeddable":true,"href":"https:\/\/rhinocsport.com\/de\/wp-json\/wp\/v2\/product_tag?post=1592"}],"curies":[{"name":"wp","href":"https:\/\/api.w.org\/{rel}","templated":true}]}}