{"id":1589,"date":"2026-03-04T13:31:24","date_gmt":"2026-03-04T12:31:24","guid":{"rendered":"https:\/\/rhinocsport.com\/down-merino-wash-500ml"},"modified":"2026-03-11T12:24:19","modified_gmt":"2026-03-11T11:24:19","slug":"daunen-merinowaschmittel-500-ml","status":"publish","type":"product","link":"https:\/\/rhinocsport.com\/de\/produkt\/daunen-merinowaschmittel-500-ml","title":{"rendered":"DAUNEN- &#038; MERINOWASCHMITTEL 500 ml"},"content":{"rendered":"<h3>Hauptvorteile<\/h3>\n<ul>\n<li>Hygienische und schonende Reinigung f\u00fcr empfindliche Materialien<\/li>\n<li>Verhindert das Verklumpen und Verkleben von Daunen und Fasern<\/li>\n<li>Erh\u00e4lt Isolation, Weichheit und Atmungsaktivit\u00e4t<\/li>\n<li>Stellt die Bauschkraft und Leistung von Outdoor-Bekleidung wieder her<\/li>\n<li>Geeignet f\u00fcr Hand- und Maschinenw\u00e4sche<\/li>\n<li>Flasche aus 100 % recyceltem Material<\/li>\n<li>Einfache Anwendung mit integrierter Dosierkappe<\/li>\n<li>Hergestellt in Europa \u2013 500 ml<\/li>\n<\/ul>\n<h3>Gebrauchsanweisung<\/h3>\n<p>Dosierung: 20\u201340 ml (\u00bd\u20131 Verschlusskappe) pro 2,5 kg trockener W\u00e4sche. 1 Verschlusskappe = 40 ml<\/p>\n<p>Maschinenw\u00e4sche:<\/p>\n<ol>\n<li>Befolgen Sie stets die Pflegehinweise des Kleidungsst\u00fccks.<\/li>\n<li>Drehen Sie die Kleidungsst\u00fccke vor dem Waschen auf links.<\/li>\n<li>Beladen Sie die Waschmaschine mit maximal 2,5 kg.<\/li>\n<li>W\u00e4hlen Sie einen Schon- oder Feinwaschgang.<\/li>\n<li>Schleudern Sie mit max. 400 U\/min.<\/li>\n<li>F\u00fcr beste Ergebnisse im W\u00e4schetrockner mit Trocknerb\u00e4llen trocknen.<\/li>\n<\/ol>\n<p>Tipp: Rauchen Sie Wildleder nach dem Trocknen mit einer B\u00fcrste auf und polieren Sie Glattleder, um die Wasserabweisung zu verbessern.<\/p>\n<h3>Formel &amp; Nachhaltigkeit<\/h3>\n<ul>\n<li>Auf Wasserbasis, nicht entflammbar, treibmittelfrei<\/li>\n<li>100 % PFC\/PFAS-frei<\/li>\n<li>Umweltfreundlich und sicher f\u00fcr die Haut<\/li>\n<li>Flasche aus recyceltem Kunststoff<\/li>\n<li>Sch\u00fctzt die Leistung \u2013 und den Planeten<\/li>\n<\/ul>\n<h3>Ingredients<\/h3>\n<p>Aqua, Laureth-7, Alcohol, Sodium Laureth Sulfate, PEG-4 Rapeseedamide, Sodium Olivate, Tetrasodium Glutamate Diacetate, Monosodium Citrate, Sodium Chloride, Parfum, Coco-Glucoside, Glycol Distearate, Vegetable Oil, Prunus Amygdalus Dulcis Oil, Amylase, Cellulase. Enth\u00e4lt 5\u201315 % anionische Tenside, nichtionische Tenside, &lt;5 % Seife, Enzyme, Parf\u00fcm, Amylase, Cellulase.<\/p>\n<p>F\u00fcr detaillierte Informationen zu den Inhaltsstoffen beachten Sie bitte die Sicherheitsdatenbl\u00e4tter auf unserer Website.<\/p>\n<h3>Sicherheitshinweise<\/h3>\n<p>Verursacht schwere Augenreizung. Darf nicht in die H\u00e4nde von Kindern gelangen. BEI KONTAKT MIT DEN AUGEN: Einige Minuten lang behutsam mit Wasser sp\u00fclen. Entfernen Sie Kontaktlinsen, falls vorhanden, und sp\u00fclen Sie weiter. Bei anhaltender Reizung \u00e4rztlichen Rat einholen. Entsorgen Sie den Inhalt\/Beh\u00e4lter in einer zugelassenen Abfallentsorgungsanlage.<\/p>\n<p>Professionelle Reinigungsergebnisse direkt bei Ihnen zu Hause. Die pflanzliche RHINOC Sport\u00ae-Formel l\u00e4sst sich leicht aussp\u00fclen und verhindert Verklumpungen und Ablagerungen in Daunen oder Fasern. Die mitgelieferten Trocknerb\u00e4lle aus nat\u00fcrlicher Filzwolle trennen die F\u00fcllung w\u00e4hrend des Trocknens sanft \u2013 und stellen Volumen, Weichheit und Isolation wieder her. Nat\u00fcrlich k\u00f6nnen Sie auch bereits vorhandene Trocknerb\u00e4lle verwenden! Ergebnis: frische, leichte Leistung f\u00fcr Ihre Daunen-, Synthetik- oder Merino-Ausr\u00fcstung \u2013 damit Ihre Funktionskleidung so bleibt, wie sie sein soll: leicht, warm und leistungsstark.<\/p>\n","protected":false},"excerpt":{"rendered":"<p>Leistungsstarke Pflege f\u00fcr Daunen, Merino und Hightech-Gewebe. Outdoor- und Funktionstextilien wie Daunen, Merinowolle und Performance-Membranen erfordern besondere Pflege. Schwei\u00df, Schmutz und Ger\u00fcche k\u00f6nnen mit der Zeit die Atmungsaktivit\u00e4t und Isolation beeintr\u00e4chtigen \u2013 und aggressive Waschmittel k\u00f6nnen empfindliche Fasern besch\u00e4digen.<\/p>\n<p>Deshalb hat RHINOC Sport\u00ae DOWN &amp; MERINO WASH entwickelt: ein leistungsstarkes, PFC-freies Spezialwaschmittel, das f\u00fcr die hygienische und dennoch schonende Reinigung empfindlicher Materialien entwickelt wurde. Die fortschrittliche Reinigungsformel entfernt Schwei\u00df, Schmutz und Ger\u00fcche effektiv und verhindert gleichzeitig das Verklumpen oder Verkleben von Daunen und synthetischer Isolation. Es stellt die nat\u00fcrliche Bauschkraft, W\u00e4rme und Atmungsaktivit\u00e4t Ihrer Outdoor- und Sportbekleidung wieder her \u2013 und sorgt daf\u00fcr, dass sie frisch, leicht ist und ihre beste Leistung erbringt. Perfekt f\u00fcr Daunenjacken, Schlafs\u00e4cke, Merino-Basisschichten und alle Hightech-Kleidungsst\u00fccke mit Funktionsmembranen.<\/p>\n","protected":false},"featured_media":1591,"comment_status":"closed","ping_status":"closed","template":"","meta":{"_acf_changed":false},"product_brand":[],"product_cat":[90,89,98,111,112],"product_tag":[],"class_list":{"0":"post-1589","1":"product","2":"type-product","3":"status-publish","4":"has-post-thumbnail","6":"product_cat-ausrustung","7":"product_cat-reinigen","8":"product_cat-bekleidung","9":"product_cat-daunen-und-merinowaschmittel-bekleidung","10":"product_cat-daunen-und-merinowaschmittel","12":"first","13":"instock","14":"shipping-taxable","15":"product-type-simple"},"acf":[],"_links":{"self":[{"href":"https:\/\/rhinocsport.com\/de\/wp-json\/wp\/v2\/product\/1589","targetHints":{"allow":["GET"]}}],"collection":[{"href":"https:\/\/rhinocsport.com\/de\/wp-json\/wp\/v2\/product"}],"about":[{"href":"https:\/\/rhinocsport.com\/de\/wp-json\/wp\/v2\/types\/product"}],"replies":[{"embeddable":true,"href":"https:\/\/rhinocsport.com\/de\/wp-json\/wp\/v2\/comments?post=1589"}],"wp:featuredmedia":[{"embeddable":true,"href":"https:\/\/rhinocsport.com\/de\/wp-json\/wp\/v2\/media\/1591"}],"wp:attachment":[{"href":"https:\/\/rhinocsport.com\/de\/wp-json\/wp\/v2\/media?parent=1589"}],"wp:term":[{"taxonomy":"product_brand","embeddable":true,"href":"https:\/\/rhinocsport.com\/de\/wp-json\/wp\/v2\/product_brand?post=1589"},{"taxonomy":"product_cat","embeddable":true,"href":"https:\/\/rhinocsport.com\/de\/wp-json\/wp\/v2\/product_cat?post=1589"},{"taxonomy":"product_tag","embeddable":true,"href":"https:\/\/rhinocsport.com\/de\/wp-json\/wp\/v2\/product_tag?post=1589"}],"curies":[{"name":"wp","href":"https:\/\/api.w.org\/{rel}","templated":true}]}}