{"id":1583,"date":"2026-03-10T13:33:57","date_gmt":"2026-03-10T12:33:57","guid":{"rendered":"https:\/\/rhinocsport.com\/visor-cleaner-30ml"},"modified":"2026-03-11T13:54:50","modified_gmt":"2026-03-11T12:54:50","slug":"visier-reiniger-30ml","status":"publish","type":"product","link":"https:\/\/rhinocsport.com\/de\/produkt\/visier-reiniger-30ml","title":{"rendered":"VISIER REINIGER 30ml"},"content":{"rendered":"<h3>Beschreibung<\/h3>\n<p>Der RHINOC Sport AllNatural Visierreiniger sorgt f\u00fcr eine schnelle, streifenfreie und antistatische Reinigung aller Sportbrillen und Visiere. Er entfernt Schwei\u00df, Schmutz, Fingerabdr\u00fccke und Flecken, ohne R\u00fcckst\u00e4nde zu hinterlassen \u2013 und gew\u00e4hrleistet so eine kristallklare Sicht, selbst unter extremen Bedingungen. Sicher f\u00fcr: Alle Arten von beschichteten und unbeschichteten Gl\u00e4sern Polycarbonat- und Acrylvisiere Brillen, Sonnenbrillen, Helme und Schutzschilde Umweltfreundlich, biologisch abbaubar und sicher f\u00fcr Mensch, Tier und Natur.<\/p>\n<h3>Hauptvorteile<\/h3>\n<ul>\n<li>100 % nat\u00fcrliche Inhaltsstoffe \u2013 kein Isopropanol<\/li>\n<li>Ungiftig und sicher f\u00fcr alle hochwertigen beschichteten Oberfl\u00e4chen<\/li>\n<li>Erh\u00e4ltlich mit oder ohne nat\u00fcrlichem Bio-Ethanol (auf Getreidebasis)<\/li>\n<li>Streifenfrei und antistatisch<\/li>\n<li>Antireflektierend und nicht scheuernd<\/li>\n<li>Getestet und zugelassen von Colts Lab USA<\/li>\n<li>Unsch\u00e4dlich f\u00fcr Mensch, Tier und Umwelt<\/li>\n<li>Frischer, nat\u00fcrlicher Duft<\/li>\n<\/ul>\n<h3>Inhaltsstoffe<\/h3>\n<p>Wasser, organische Zitronens\u00e4ure, organische Pflanzenextrakte. Wir haben Produkte mit nat\u00fcrlichem Bio-Ethanol (auf Getreidebasis) und ohne Bio-Ethanol.<\/p>\n<h3>Sicherheitsinformationen<\/h3>\n<p>Au\u00dferhalb der Reichweite von Kindern aufbewahren. Kontakt mit Augen, Haut und Kleidung vermeiden. W\u00e4hrend der Anwendung dieses Produkts nicht essen, trinken oder rauchen. Bei Kontakt mit den Augen: Einige Minuten lang behutsam mit Wasser sp\u00fclen. Eventuell vorhandene Kontaktlinsen entfernen, falls leicht m\u00f6glich. Weiter sp\u00fclen.<\/p>\n","protected":false},"excerpt":{"rendered":"<p>RHINOC\u00ae SPORT ALLNATURAL VISIERREINIGER HOCHLEISTUNGSREINIGUNG F\u00dcR SPORTBRILLE UND VISIERE<\/p>\n<p>Leistungsstark. Sicher. 100 % nat\u00fcrlich. Der RHINOC\u00ae Sport AllNatural Visierreiniger wurde speziell f\u00fcr die sichere und effektive Reinigung von Sportbrillen, Visieren und Helmen entwickelt, die beim Radfahren, Skifahren, Eishockey und anderen Hochleistungssportarten verwendet werden. Ob Sie Profisportler, Vermietungsdienst oder Sportverein sind, klare Sicht ist unerl\u00e4sslich \u2013 und Sicherheit auch.<\/p>\n<p>Dieser Reiniger wurde mit 100 % nat\u00fcrlichen Inhaltsstoffen formuliert, enth\u00e4lt kein Isopropanol und ist vollst\u00e4ndig ungiftig, streifenfrei und antistatisch. Eine kleine Menge Bio-Ethanol aus nat\u00fcrlichem Getreide sorgt f\u00fcr eine kraftvolle und dennoch schonende Reinigung, ohne Beschichtungen oder empfindliche Materialien zu besch\u00e4digen. Getestet und zugelassen von Colts Lab USA, einem der weltweit f\u00fchrenden unabh\u00e4ngigen Labore f\u00fcr Linsen- und Beschichtungstests. Die Ergebnisse best\u00e4tigen: hervorragende Reinigungsleistung, keine R\u00fcckst\u00e4nde, kein Abrieb und vollst\u00e4ndige Materialvertr\u00e4glichkeit.<\/p>\n","protected":false},"featured_media":1585,"comment_status":"closed","ping_status":"closed","template":"","meta":{"_acf_changed":false},"product_brand":[],"product_cat":[90,89,108],"product_tag":[],"class_list":{"0":"post-1583","1":"product","2":"type-product","3":"status-publish","4":"has-post-thumbnail","6":"product_cat-ausrustung","7":"product_cat-reinigen","8":"product_cat-visierreiniger","10":"first","11":"instock","12":"shipping-taxable","13":"product-type-simple"},"acf":[],"_links":{"self":[{"href":"https:\/\/rhinocsport.com\/de\/wp-json\/wp\/v2\/product\/1583","targetHints":{"allow":["GET"]}}],"collection":[{"href":"https:\/\/rhinocsport.com\/de\/wp-json\/wp\/v2\/product"}],"about":[{"href":"https:\/\/rhinocsport.com\/de\/wp-json\/wp\/v2\/types\/product"}],"replies":[{"embeddable":true,"href":"https:\/\/rhinocsport.com\/de\/wp-json\/wp\/v2\/comments?post=1583"}],"wp:featuredmedia":[{"embeddable":true,"href":"https:\/\/rhinocsport.com\/de\/wp-json\/wp\/v2\/media\/1585"}],"wp:attachment":[{"href":"https:\/\/rhinocsport.com\/de\/wp-json\/wp\/v2\/media?parent=1583"}],"wp:term":[{"taxonomy":"product_brand","embeddable":true,"href":"https:\/\/rhinocsport.com\/de\/wp-json\/wp\/v2\/product_brand?post=1583"},{"taxonomy":"product_cat","embeddable":true,"href":"https:\/\/rhinocsport.com\/de\/wp-json\/wp\/v2\/product_cat?post=1583"},{"taxonomy":"product_tag","embeddable":true,"href":"https:\/\/rhinocsport.com\/de\/wp-json\/wp\/v2\/product_tag?post=1583"}],"curies":[{"name":"wp","href":"https:\/\/api.w.org\/{rel}","templated":true}]}}