{"id":1577,"date":"2026-03-07T16:19:47","date_gmt":"2026-03-07T15:19:47","guid":{"rendered":"https:\/\/rhinocsport.com\/sports-gear-fresh-150ml"},"modified":"2026-03-11T11:50:43","modified_gmt":"2026-03-11T10:50:43","slug":"sports-gear-fresh-150-ml","status":"publish","type":"product","link":"https:\/\/rhinocsport.com\/de\/produkt\/sports-gear-fresh-150-ml","title":{"rendered":"SPORTS GEAR FRESH 150 ml"},"content":{"rendered":"<h3>Beschreibung<\/h3>\n<p>RHINOC Sport\u00ae Gear Fresh reduziert unerw\u00fcnschte Ger\u00fcche und Schimmelbildung erheblich. Es ist absolut sicher in der Anwendung und f\u00fcr alle Sportger\u00e4te geeignet, die nicht einfach gewaschen werden k\u00f6nnen. Das 150-ml-Spray erzeugt einen ultrafeinen Nebel, der schnell trocknet und aus jedem Winkel (360\u00b0) aufgetragen werden kann.<\/p>\n<p>Diese biologisch abbaubare Formel ist umweltfreundlich und hautsicher, wodurch sie sich ideal f\u00fcr den t\u00e4glichen Gebrauch eignet. Angetrieben von der ProBio-Technologie (Probiotika) wirkt Gear Fresh mit n\u00fctzlichen Mikroorganismen, die das Wachstum von geruchsverursachenden Bakterien und Schimmel verhindern. Im Gegensatz zu herk\u00f6mmlichen Sprays, die unangenehme Ger\u00fcche \u00fcberdecken, bek\u00e4mpft RHINOC Sport\u00ae Gear Fresh das Problem an der Wurzel. Die aktiven Probiotika wirken nach der Anwendung noch 3\u20135 Tage und tragen dazu bei, die Lebensdauer und Frische Ihrer Sportausr\u00fcstung zu verl\u00e4ngern.<\/p>\n<h3>Geeignet f\u00fcr<\/h3>\n<ul>\n<li>Schuhe<\/li>\n<li>Helme<\/li>\n<li>Judo-\/Karate-\/Taekwondo-Gi<\/li>\n<li>Box- und Skihandschuhe<\/li>\n<li>Eishockeybekleidung<\/li>\n<li>Schlittschuhe<\/li>\n<li>Skischuhe<\/li>\n<li>Schienbeinschoner<\/li>\n<li>Sporttaschen<\/li>\n<li>\u2026und alle anderen Ausr\u00fcstungsgegenst\u00e4nde, die schwer zu waschen sind<\/li>\n<\/ul>\n<h3>Vorteile<\/h3>\n<ul>\n<li>Auf Probiotika-Basis (Mikroorganismen bleiben 3\u20135 Tage nach Gebrauch aktiv)<\/li>\n<li>Hochwirksam \u2013 enth\u00e4lt mindestens 50 Millionen probiotische Mikroorganismen pro ml<\/li>\n<li>Biologisch abbaubar und umweltfreundlich<\/li>\n<li>360\u00b0-Design<\/li>\n<li>Ultrafeiner Nebel f\u00fcr schnelles Trocknen<\/li>\n<li>Frischer, sauberer Duft<\/li>\n<li>Verl\u00e4ngert die Lebensdauer von Sportger\u00e4ten<\/li>\n<li>Lange Haltbarkeit (mindestens 2 Jahre)<\/li>\n<\/ul>\n<h3>Zutaten<\/h3>\n<p>Zusammensetzung gem\u00e4\u00df E.C.-Richtlinien: Bacillus Ferment, Phenoxyethanol, Duftstoffe. Vor Sonnenlicht sch\u00fctzen. Nicht Temperaturen von \u00fcber 50 \u00b0C \/ 122 \u00b0F aussetzen. Au\u00dferhalb der Reichweite von Kindern aufbewahren. Wenn \u00e4rztlicher Rat erforderlich ist, Produktbeh\u00e4lter oder Etikett bereithalten.<\/p>\n","protected":false},"excerpt":{"rendered":"<p>FRISCHE L\u00d6SUNGEN BEWAHREN \u2013 PROBIOTISCHER GERUCHSENTFERNER \u2013 EINFACH ANZUWENDEN<\/p>\n<ul>\n<li>Entfernt wirksam Schwei\u00df- und K\u00f6rperger\u00fcche aus Sportschuhen, (Ski-)Stiefeln, (Ski-\/Box-)Handschuhen, Helmen, Protektoren, Schienbeinschonern und anderen Sportger\u00e4ten oder Vereinsausr\u00fcstungen.<\/li>\n<li>Sorgt dank guter Bakterien, den sogenannten Probiotika, f\u00fcr lang anhaltende Frische.<\/li>\n<li>Biologisch abbaubares Spray \u2013 sicher f\u00fcr Mensch und Umwelt.<\/li>\n<\/ul>\n","protected":false},"featured_media":1579,"comment_status":"closed","ping_status":"closed","template":"","meta":{"_acf_changed":false},"product_brand":[],"product_cat":[93,98,99,100,101],"product_tag":[],"class_list":{"0":"post-1577","1":"product","2":"type-product","3":"status-publish","4":"has-post-thumbnail","6":"product_cat-auffrischen","7":"product_cat-bekleidung","8":"product_cat-schuhe","9":"product_cat-sportausrustung-erfrischer","10":"product_cat-sportausrustung-erfrischer-schuhe","12":"first","13":"instock","14":"shipping-taxable","15":"product-type-simple"},"acf":[],"_links":{"self":[{"href":"https:\/\/rhinocsport.com\/de\/wp-json\/wp\/v2\/product\/1577","targetHints":{"allow":["GET"]}}],"collection":[{"href":"https:\/\/rhinocsport.com\/de\/wp-json\/wp\/v2\/product"}],"about":[{"href":"https:\/\/rhinocsport.com\/de\/wp-json\/wp\/v2\/types\/product"}],"replies":[{"embeddable":true,"href":"https:\/\/rhinocsport.com\/de\/wp-json\/wp\/v2\/comments?post=1577"}],"wp:featuredmedia":[{"embeddable":true,"href":"https:\/\/rhinocsport.com\/de\/wp-json\/wp\/v2\/media\/1579"}],"wp:attachment":[{"href":"https:\/\/rhinocsport.com\/de\/wp-json\/wp\/v2\/media?parent=1577"}],"wp:term":[{"taxonomy":"product_brand","embeddable":true,"href":"https:\/\/rhinocsport.com\/de\/wp-json\/wp\/v2\/product_brand?post=1577"},{"taxonomy":"product_cat","embeddable":true,"href":"https:\/\/rhinocsport.com\/de\/wp-json\/wp\/v2\/product_cat?post=1577"},{"taxonomy":"product_tag","embeddable":true,"href":"https:\/\/rhinocsport.com\/de\/wp-json\/wp\/v2\/product_tag?post=1577"}],"curies":[{"name":"wp","href":"https:\/\/api.w.org\/{rel}","templated":true}]}}