{"id":1572,"date":"2026-03-05T16:05:52","date_gmt":"2026-03-05T15:05:52","guid":{"rendered":"https:\/\/rhinocsport.com\/all-purpose-cleaner-rfu-500ml"},"modified":"2026-03-11T14:46:00","modified_gmt":"2026-03-11T13:46:00","slug":"all-cleaner-rfu-500-ml","status":"publish","type":"product","link":"https:\/\/rhinocsport.com\/de\/produkt\/all-cleaner-rfu-500-ml","title":{"rendered":"ALL CLEANER RFU 500 ml"},"content":{"rendered":"<h3>Beschreibung<\/h3>\n<p>RHINOC Sport\u00ae Allzweckreiniger (gebrauchsfertig) wurde f\u00fcr die intensive, aber sichere Reinigung aller Arten von Sportb\u00f6den, Matten, Ger\u00e4ten und W\u00e4nden entwickelt. Seine Dreifach-Wirkformel sorgt f\u00fcr dauerhafte Hygiene:<\/p>\n<ol>\n<li>Tiefe mikroskopische Reinigung \u2013 entfernt selbst unsichtbare Schmutz- und Schwei\u00dfr\u00fcckst\u00e4nde.<\/li>\n<li>Geruchsbeseitigung und -vorbeugung \u2013 neutralisiert und verhindert schlechte Ger\u00fcche.<\/li>\n<li>Schaffung einer gesunden Oberfl\u00e4chen-Mikroflora \u2013 unterst\u00fctzt langfristige Frische und Ausgewogenheit.<\/li>\n<\/ol>\n<p>Mit \u00fcber 50 Millionen aktiven probiotischen Mikroorganismen pro ml ist dieser Reiniger einer der leistungsst\u00e4rksten seiner Klasse. Er reduziert effektiv das Risiko von unangenehmen Ger\u00fcchen, Schimmel und Bakterienbildung und h\u00e4lt Trainingsbereiche sauber und sicher.<\/p>\n<h3>Suitable for<\/h3>\n<ul>\n<li>Fitness- und Sportger\u00e4te<\/li>\n<li>Sportbekleidung und -ausr\u00fcstung<\/li>\n<li>Tische und B\u00e4nke<\/li>\n<li>Matten (Judo, Puzzle, Gymnastik, Yoga usw.)<\/li>\n<li>Sport- und Fitnessb\u00f6den<\/li>\n<li>W\u00e4nde und Trennw\u00e4nde<\/li>\n<li>Boxs\u00e4cke und Trainingspolster<\/li>\n<li>Jede abwaschbare Oberfl\u00e4che oder Ausr\u00fcstung<\/li>\n<\/ul>\n<h3>Benefits<\/h3>\n<ul>\n<li>Auf Probiotika-Basis \u2013 wirkt 3\u20135 Tage nach der Anwendung weiter<\/li>\n<li>Hochwirksam \u2013 \u00fcber 50 Millionen probiotische Mikroorganismen pro ml<\/li>\n<li>Tiefenreinigung und lang anhaltende Frische<\/li>\n<li>Biologisch abbaubar und sicher f\u00fcr die Umwelt<\/li>\n<li>Frischer, sauberer Duft<\/li>\n<li>Verl\u00e4ngert die Lebensdauer von Ger\u00e4ten und Matten<\/li>\n<li>Feiner Nebel f\u00fcr effiziente, gleichm\u00e4\u00dfige Abdeckung<\/li>\n<li>Gebrauchsfertig \u2013 einfache, direkte Anwendung<\/li>\n<li>Lange Haltbarkeit (mindestens 2 Jahre)<\/li>\n<\/ul>\n<h3>Ingredients<\/h3>\n<p>Zusammensetzung gem\u00e4\u00df E.C. Richtlinien: &lt;5 % anionische Tenside, Bacillus Ferment, Phenoxyethanol, Duftstoffe.<\/p>\n<h3>Sicherheitshinweise<\/h3>\n<p>Darf nicht in die H\u00e4nde von Kindern gelangen. Ist \u00e4rztlicher Rat erforderlich, Verpackung oder Kennzeichnungsetikett bereithalten.<\/p>\n<h3>\u00d6ko-Leistung<\/h3>\n<ul>\n<li>100 % biologisch abbaubare Formel<\/li>\n<li>Enth\u00e4lt keine sch\u00e4dlichen Chemikalien oder Phosphate<\/li>\n<li>Umweltfreundlich \u2013 unterst\u00fctzt das mikrobielle Gleichgewicht<\/li>\n<li>Flasche aus recyceltem Material<\/li>\n<\/ul>\n","protected":false},"excerpt":{"rendered":"<p><strong>F\u00fcr alle Sportger\u00e4te in Ihrem Fitnessstudio, Verein, Home-Gym oder f\u00fcr andere Zwecke<\/strong><\/p>\n<p>Das RHINOC\u00ae Sport Allzweckreiniger Ready-to-Use Spray ist ein umweltfreundlicher (biologisch abbaubarer) Reiniger f\u00fcr Sportger\u00e4te. Er reinigt gr\u00fcndlich, hat eine verl\u00e4ngerte Wirkung aufgrund der einzigartigen Anreicherung und Wirkung von Probiotika. Die Verschmutzung wird durch Mikroorganismen abgebaut. Dies entfernt auch effektiv Schmutz, Schwei\u00dfflecken, Schwei\u00dfgeruch und sorgt f\u00fcr einen frischen Duft. RHINOC\u00ae Sport Allzweckreiniger ist sicher in der Anwendung, umweltfreundlich und biologisch abbaubar.<\/p>\n","protected":false},"featured_media":1574,"comment_status":"closed","ping_status":"closed","template":"","meta":{"_acf_changed":false},"product_brand":[],"product_cat":[90,89,95],"product_tag":[],"class_list":{"0":"post-1572","1":"product","2":"type-product","3":"status-publish","4":"has-post-thumbnail","6":"product_cat-ausrustung","7":"product_cat-reinigen","8":"product_cat-allzweckreiniger-gebrauchsfertig","10":"first","11":"instock","12":"shipping-taxable","13":"product-type-simple"},"acf":[],"_links":{"self":[{"href":"https:\/\/rhinocsport.com\/de\/wp-json\/wp\/v2\/product\/1572","targetHints":{"allow":["GET"]}}],"collection":[{"href":"https:\/\/rhinocsport.com\/de\/wp-json\/wp\/v2\/product"}],"about":[{"href":"https:\/\/rhinocsport.com\/de\/wp-json\/wp\/v2\/types\/product"}],"replies":[{"embeddable":true,"href":"https:\/\/rhinocsport.com\/de\/wp-json\/wp\/v2\/comments?post=1572"}],"wp:featuredmedia":[{"embeddable":true,"href":"https:\/\/rhinocsport.com\/de\/wp-json\/wp\/v2\/media\/1574"}],"wp:attachment":[{"href":"https:\/\/rhinocsport.com\/de\/wp-json\/wp\/v2\/media?parent=1572"}],"wp:term":[{"taxonomy":"product_brand","embeddable":true,"href":"https:\/\/rhinocsport.com\/de\/wp-json\/wp\/v2\/product_brand?post=1572"},{"taxonomy":"product_cat","embeddable":true,"href":"https:\/\/rhinocsport.com\/de\/wp-json\/wp\/v2\/product_cat?post=1572"},{"taxonomy":"product_tag","embeddable":true,"href":"https:\/\/rhinocsport.com\/de\/wp-json\/wp\/v2\/product_tag?post=1572"}],"curies":[{"name":"wp","href":"https:\/\/api.w.org\/{rel}","templated":true}]}}