{"id":1570,"date":"2026-02-26T16:03:53","date_gmt":"2026-02-26T15:03:53","guid":{"rendered":"https:\/\/rhinocsport.com\/all-purpose-cleaner-concentrate-5l"},"modified":"2026-03-11T14:54:13","modified_gmt":"2026-03-11T13:54:13","slug":"all-cleaner-5l","status":"publish","type":"product","link":"https:\/\/rhinocsport.com\/de\/produkt\/all-cleaner-5l","title":{"rendered":"ALL CLEANER 5l"},"content":{"rendered":"<p><strong>Der RHINOC Sport\u00ae All Purpose Cleaner Concentrate<\/strong> bietet kraftvolle und langanhaltende Reinigung f\u00fcr:<\/p>\n<ul>\n<li>Sportb\u00f6den und Matten (z. B. Judo-, Puzzle-, Gym- und Yogamatten)<\/li>\n<li>Boxs\u00e4cke und Schlagpolster<\/li>\n<li>Tische, B\u00e4nke und Fitnessger\u00e4te<\/li>\n<li>W\u00e4nde und andere abwaschbare Oberfl\u00e4chen<\/li>\n<\/ul>\n<p>Seine <strong>Dreifach-Wirkung<\/strong> sorgt f\u00fcr optimale Hygiene:<\/p>\n<ol>\n<li><strong>Tiefenreinigung auf mikroskopischer Ebene<\/strong> \u2013 entfernt selbst unsichtbaren Schmutz und Ablagerungen.<\/li>\n<li><strong>Geruchsbeseitigung und -pr\u00e4vention<\/strong> \u2013 neutralisiert Schwei\u00dfger\u00fcche, statt sie zu \u00fcberdecken.<\/li>\n<li><strong>Schutz der Mikroflora<\/strong> \u2013 stellt ein sicheres und gesundes Oberfl\u00e4chengleichgewicht her.<\/li>\n<\/ol>\n<p>Sicher f\u00fcr Menschen, Oberfl\u00e4chen und die Umwelt.<\/p>\n<h3>Funktionsweise<\/h3>\n<p>Im Gegensatz zu herk\u00f6mmlichen chemischen Reinigern, die Ger\u00fcche nur \u00fcberdecken, nutzt RHINOC Sport\u00ae die Reinigungskraft n\u00fctzlicher Bakterien. Mit \u00fcber 50 Millionen aktiven probiotischen Mikroorganismen pro Milliliter dringt der Reiniger tief in mikroskopische Poren von Oberfl\u00e4chen ein, in denen sich Schwei\u00df und Schmutz ansammeln. Diese aktiven Kulturen bauen organische R\u00fcckst\u00e4nde ab und stellen eine ausgewogene Mikroflora wieder her, die Geruchs- und Bakterienbildung auf nat\u00fcrliche Weise verhindert \u2014 selbst Tage nach der Anwendung. Das Ergebnis: eine sauberere, frischere und ges\u00fcndere Umgebung \u2014 ohne sch\u00e4dliche R\u00fcckst\u00e4nde.<\/p>\n<h3>Geeignet f\u00fcr<\/h3>\n<p>\u2022 Ger\u00e4te und Trainingsmaschinen \u2022 Sportbekleidung und Zubeh\u00f6r \u2022 Matten und Bodenbel\u00e4ge (Judo, Yoga, Fitness, Puzzlematten usw.) \u2022 Boxs\u00e4cke und Schlagpolster \u2022 W\u00e4nde, B\u00e4nke, Tische und Umkleider\u00e4ume \u2022 Alle abwaschbaren Sportumgebungen<\/p>\n<h3>Vorteile<\/h3>\n<p>\u2022 Auf Probiotika-Basis (wirkt 3\u20135 Tage nach der Anwendung weiter) \u2022 \u00dcber 50 Millionen aktive Mikroorganismen pro ml \u2022 Hochkonzentriert und ergiebig \u2022 Biologisch abbaubar und umweltfreundlich \u2022 Frischer, sauberer Duft \u2022 Verl\u00e4ngert die Lebensdauer von Oberfl\u00e4chen und Ger\u00e4ten \u2022 Lange Haltbarkeit (mindestens 2 Jahre)<\/p>\n<h3>Anwendung &amp; Verd\u00fcnnung<\/h3>\n<p>Anwendungsmethoden: Spray, Eimer oder vorgetr\u00e4nkte T\u00fccher<\/p>\n<h3>Sprayanwendung<\/h3>\n<p>Verd\u00fcnnung: 40 ml (ca. 4 Verschlusskappen) pro 500 ml warmes Wasser<\/p>\n<ul>\n<li>Spr\u00fchflasche mit der L\u00f6sung f\u00fcllen<\/li>\n<li>Gleichm\u00e4\u00dfig als feinen Nebel auf die Oberfl\u00e4chen auftragen<\/li>\n<li>Mit einem saugf\u00e4higen oder Mikrofasertuch abwischen<\/li>\n<li>1L Konzentrat = ca. 25 Spr\u00fchflaschen-Nachf\u00fcllungen (je 500 ml)<\/li>\n<\/ul>\n<h3>Eimeranwendung<\/h3>\n<ul>\n<li>Verd\u00fcnnung:\n<ul>\n<li>Normale Reinigung: 100 ml pro 10L Wasser<\/li>\n<li>Intensivreinigung: 300 ml pro 10L Wasser<\/li>\n<\/ul>\n<\/li>\n<li>Mit warmem Wasser mischen und mit Mopp oder Wischer auftragen<\/li>\n<li>An der Luft trocknen lassen<\/li>\n<\/ul>\n<h3>Vorgefeuchtete T\u00fccher<\/h3>\n<ul>\n<li>Verd\u00fcnnung: wie bei der Eimeranwendung (100\u2013300 ml pro 10L Wasser)<\/li>\n<li>Bis zu 15 T\u00fccher tr\u00e4nken<\/li>\n<li>Wie herk\u00f6mmliche Reinigungst\u00fccher verwenden<\/li>\n<\/ul>\n<p><strong>Hinweis<\/strong>: Verd\u00fcnntes Produkt innerhalb von 3 Tagen verbrauchen. Restl\u00f6sung \u00fcber den Abfluss entsorgen \u2014 sie reinigt Ihre Rohre auf nat\u00fcrliche Weise weiter.<\/p>\n<h3>Lagerung &amp; Handhabung<\/h3>\n<ul>\n<li>Zwischen 5\u00b0C und 40\u00b0C lagern, vor direkter Sonneneinstrahlung sch\u00fctzen<\/li>\n<li>Beh\u00e4lter stets fest verschlossen halten<\/li>\n<li>Sicher f\u00fcr alle abwaschbaren und nicht korrosiven Materialien<\/li>\n<\/ul>\n<h3>Inhaltsstoffe<\/h3>\n<p>Gem\u00e4\u00df EU-Richtlinien: &lt;5% anionische Tenside, Bacillus Ferment, Phenoxyethanol, Parfum. Enth\u00e4lt (1.8-Cineol). Kann allergische Reaktionen hervorrufen. Detaillierte Informationen zu den Inhaltsstoffen finden Sie unter: www.rhinocsport.com<\/p>\n<h3>Sicherheitshinweise<\/h3>\n<p><strong>P101<\/strong>: Ist \u00e4rztlicher Rat erforderlich, Verpackung oder Kennzeichnungsetikett bereithalten. <strong>P102<\/strong>: Darf nicht in die H\u00e4nde von Kindern gelangen. Vollst\u00e4ndig ungiftig und biologisch abbaubar.<\/p>\n","protected":false},"excerpt":{"rendered":"<p>PROBIOTISCHE HOCHLEISTUNGSREINIGUNG F\u00dcR FITNESSSTUDIOS, VEREINE &amp; SPORTEINRICHTUNGEN<\/p>\n<p>Hochleistungs-Hygiene, angetrieben durch Probiotika \u2013 sicher, effektiv, nachhaltig. Der <strong>RHINOC Sport\u00ae All Purpose Cleaner Concentrate<\/strong> ist eine professionelle probiotische Reinigungsl\u00f6sung, entwickelt f\u00fcr <strong>Fitnessstudios, Vereine und Trainingsumgebungen<\/strong>. Seine hochkonzentrierte Formel sorgt f\u00fcr eine tiefgehende, langanhaltende Sauberkeit auf allen Arten von Sportger\u00e4ten, B\u00f6den, Matten und Oberfl\u00e4chen.<\/p>\n<p>Dank der nat\u00fcrlichen Kraft von Probiotika entfernt er Schwei\u00df, Schmutz und Ger\u00fcche auf <strong>mikroskopischer Ebene<\/strong> und schafft so eine gesunde und sichere Umgebung f\u00fcr Sportler. Die Mikroorganismen wirken <strong>3\u20135 Tage nach der Anwendung<\/strong> weiter, verhindern Geruchsbildung und erhalten die Frische \u00fcber einen l\u00e4ngeren Zeitraum.<\/p>\n<p>Vollst\u00e4ndig <strong>biologisch abbaubar<\/strong>, <strong>ungiftig<\/strong> und <strong>sicher f\u00fcr Anwender und Materialien<\/strong> ist dieser Reiniger die intelligente Wahl f\u00fcr moderne Sporthygiene.<\/p>\n","protected":false},"featured_media":3424,"comment_status":"closed","ping_status":"closed","template":"","meta":{"_acf_changed":false},"product_brand":[],"product_cat":[91,90,89],"product_tag":[],"class_list":{"0":"post-1570","1":"product","2":"type-product","3":"status-publish","4":"has-post-thumbnail","6":"product_cat-allzweckreiniger-konzentrat","7":"product_cat-ausrustung","8":"product_cat-reinigen","10":"first","11":"instock","12":"shipping-taxable","13":"product-type-simple"},"acf":[],"_links":{"self":[{"href":"https:\/\/rhinocsport.com\/de\/wp-json\/wp\/v2\/product\/1570","targetHints":{"allow":["GET"]}}],"collection":[{"href":"https:\/\/rhinocsport.com\/de\/wp-json\/wp\/v2\/product"}],"about":[{"href":"https:\/\/rhinocsport.com\/de\/wp-json\/wp\/v2\/types\/product"}],"replies":[{"embeddable":true,"href":"https:\/\/rhinocsport.com\/de\/wp-json\/wp\/v2\/comments?post=1570"}],"wp:featuredmedia":[{"embeddable":true,"href":"https:\/\/rhinocsport.com\/de\/wp-json\/wp\/v2\/media\/3424"}],"wp:attachment":[{"href":"https:\/\/rhinocsport.com\/de\/wp-json\/wp\/v2\/media?parent=1570"}],"wp:term":[{"taxonomy":"product_brand","embeddable":true,"href":"https:\/\/rhinocsport.com\/de\/wp-json\/wp\/v2\/product_brand?post=1570"},{"taxonomy":"product_cat","embeddable":true,"href":"https:\/\/rhinocsport.com\/de\/wp-json\/wp\/v2\/product_cat?post=1570"},{"taxonomy":"product_tag","embeddable":true,"href":"https:\/\/rhinocsport.com\/de\/wp-json\/wp\/v2\/product_tag?post=1570"}],"curies":[{"name":"wp","href":"https:\/\/api.w.org\/{rel}","templated":true}]}}