{"id":1480,"date":"2026-02-27T14:52:53","date_gmt":"2026-02-27T13:52:53","guid":{"rendered":"https:\/\/rhinocsport.com\/all-purpose-cleaner-concentrate-1l"},"modified":"2026-03-11T14:51:59","modified_gmt":"2026-03-11T13:51:59","slug":"all-cleaner-1-l","status":"publish","type":"product","link":"https:\/\/rhinocsport.com\/de\/produkt\/all-cleaner-1-l","title":{"rendered":"ALL CLEANER 1 L"},"content":{"rendered":"<p><strong>Das RHINOC Sport\u00ae Allzweckreiniger-Konzentrat<\/strong> bietet eine leistungsstarke und langanhaltende Reinigung f\u00fcr:<\/p>\n<ul>\n<li>Sportb\u00f6den und -matten (z. B. Judo-, Puzzle-, Gymnastik- und Yogamatten)<\/li>\n<li>Boxs\u00e4cke und -polster<\/li>\n<li>Tische, B\u00e4nke und Fitnessger\u00e4te<\/li>\n<li>W\u00e4nde und andere abwaschbare Oberfl\u00e4chen<\/li>\n<\/ul>\n<p>Seine <strong>Dreifachwirkung<\/strong> sorgt f\u00fcr optimale Hygiene:<\/p>\n<ol>\n<li><strong>Tiefenmikroskopische Reinigung<\/strong> \u2013 entfernt selbst unsichtbaren Schmutz und Ablagerungen.<\/li>\n<li><strong>Geruchsbeseitigung und -vorbeugung<\/strong> \u2013 neutralisiert Schwei\u00dfger\u00fcche, anstatt sie zu \u00fcberdecken.<\/li>\n<li><strong>Mikroflora-Schutz<\/strong> \u2013 stellt ein sicheres und gesundes Oberfl\u00e4chengleichgewicht her.<\/li>\n<\/ol>\n<p>Sicher f\u00fcr Mensch, Oberfl\u00e4chen und Umwelt.<\/p>\n<h3>So funktioniert es<\/h3>\n<p>Im Gegensatz zu herk\u00f6mmlichen chemischen Reinigern, die Ger\u00fcche nur \u00fcberdecken, nutzt RHINOC Sport\u00ae die Reinigungskraft n\u00fctzlicher Bakterien.<br \/>\nMit \u00fcber 50 Millionen aktiven probiotischen Mikroorganismen pro Milliliter dringt der Reiniger tief in die mikroskopisch kleinen Poren von Oberfl\u00e4chen ein, wo sich Schwei\u00df und Schmutz ansammeln.<br \/>\nDiese aktiven Kulturen bauen organische Stoffe ab und stellen eine ausgewogene Mikroflora wieder her, die auf nat\u00fcrliche Weise Geruchs- und Bakterienwachstum verhindert \u2013 selbst Tage nach der Anwendung.<br \/>\nDas Ergebnis: eine sauberere, frischere und ges\u00fcndere Umgebung \u2013 ohne sch\u00e4dliche R\u00fcckst\u00e4nde.<\/p>\n<h3>Geeignet f\u00fcr<\/h3>\n<p>\u2022 Ger\u00e4te und Trainingsmaschinen<br \/>\n\u2022 Sportbekleidung und -zubeh\u00f6r<br \/>\n\u2022 Matten und Bodenbel\u00e4ge (Judo, Yoga, Fitness, Puzzelmatten usw.)<br \/>\n\u2022 Boxs\u00e4cke und -schilde<br \/>\n\u2022 W\u00e4nde, B\u00e4nke, Tische und Umkleider\u00e4ume<br \/>\n\u2022 Alle abwaschbaren Sportumgebungen<\/p>\n<h3>Vorteile<\/h3>\n<p>\u2022 Auf Probiotika-Basis (wirkt 3\u20135 Tage nach der Anwendung weiter)<br \/>\n\u2022 \u00dcber 50 Millionen aktive Mikroorganismen pro ml<br \/>\n\u2022 Hochkonzentriert und langanhaltend<br \/>\n\u2022 Biologisch abbaubar und umweltfreundlich<br \/>\n\u2022 Frischer, sauberer Duft<br \/>\n\u2022 Verl\u00e4ngert die Lebensdauer von Oberfl\u00e4chen und Ger\u00e4ten<br \/>\n\u2022 Lange Haltbarkeit (mindestens 2 Jahre)<\/p>\n<h3>Anwendung &amp; Verd\u00fcnnung<\/h3>\n<p>Anwendungsmethoden: Spr\u00fchen, Eimer oder vorbefeuchtete T\u00fccher<\/p>\n<h3>Sprayanwendung<\/h3>\n<p>Verd\u00fcnnung: 40 ml (ca. 4 Verschlusskappen) pro 500 ml warmem Wasser<\/p>\n<ul>\n<li>F\u00fcllen Sie eine Spr\u00fchflasche mit der L\u00f6sung<\/li>\n<li>Gleichm\u00e4\u00dfig mit einem feinen Nebel auf die Oberfl\u00e4chen auftragen<\/li>\n<li>Mit einem saugf\u00e4higen Tuch oder Mikrofasertuch abwischen<\/li>\n<li>1 L Konzentrat = ca. 25 Spr\u00fchflaschen-Nachf\u00fcllungen (je 500 ml)<\/li>\n<\/ul>\n<h3>Eimeranwendung<\/h3>\n<ul>\n<li>Verd\u00fcnnung:\n<ul>\n<li>Normale Reinigung: 100 ml pro 10 L Wasser<\/li>\n<li>Starke Reinigung: 300 ml pro 10 L Wasser<\/li>\n<\/ul>\n<\/li>\n<li>In warmem Wasser mischen und mit Mopp oder Wischer auftragen<\/li>\n<li>An der Luft trocknen lassen<\/li>\n<\/ul>\n<h3>Vorbefeuchtete T\u00fccher<\/h3>\n<ul>\n<li>Verd\u00fcnnung: wie bei der Eimeranwendung (100\u2013300 ml pro 10 L Wasser)<\/li>\n<li>Bis zu 15 T\u00fccher einweichen<\/li>\n<li>Wie normale Reinigungst\u00fccher verwenden<\/li>\n<\/ul>\n<p><strong>Hinweis<\/strong>: Verd\u00fcnntes Produkt innerhalb von 3 Tagen verwenden. Restliche L\u00f6sung \u00fcber den Abfluss entsorgen \u2013 sie reinigt Ihre Rohre auf nat\u00fcrliche Weise weiter.<\/p>\n<h3>Lagerung &amp; Handhabung<\/h3>\n<ul>\n<li>Zwischen 5 \u00b0C und 40 \u00b0C lagern, vor direkter Sonneneinstrahlung sch\u00fctzen<\/li>\n<li>Beh\u00e4lter dicht geschlossen halten<\/li>\n<li>Sicher f\u00fcr alle abwaschbaren Oberfl\u00e4chen und nicht korrosiven Materialien<\/li>\n<\/ul>\n<h3>Inhaltsstoffe<\/h3>\n<p>Gem\u00e4\u00df EU-Richtlinien:<br \/>\n&lt;5 % anionische Tenside, Bacillus Ferment, Phenoxyethanol, Parfum.<br \/>\nEnth\u00e4lt (1,8-Cineol). Kann allergische Reaktionen hervorrufen.<br \/>\nDetaillierte Informationen zu den Inhaltsstoffen finden Sie unter: www.rhinocsport.com<\/p>\n<h3>Sicherheitsinformationen<\/h3>\n<p><strong>P101<\/strong>: Ist \u00e4rztlicher Rat erforderlich, Verpackung oder Kennzeichnungsetikett bereithalten.<br \/>\n<strong>P102<\/strong>: Darf nicht in die H\u00e4nde von Kindern gelangen.<br \/>\nV\u00f6llig ungiftig und biologisch abbaubar.<\/p>\n","protected":false},"excerpt":{"rendered":"<p>PROBIOTISCHE LEISTUNGSREINIGUNG F\u00dcR FITNESSSTUDIOS, CLUBS &amp; SPORTANLAGEN<\/p>\n<p>Leistungsstarke Hygiene, unterst\u00fctzt durch Probiotika \u2013 sicher, effektiv, nachhaltig. Das <strong>RHINOC Sport\u00ae Allzweckreiniger-Konzentrat<\/strong> ist eine professionelle probiotische Reinigungsl\u00f6sung, die f\u00fcr <strong>Fitnessstudios, Clubs und Trainingsumgebungen<\/strong> entwickelt wurde. Seine hochkonzentrierte Formel sorgt f\u00fcr eine tiefe, langanhaltende Sauberkeit auf allen Arten von Sportger\u00e4ten, B\u00f6den, Matten und Oberfl\u00e4chen.<\/p>\n<p>Dank der nat\u00fcrlichen Kraft der Probiotika entfernt es Schwei\u00df, Schmutz und Ger\u00fcche auf <strong>mikroskopischer Ebene<\/strong> und schafft so eine gesunde und sichere Umgebung f\u00fcr Sportler. Die Mikroorganismen wirken <strong>3\u20135 Tage nach der Anwendung<\/strong> weiter und verhindern so die Geruchsbildung und erhalten die Frische \u00fcber einen l\u00e4ngeren Zeitraum.<\/p>\n<p>V\u00f6llig <strong>biologisch abbaubar<\/strong>, <strong>ungiftig<\/strong> und <strong>sicher f\u00fcr Anwender und Materialien<\/strong> ist dieser Reiniger die intelligente Wahl f\u00fcr moderne Sporthygiene.<\/p>\n","protected":false},"featured_media":1733,"comment_status":"open","ping_status":"closed","template":"","meta":{"_acf_changed":false},"product_brand":[],"product_cat":[91,90,89],"product_tag":[],"class_list":{"0":"post-1480","1":"product","2":"type-product","3":"status-publish","4":"has-post-thumbnail","6":"product_cat-allzweckreiniger-konzentrat","7":"product_cat-ausrustung","8":"product_cat-reinigen","10":"first","11":"instock","12":"shipping-taxable","13":"product-type-simple"},"acf":[],"_links":{"self":[{"href":"https:\/\/rhinocsport.com\/de\/wp-json\/wp\/v2\/product\/1480","targetHints":{"allow":["GET"]}}],"collection":[{"href":"https:\/\/rhinocsport.com\/de\/wp-json\/wp\/v2\/product"}],"about":[{"href":"https:\/\/rhinocsport.com\/de\/wp-json\/wp\/v2\/types\/product"}],"replies":[{"embeddable":true,"href":"https:\/\/rhinocsport.com\/de\/wp-json\/wp\/v2\/comments?post=1480"}],"wp:featuredmedia":[{"embeddable":true,"href":"https:\/\/rhinocsport.com\/de\/wp-json\/wp\/v2\/media\/1733"}],"wp:attachment":[{"href":"https:\/\/rhinocsport.com\/de\/wp-json\/wp\/v2\/media?parent=1480"}],"wp:term":[{"taxonomy":"product_brand","embeddable":true,"href":"https:\/\/rhinocsport.com\/de\/wp-json\/wp\/v2\/product_brand?post=1480"},{"taxonomy":"product_cat","embeddable":true,"href":"https:\/\/rhinocsport.com\/de\/wp-json\/wp\/v2\/product_cat?post=1480"},{"taxonomy":"product_tag","embeddable":true,"href":"https:\/\/rhinocsport.com\/de\/wp-json\/wp\/v2\/product_tag?post=1480"}],"curies":[{"name":"wp","href":"https:\/\/api.w.org\/{rel}","templated":true}]}}