{"id":1402,"date":"2025-11-07T13:15:33","date_gmt":"2025-11-07T12:15:33","guid":{"rendered":"https:\/\/rhinocsport.com\/athleten"},"modified":"2026-03-13T11:56:44","modified_gmt":"2026-03-13T10:56:44","slug":"athleten","status":"publish","type":"page","link":"https:\/\/rhinocsport.com\/de\/athleten","title":{"rendered":"Athleten"},"content":{"rendered":"\t\t<div data-elementor-type=\"wp-page\" data-elementor-id=\"1402\" class=\"elementor elementor-1402 elementor-680\" data-elementor-post-type=\"page\">\n\t\t\t\t<div class=\"elementor-element elementor-element-541ded5 e-flex e-con-boxed elementor-invisible e-con e-parent\" data-id=\"541ded5\" data-element_type=\"container\" data-settings=\"{&quot;background_background&quot;:&quot;classic&quot;,&quot;animation&quot;:&quot;fadeIn&quot;}\">\n\t\t\t\t\t<div class=\"e-con-inner\">\n\t\t\t\t<div class=\"elementor-element elementor-element-ac86765 elementor-widget__width-initial elementor-widget elementor-widget-heading\" data-id=\"ac86765\" data-element_type=\"widget\" data-widget_type=\"heading.default\">\n\t\t\t\t\t<h1 class=\"elementor-heading-title elementor-size-default\">Athleten&shy;unter&shy;st\u00fctzung<\/h1>\t\t\t\t<\/div>\n\t\t\t\t<div class=\"elementor-element elementor-element-241bdfd elementor-widget__width-initial elementor-widget elementor-widget-text-editor\" data-id=\"241bdfd\" data-element_type=\"widget\" data-widget_type=\"text-editor.default\">\n\t\t\t\t\t\t\t\t\tDer Weg an die Spitze, gemeinsam..\t\t\t\t\t\t\t\t<\/div>\n\t\t\t\t\t<\/div>\n\t\t\t\t<\/div>\n\t\t<div class=\"elementor-element elementor-element-518b1c5 e-flex e-con-boxed elementor-invisible e-con e-parent\" data-id=\"518b1c5\" data-element_type=\"container\" data-settings=\"{&quot;background_background&quot;:&quot;classic&quot;,&quot;animation&quot;:&quot;fadeIn&quot;}\">\n\t\t\t\t\t<div class=\"e-con-inner\">\n\t\t<div class=\"elementor-element elementor-element-9367eed e-con-full e-flex e-con e-child\" data-id=\"9367eed\" data-element_type=\"container\">\n\t\t\t\t<div class=\"elementor-element elementor-element-7a94517 elementor-widget__width-initial elementor-widget elementor-widget-heading\" data-id=\"7a94517\" data-element_type=\"widget\" data-widget_type=\"heading.default\">\n\t\t\t\t\t<h2 class=\"elementor-heading-title elementor-size-default\">Gemeinsam an die Spitze<\/h2>\t\t\t\t<\/div>\n\t\t\t\t<div class=\"elementor-element elementor-element-181699e elementor-widget elementor-widget-text-editor\" data-id=\"181699e\" data-element_type=\"widget\" data-widget_type=\"text-editor.default\">\n\t\t\t\t\t\t\t\t\t<p>Wie wir auf unserer \u201e\u00dcber uns\u201c-Seite beschreiben, wird RHINOC SPORT von dem starken Wunsch angetrieben, Sport f\u00fcr junge Menschen zug\u00e4nglicher zu machen. Gleichzeitig m\u00f6chten wir Athleten auf ihrem Weg zum Erfolg unterst\u00fctzen und coachen \u2014 ganz wie ein moderner Jerry Maguire \u2014 mit dem ultimativen Ziel, den Moment zu erreichen, in dem Sie sagen k\u00f6nnen: \u201eDu vervollst\u00e4ndigst mich.\u201c<\/p><p>Wir haben bereits 5 % unseres Gesamtumsatzes f\u00fcr zwei wichtige S\u00e4ulen zugesagt: die F\u00f6rderung des Zugangs junger Menschen zum Sport und die St\u00e4rkung von Athleten in ihrer pers\u00f6nlichen und beruflichen Entwicklung.<\/p><p>Hinter den Kulissen arbeiten wir an einigen spannenden neuen Initiativen in diesem Bereich. Auch wenn wir noch nicht alle Details preisgeben k\u00f6nnen, freuen wir uns darauf, Anfang 2026 mehr zu enth\u00fcllen.<\/p><p>In naher Zukunft werden wir auch mehrere Athleten vorstellen, die unsere Mission teilen und eine aktive Rolle in Coaching, Training, Workshops und anderen inspirierenden Aktivit\u00e4ten spielen. Einige von ihnen treten noch auf h\u00f6chstem Niveau an, w\u00e4hrend andere bereits gro\u00dfe Erfolge erzielt haben und nun der n\u00e4chsten Generation etwas zur\u00fcckgeben. Wir k\u00f6nnen es kaum erwarten, mehr zu teilen \u2014 Anfang 2026.<\/p>\t\t\t\t\t\t\t\t<\/div>\n\t\t\t\t<\/div>\n\t\t<div class=\"elementor-element elementor-element-9b10cff e-con-full e-flex e-con e-child\" data-id=\"9b10cff\" data-element_type=\"container\">\n\t\t\t\t<div class=\"elementor-element elementor-element-44d7478 elementor-widget elementor-widget-image\" data-id=\"44d7478\" data-element_type=\"widget\" data-widget_type=\"image.default\">\n\t\t\t\t\t\t\t\t\t\t\t\t\t\t\t<img fetchpriority=\"high\" decoding=\"async\" width=\"1000\" height=\"1000\" src=\"https:\/\/rhinocsport.com\/wp-content\/uploads\/rhinoc-about-us.webp\" class=\"attachment-large size-large wp-image-1382\" alt=\"RHINOC \u00dcber uns\" srcset=\"https:\/\/rhinocsport.com\/wp-content\/uploads\/rhinoc-about-us.webp 1000w, https:\/\/rhinocsport.com\/wp-content\/uploads\/rhinoc-about-us-300x300.webp 300w, https:\/\/rhinocsport.com\/wp-content\/uploads\/rhinoc-about-us-100x100.webp 100w, https:\/\/rhinocsport.com\/wp-content\/uploads\/rhinoc-about-us-600x600.webp 600w, https:\/\/rhinocsport.com\/wp-content\/uploads\/rhinoc-about-us-150x150.webp 150w, https:\/\/rhinocsport.com\/wp-content\/uploads\/rhinoc-about-us-768x768.webp 768w\" sizes=\"(max-width: 1000px) 100vw, 1000px\" \/>\t\t\t\t\t\t\t\t\t\t\t\t\t\t\t<\/div>\n\t\t\t\t<\/div>\n\t\t\t\t\t<\/div>\n\t\t\t\t<\/div>\n\t\t\t\t<\/div>\n\t\t","protected":false},"excerpt":{"rendered":"<p>Athleten&shy;unter&shy;st\u00fctzung Der Weg an die Spitze, gemeinsam.. Gemeinsam an die Spitze Wie wir auf unserer \u201e\u00dcber uns\u201c-Seite beschreiben, wird RHINOC SPORT von dem starken Wunsch angetrieben, Sport f\u00fcr junge Menschen zug\u00e4nglicher zu machen. Gleichzeitig m\u00f6chten wir Athleten auf ihrem Weg zum Erfolg unterst\u00fctzen und coachen \u2014 ganz wie ein moderner Jerry Maguire \u2014 mit dem [&hellip;]<\/p>\n","protected":false},"author":1,"featured_media":0,"parent":0,"menu_order":0,"comment_status":"closed","ping_status":"closed","template":"","meta":{"_acf_changed":false,"footnotes":""},"class_list":["post-1402","page","type-page","status-publish","hentry"],"acf":[],"_links":{"self":[{"href":"https:\/\/rhinocsport.com\/de\/wp-json\/wp\/v2\/pages\/1402","targetHints":{"allow":["GET"]}}],"collection":[{"href":"https:\/\/rhinocsport.com\/de\/wp-json\/wp\/v2\/pages"}],"about":[{"href":"https:\/\/rhinocsport.com\/de\/wp-json\/wp\/v2\/types\/page"}],"author":[{"embeddable":true,"href":"https:\/\/rhinocsport.com\/de\/wp-json\/wp\/v2\/users\/1"}],"replies":[{"embeddable":true,"href":"https:\/\/rhinocsport.com\/de\/wp-json\/wp\/v2\/comments?post=1402"}],"version-history":[{"count":13,"href":"https:\/\/rhinocsport.com\/de\/wp-json\/wp\/v2\/pages\/1402\/revisions"}],"predecessor-version":[{"id":3604,"href":"https:\/\/rhinocsport.com\/de\/wp-json\/wp\/v2\/pages\/1402\/revisions\/3604"}],"wp:attachment":[{"href":"https:\/\/rhinocsport.com\/de\/wp-json\/wp\/v2\/media?parent=1402"}],"curies":[{"name":"wp","href":"https:\/\/api.w.org\/{rel}","templated":true}]}}